{"id":6067,"date":"2025-02-13T10:29:53","date_gmt":"2025-02-13T09:29:53","guid":{"rendered":"https:\/\/www.lesdeuxchevres.com\/?page_id=6067"},"modified":"2025-02-18T13:50:48","modified_gmt":"2025-02-18T12:50:48","slug":"%e9%a6%99%e8%b4%9d%e4%b8%b9","status":"publish","type":"page","link":"https:\/\/www.lesdeuxchevres.com\/zh\/hotel-de-charme-en-bourgogne\/gevrey-chambertin\/","title":{"rendered":"\u70ed\u592b\u96f7-\u9999\u8d1d\u5766"},"content":{"rendered":"<div data-elementor-type=\"wp-page\" data-elementor-id=\"6067\" class=\"elementor elementor-6067\" data-elementor-post-type=\"page\">\n\t\t\t\t<div class=\"elementor-element elementor-element-3b84966 e-con-full e-flex e-con e-parent\" data-id=\"3b84966\" data-element_type=\"container\" data-e-type=\"container\" data-settings=\"{&quot;background_background&quot;:&quot;classic&quot;}\">\n\t\t\t\t<div class=\"elementor-element elementor-element-795fd11 elementor-widget elementor-widget-heading\" data-id=\"795fd11\" data-element_type=\"widget\" data-e-type=\"widget\" data-widget_type=\"heading.default\">\n\t\t\t\t<div class=\"elementor-widget-container\">\n\t\t\t\t\t<span class=\"elementor-heading-title elementor-size-default\"><i>\u70ed\u592b\u96f7-\u9999\u8d1d\u5766<\/i><\/span>\t\t\t\t<\/div>\n\t\t\t\t<\/div>\n\t\t\t\t<\/div>\n\t\t<div class=\"elementor-element elementor-element-1352f5e e-con-full e-flex e-con e-parent\" data-id=\"1352f5e\" data-element_type=\"container\" data-e-type=\"container\">\n\t\t<div class=\"elementor-element elementor-element-82b19ae e-con-full e-flex e-con e-child\" data-id=\"82b19ae\" data-element_type=\"container\" data-e-type=\"container\" data-settings=\"{&quot;background_background&quot;:&quot;classic&quot;}\">\n\t\t<div class=\"elementor-element elementor-element-005ee92 e-con-full e-flex e-con e-child\" data-id=\"005ee92\" data-element_type=\"container\" data-e-type=\"container\" data-settings=\"{&quot;background_background&quot;:&quot;classic&quot;}\">\n\t\t\t\t<div class=\"elementor-element elementor-element-2191a74 elementor-widget elementor-widget-image\" data-id=\"2191a74\" data-element_type=\"widget\" data-e-type=\"widget\" data-widget_type=\"image.default\">\n\t\t\t\t<div class=\"elementor-widget-container\">\n\t\t\t\t\t\t\t\t\t\t\t\t\t\t\t<img fetchpriority=\"high\" decoding=\"async\" width=\"800\" height=\"450\" src=\"https:\/\/www.lesdeuxchevres.com\/wp-content\/uploads\/2025\/02\/CHARTE-WEB-LES-DEUX-CHEVRES-22-1024x576.png\" class=\"attachment-large size-large wp-image-5001\" alt=\"\" srcset=\"https:\/\/www.lesdeuxchevres.com\/wp-content\/uploads\/2025\/02\/CHARTE-WEB-LES-DEUX-CHEVRES-22-1024x576.png 1024w, https:\/\/www.lesdeuxchevres.com\/wp-content\/uploads\/2025\/02\/CHARTE-WEB-LES-DEUX-CHEVRES-22-300x169.png 300w, https:\/\/www.lesdeuxchevres.com\/wp-content\/uploads\/2025\/02\/CHARTE-WEB-LES-DEUX-CHEVRES-22-768x432.png 768w, https:\/\/www.lesdeuxchevres.com\/wp-content\/uploads\/2025\/02\/CHARTE-WEB-LES-DEUX-CHEVRES-22-18x10.png 18w, https:\/\/www.lesdeuxchevres.com\/wp-content\/uploads\/2025\/02\/CHARTE-WEB-LES-DEUX-CHEVRES-22.png 1366w\" sizes=\"(max-width: 800px) 100vw, 800px\" title=\"\">\t\t\t\t\t\t\t\t\t\t\t\t\t\t\t<\/div>\n\t\t\t\t<\/div>\n\t\t\t\t<div class=\"elementor-element elementor-element-dcba53f elementor-widget elementor-widget-heading\" data-id=\"dcba53f\" data-element_type=\"widget\" data-e-type=\"widget\" data-widget_type=\"heading.default\">\n\t\t\t\t<div class=\"elementor-widget-container\">\n\t\t\t\t\t<h2 class=\"elementor-heading-title elementor-size-default\">\u70ed\u592b\u96f7-\u9999\u8d1d\u5766 \uff1a <br>\n<i>\u5927\u5341\u5b57\u8def\u53e3\u7684\u5a01\u4e25<\/i><\/h2>\t\t\t\t<\/div>\n\t\t\t\t<\/div>\n\t\t\t\t<div class=\"elementor-element elementor-element-50239f5 elementor-widget-divider--view-line_icon elementor-view-default elementor-widget-divider--element-align-center elementor-widget elementor-widget-global elementor-global-364 elementor-widget-divider\" data-id=\"50239f5\" data-element_type=\"widget\" data-e-type=\"widget\" data-widget_type=\"divider.default\">\n\t\t\t\t<div class=\"elementor-widget-container\">\n\t\t\t\t\t\t\t<div class=\"elementor-divider\">\n\t\t\t<span class=\"elementor-divider-separator\">\n\t\t\t\t\t\t\t<div class=\"elementor-icon elementor-divider__element\">\n\t\t\t\t\t<i aria-hidden=\"true\" class=\"fas fa-dot-circle\"><\/i><\/div>\n\t\t\t\t\t\t<\/span>\n\t\t<\/div>\n\t\t\t\t\t\t<\/div>\n\t\t\t\t<\/div>\n\t\t\t\t<div class=\"elementor-element elementor-element-19f39f2 elementor-widget elementor-widget-text-editor\" data-id=\"19f39f2\" data-element_type=\"widget\" data-e-type=\"widget\" data-widget_type=\"text-editor.default\">\n\t\t\t\t<div class=\"elementor-widget-container\">\n\t\t\t\t\t\t\t\t\t<p>\u6770\u5f17\u745e-\u9999\u8d1d\u4e39\uff08Gevrey-Chambertin\uff09\u4f4d\u4e8e\u5c3c\u4f9d\u6cb3\u8c37\uff08C\u00f4te de Nuits\uff09\u7684\u4e2d\u5fc3\u5730\u5e26\uff0c\u5b83\u4e0d\u4ec5\u4ec5\u662f\u4e00\u4e2a\u6751\u5e84\uff0c\u66f4\u662f\u4e00\u4e2a\u65f6\u95f4\u6682\u505c\u7684\u5723\u5730\uff0c\u4e00\u4e2a\u4f53\u73b0\u4e86\u52c3\u826e\u7b2c\u7cbe\u9ad3\u7684\u4f20\u5947\u4e4b\u5730\u3002\u5728\u8fd9\u91cc\uff0c\u6bcf\u4e00\u682a\u8461\u8404\u6811\u90fd\u5728\u8bc9\u8bf4\u7740\u4e00\u4e2a\u53ef\u4ee5\u8ffd\u6eaf\u5230\u51e0\u4e2a\u4e16\u7eaa\u524d\u7684\u6545\u4e8b\uff0c\u5728\u8fd9\u4e2a\u6545\u4e8b\u4e2d\uff0c\u4eba\u4e0e\u81ea\u7136\u5b8c\u7f8e\u548c\u8c10\uff0c\u5171\u540c\u917f\u9020\u51fa\u8d85\u8d8a\u54c1\u5473\u548c\u65f6\u95f4\u754c\u9650\u7684\u8461\u8404\u9152\u3002<\/p>\t\t\t\t\t\t\t\t<\/div>\n\t\t\t\t<\/div>\n\t\t\t\t<\/div>\n\t\t\t\t<\/div>\n\t\t<div class=\"elementor-element elementor-element-6a7ab04 e-flex e-con-boxed e-con e-child\" data-id=\"6a7ab04\" data-element_type=\"container\" data-e-type=\"container\" data-settings=\"{&quot;background_background&quot;:&quot;classic&quot;}\">\n\t\t\t\t\t<div class=\"e-con-inner\">\n\t\t<div class=\"elementor-element elementor-element-d926ed5 e-con-full e-flex e-con e-child\" data-id=\"d926ed5\" data-element_type=\"container\" data-e-type=\"container\" data-settings=\"{&quot;background_background&quot;:&quot;classic&quot;}\">\n\t\t\t\t<\/div>\n\t\t<div class=\"elementor-element elementor-element-f497148 e-con-full e-flex e-con e-child\" data-id=\"f497148\" data-element_type=\"container\" data-e-type=\"container\" data-settings=\"{&quot;background_background&quot;:&quot;classic&quot;}\">\n\t\t\t\t<div class=\"elementor-element elementor-element-e83ae98 elementor-widget elementor-widget-heading\" data-id=\"e83ae98\" data-element_type=\"widget\" data-e-type=\"widget\" data-widget_type=\"heading.default\">\n\t\t\t\t<div class=\"elementor-widget-container\">\n\t\t\t\t\t<h2 class=\"elementor-heading-title elementor-size-default\"><i>\u9ed1\u76ae\u8bfa \uff1a\n\u8461\u8404\u9152\u4e4b\u738b<\/i><\/h2>\t\t\t\t<\/div>\n\t\t\t\t<\/div>\n\t\t\t\t<div class=\"elementor-element elementor-element-662e22f elementor-widget elementor-widget-text-editor\" data-id=\"662e22f\" data-element_type=\"widget\" data-e-type=\"widget\" data-widget_type=\"text-editor.default\">\n\t\t\t\t<div class=\"elementor-widget-container\">\n\t\t\t\t\t\t\t\t\t<p>\u6770\u5f17\u745e-\u9999\u8d1d\u5766\uff08Gevrey-Chambertin\uff09\u88ab\u8a89\u4e3a \"\u8461\u8404\u9152\u4e4b\u738b\u548c\u738b\u8005\u4e4b\u9152\"\uff0c\u662f\u6807\u5fd7\u6027\u7279\u7ea7\u8461\u8404\u56ed\u7684\u53d1\u6e90\u5730\uff0c\u53d7\u5230\u5f00\u660e\u7684\u9274\u8d4f\u5bb6\u548c\u6700\u6311\u5254\u7684\u5473\u89c9\u7684\u9752\u7750\u3002\u88ab\u8054\u5408\u56fd\u6559\u79d1\u6587\u7ec4\u7ec7\u5217\u4e3a\u4e16\u754c\u9057\u4ea7\u7684 Climats \u5f62\u6210\u4e86\u4e00\u4e2a\u540d\u526f\u5176\u5b9e\u7684\u81ea\u7136\u73af\u5883\uff0c\u5728\u91d1\u8272\u67d4\u548c\u5149\u7ebf\u7684\u6c90\u6d74\u4e0b\uff0c\u6bcf\u4e2a\u5c71\u5761\u90fd\u7ec6\u817b\u5730\u5c55\u73b0\u51fa\u9ed1\u6bd4\u8bfa\u8461\u8404\u7684\u529b\u91cf\u548c\u4f18\u96c5\u3002<\/p>\t\t\t\t\t\t\t\t<\/div>\n\t\t\t\t<\/div>\n\t\t\t\t<\/div>\n\t\t\t\t\t<\/div>\n\t\t\t\t<\/div>\n\t\t\t\t<\/div>\n\t\t<div class=\"elementor-element elementor-element-e7c7a27 e-con-full e-flex e-con e-parent\" data-id=\"e7c7a27\" data-element_type=\"container\" data-e-type=\"container\" data-settings=\"{&quot;background_background&quot;:&quot;classic&quot;}\">\n\t\t<div class=\"elementor-element elementor-element-aef63de e-con-full e-flex e-con e-child\" data-id=\"aef63de\" data-element_type=\"container\" data-e-type=\"container\">\n\t\t<div class=\"elementor-element elementor-element-a6c72bd e-con-full e-flex e-con e-child\" data-id=\"a6c72bd\" data-element_type=\"container\" data-e-type=\"container\">\n\t\t\t\t<div class=\"elementor-element elementor-element-bdd8a6d elementor-widget elementor-widget-image\" data-id=\"bdd8a6d\" data-element_type=\"widget\" data-e-type=\"widget\" data-widget_type=\"image.default\">\n\t\t\t\t<div class=\"elementor-widget-container\">\n\t\t\t\t\t\t\t\t\t\t\t\t\t\t\t<img decoding=\"async\" width=\"800\" height=\"450\" src=\"https:\/\/www.lesdeuxchevres.com\/wp-content\/uploads\/2025\/01\/CHARTE-WEB-LES-DEUX-CHEVRES-4-1024x576.png\" class=\"attachment-large size-large wp-image-4278\" alt=\"\" srcset=\"https:\/\/www.lesdeuxchevres.com\/wp-content\/uploads\/2025\/01\/CHARTE-WEB-LES-DEUX-CHEVRES-4-1024x576.png 1024w, https:\/\/www.lesdeuxchevres.com\/wp-content\/uploads\/2025\/01\/CHARTE-WEB-LES-DEUX-CHEVRES-4-300x169.png 300w, https:\/\/www.lesdeuxchevres.com\/wp-content\/uploads\/2025\/01\/CHARTE-WEB-LES-DEUX-CHEVRES-4-768x432.png 768w, https:\/\/www.lesdeuxchevres.com\/wp-content\/uploads\/2025\/01\/CHARTE-WEB-LES-DEUX-CHEVRES-4-1536x863.png 1536w, https:\/\/www.lesdeuxchevres.com\/wp-content\/uploads\/2025\/01\/CHARTE-WEB-LES-DEUX-CHEVRES-4-18x10.png 18w, https:\/\/www.lesdeuxchevres.com\/wp-content\/uploads\/2025\/01\/CHARTE-WEB-LES-DEUX-CHEVRES-4.png 1708w\" sizes=\"(max-width: 800px) 100vw, 800px\" title=\"\">\t\t\t\t\t\t\t\t\t\t\t\t\t\t\t<\/div>\n\t\t\t\t<\/div>\n\t\t\t\t<div class=\"elementor-element elementor-element-972c180 elementor-widget elementor-widget-heading\" data-id=\"972c180\" data-element_type=\"widget\" data-e-type=\"widget\" data-widget_type=\"heading.default\">\n\t\t\t\t<div class=\"elementor-widget-container\">\n\t\t\t\t\t<h3 class=\"elementor-heading-title elementor-size-default\"><i>\u52c3\u826e\u7b2c\u4eba\u7684\u751f\u6d3b\u827a\u672f<\/i><\/h3>\t\t\t\t<\/div>\n\t\t\t\t<\/div>\n\t\t\t\t<div class=\"elementor-element elementor-element-6ca7f88 elementor-widget elementor-widget-text-editor\" data-id=\"6ca7f88\" data-element_type=\"widget\" data-e-type=\"widget\" data-widget_type=\"text-editor.default\">\n\t\t\t\t<div class=\"elementor-widget-container\">\n\t\t\t\t\t\t\t\t\t<p>\u7136\u800c\uff0c\u6770\u5f17\u745e-\u9999\u8d1d\u5766\u4e5f\u662f\u63a2\u7d22\u52c3\u826e\u7b2c\u751f\u6d3b\u827a\u672f\u7684\u9080\u8bf7\u51fd\u3002\u62f1\u5f62\u7684\u9152\u7a96\u3001\u767e\u5e74\u7684\u5e84\u56ed\u548c\u70ed\u60c5\u7684\u5c45\u6c11\uff0c\u8ba9\u4eba\u8eab\u4e34\u5176\u5883\u5730\u611f\u53d7\u5230\u8461\u8404\u9152\u917f\u9020\u6280\u827a\u88ab\u63d0\u5347\u5230\u4e86\u827a\u672f\u7684\u9ad8\u5ea6\u3002<\/p>\n<p><br><\/p><p>\u54c1\u5c1d\u7279\u7ea7\u8461\u8404\u9152\uff0c\u6f2b\u6b65\u5728\u5b81\u9759\u7684\u98ce\u666f\u4e2d\uff0c\u6c89\u6d78\u5728\u6253\u9020\u4e16\u754c\u9876\u7ea7\u9910\u5385\u7684\u5386\u53f2\u4e2d\u3002<\/p>\n<p><br><\/p><p>\u5728\u6770\u5f17\u745e-\u9999\u8d1d\u4e39\uff08Gevrey-Chambertin\uff09\uff0c\u6bcf\u4e00\u4f4d\u6e38\u5ba2\u90fd\u6709\u5e78\u6210\u4e3a\u52c3\u826e\u7b2c\u6c38\u6052\u5353\u8d8a\u7684\u89c1\u8bc1\u8005\u3002\u5728\u8fd9\u91cc\uff0c\u65c5\u884c\u4e0d\u4ec5\u4ec5\u662f\u4e00\u6b21\u900d\u9065\u6e38\uff0c\u66f4\u662f\u4e00\u6b21\u4e0e\u8fd9\u7247\u4f20\u7edf\u3001\u58f0\u671b\u548c\u6fc0\u60c5\u5171\u9e23\u7684\u571f\u5730\u7684\u4ea4\u6d41\u3002<\/p>\t\t\t\t\t\t\t\t<\/div>\n\t\t\t\t<\/div>\n\t\t\t\t<\/div>\n\t\t<div class=\"elementor-element elementor-element-f632441 e-con-full e-flex e-con e-child\" data-id=\"f632441\" data-element_type=\"container\" data-e-type=\"container\">\n\t\t\t\t<div class=\"elementor-element elementor-element-191d0b0 elementor-widget-tablet__width-inherit elementor-widget elementor-widget-image\" data-id=\"191d0b0\" data-element_type=\"widget\" data-e-type=\"widget\" data-widget_type=\"image.default\">\n\t\t\t\t<div class=\"elementor-widget-container\">\n\t\t\t\t\t\t\t\t\t\t\t\t\t\t\t<img decoding=\"async\" width=\"683\" height=\"1024\" src=\"https:\/\/www.lesdeuxchevres.com\/wp-content\/uploads\/2025\/02\/marcel-gross-marcelgross-ch-sHTwDYKti6Q-unsplash-683x1024.jpg\" class=\"attachment-large size-large wp-image-4989\" alt=\"\" srcset=\"https:\/\/www.lesdeuxchevres.com\/wp-content\/uploads\/2025\/02\/marcel-gross-marcelgross-ch-sHTwDYKti6Q-unsplash-683x1024.jpg 683w, https:\/\/www.lesdeuxchevres.com\/wp-content\/uploads\/2025\/02\/marcel-gross-marcelgross-ch-sHTwDYKti6Q-unsplash-200x300.jpg 200w, https:\/\/www.lesdeuxchevres.com\/wp-content\/uploads\/2025\/02\/marcel-gross-marcelgross-ch-sHTwDYKti6Q-unsplash-768x1151.jpg 768w, https:\/\/www.lesdeuxchevres.com\/wp-content\/uploads\/2025\/02\/marcel-gross-marcelgross-ch-sHTwDYKti6Q-unsplash-1025x1536.jpg 1025w, https:\/\/www.lesdeuxchevres.com\/wp-content\/uploads\/2025\/02\/marcel-gross-marcelgross-ch-sHTwDYKti6Q-unsplash-1367x2048.jpg 1367w, https:\/\/www.lesdeuxchevres.com\/wp-content\/uploads\/2025\/02\/marcel-gross-marcelgross-ch-sHTwDYKti6Q-unsplash-8x12.jpg 8w, https:\/\/www.lesdeuxchevres.com\/wp-content\/uploads\/2025\/02\/marcel-gross-marcelgross-ch-sHTwDYKti6Q-unsplash-scaled.jpg 1709w\" sizes=\"(max-width: 683px) 100vw, 683px\" title=\"\">\t\t\t\t\t\t\t\t\t\t\t\t\t\t\t<\/div>\n\t\t\t\t<\/div>\n\t\t\t\t<\/div>\n\t\t\t\t<\/div>\n\t\t\t\t<\/div>\n\t\t<div class=\"elementor-element elementor-element-7e8cb63 e-con-full e-flex e-con e-parent\" data-id=\"7e8cb63\" data-element_type=\"container\" data-e-type=\"container\" data-settings=\"{&quot;background_background&quot;:&quot;classic&quot;}\">\n\t\t<div class=\"elementor-element elementor-element-9ead473 e-con-full e-flex e-con e-child\" data-id=\"9ead473\" data-element_type=\"container\" data-e-type=\"container\" data-settings=\"{&quot;background_background&quot;:&quot;classic&quot;}\">\n\t\t\t\t<\/div>\n\t\t<div class=\"elementor-element elementor-element-f388982 e-con-full e-flex e-con e-child\" data-id=\"f388982\" data-element_type=\"container\" data-e-type=\"container\">\n\t\t<div class=\"elementor-element elementor-element-20f9a69 e-flex e-con-boxed e-con e-child\" data-id=\"20f9a69\" data-element_type=\"container\" data-e-type=\"container\" data-settings=\"{&quot;background_background&quot;:&quot;classic&quot;}\">\n\t\t\t\t\t<div class=\"e-con-inner\">\n\t\t\t\t<div class=\"elementor-element elementor-element-af3bb6f elementor-widget elementor-widget-heading\" data-id=\"af3bb6f\" data-element_type=\"widget\" data-e-type=\"widget\" data-widget_type=\"heading.default\">\n\t\t\t\t<div class=\"elementor-widget-container\">\n\t\t\t\t\t<h2 class=\"elementor-heading-title elementor-size-default\"><i>\u70ed\u592b\u96f7-\u9999\u8d1d\u5766\u4e5d\u5927\u540d\u5e84<\/i><\/h2>\t\t\t\t<\/div>\n\t\t\t\t<\/div>\n\t\t\t\t<div class=\"elementor-element elementor-element-645ce5d elementor-widget elementor-widget-text-editor\" data-id=\"645ce5d\" data-element_type=\"widget\" data-e-type=\"widget\" data-widget_type=\"text-editor.default\">\n\t\t\t\t<div class=\"elementor-widget-container\">\n\t\t\t\t\t\t\t\t\t<p>\u6770\u5f17\u745e-\u9999\u8d1d\u4e39\uff08Gevrey-Chambertin\uff09\u662f\u4e5d\u4e2a\u7279\u7ea7\u8461\u8404\u56ed\u7684\u6240\u5728\u5730\uff0c\u6bcf\u4e2a\u7279\u7ea7\u8461\u8404\u56ed\u90fd\u6709\u81ea\u5df1\u72ec\u7279\u7684\u4e2a\u6027\uff0c\u7531\u4eba\u7c7b\u3001\u6570\u767e\u5e74\u7684\u8461\u8404\u683d\u57f9\u548c\u7279\u6b8a\u7684\u571f\u58e4\u5171\u540c\u5851\u9020\u800c\u6210\uff1a<\/p><p>\u00a0<\/p><ol><li><strong>\u9999\u8d1d\u4e39<\/strong> \u52c3\u826e\u7b2c\u7684\u7470\u5b9d\uff0c\u5f3a\u52b2\u800c\u7cbe\u81f4\u3002<\/li><li><strong>\u9999\u8d1d\u4e39-\u514b\u6d1b\u65af-\u5fb7\u8d1d\u5179\uff08Chambertin-Clos de B\u00e8ze<\/strong> \u8be5\u5730\u533a\u6700\u53e4\u8001\u7684\u57ce\u5821\u4e4b\u4e00\uff0c\u53ef\u8ffd\u6eaf\u5230 7 \u4e16\u7eaa\u3002<\/li><li><strong>\u9a6c\u9f50\u65af-\u9999\u8d1d\u5766<\/strong> \u5b83\u6d53\u90c1\u800c\u751f\u52a8\uff0c\u5c06\u5438\u5f15\u590d\u6742\u8461\u8404\u9152\u7684\u7231\u597d\u8005\u3002<\/li><li><strong>\u9c81\u8096\u7279-\u9999\u8d1d\u5766<\/strong> \u7ec6\u817b\u4f18\u96c5\uff0c\u7ed3\u6784\u7cbe\u81f4\u3002<\/li><li><strong>\u9a6c\u4f50\u8036\u5c14-\u9999\u8d1d\u5766<\/strong> \u5706\u6da6\u800c\u6df1\u9083\uff0c\u9b45\u529b\u5341\u8db3\u3002<\/li><li><strong>\u683c\u91cc\u5965\u7279-\u9999\u8d1d\u5766<\/strong> \u8fd9\u662f\u4e00\u6b3e\u96be\u5f97\u4e00\u89c1\u7684\u7cbe\u81f4\u8461\u8404\u9152\uff0c\u6563\u53d1\u7740\u7ec6\u817b\u7684\u679c\u9999\u3002<\/li><li><strong>\u590f\u7f8e-\u9999\u8d1d\u4e39<\/strong> \u7ec6\u817b\u67d4\u6ed1\uff0c\u662f\u4e00\u6b3e\u6781\u5177\u611f\u5b98\u4eab\u53d7\u7684\u8461\u8404\u9152\u3002<\/li><li><strong>\u62c9\u7279\u91cc\u590f\u5c14-\u9999\u8d1d\u5766<\/strong> \u77ff\u7269\u5473\u6d53\u90c1\uff0c\u53e3\u611f\u7cbe\u51c6\uff0c\u4f59\u5473\u60a0\u957f\u3002<\/li><li><strong>\u590f\u8d1d\u5c14-\u9999\u8d1d\u4e39<\/strong> \u5b83\u4e30\u5bcc\u800c\u5747\u8861\uff0c\u4ee3\u8868\u7740\u98ce\u571f\u7684\u5b8c\u7f8e\u548c\u8c10\u3002<\/li><\/ol>\t\t\t\t\t\t\t\t<\/div>\n\t\t\t\t<\/div>\n\t\t\t\t\t<\/div>\n\t\t\t\t<\/div>\n\t\t\t\t<\/div>\n\t\t\t\t<\/div>\n\t\t<div class=\"elementor-element elementor-element-bada7ad e-con-full e-flex e-con e-parent\" data-id=\"bada7ad\" data-element_type=\"container\" data-e-type=\"container\" data-settings=\"{&quot;background_background&quot;:&quot;classic&quot;}\">\n\t\t<div class=\"elementor-element elementor-element-f17b93f e-con-full e-flex e-con e-child\" data-id=\"f17b93f\" data-element_type=\"container\" data-e-type=\"container\">\n\t\t<div class=\"elementor-element elementor-element-7cb2d66 e-flex e-con-boxed e-con e-child\" data-id=\"7cb2d66\" data-element_type=\"container\" data-e-type=\"container\" data-settings=\"{&quot;background_background&quot;:&quot;classic&quot;}\">\n\t\t\t\t\t<div class=\"e-con-inner\">\n\t\t\t\t<div class=\"elementor-element elementor-element-18be6f2 elementor-widget elementor-widget-heading\" data-id=\"18be6f2\" data-element_type=\"widget\" data-e-type=\"widget\" data-widget_type=\"heading.default\">\n\t\t\t\t<div class=\"elementor-widget-container\">\n\t\t\t\t\t<h2 class=\"elementor-heading-title elementor-size-default\"><i>\u72ec\u7279\u7684\u98ce\u571f<\/i><\/h2>\t\t\t\t<\/div>\n\t\t\t\t<\/div>\n\t\t\t\t<div class=\"elementor-element elementor-element-d5c0216 elementor-widget-mobile__width-initial elementor-widget elementor-widget-text-editor\" data-id=\"d5c0216\" data-element_type=\"widget\" data-e-type=\"widget\" data-widget_type=\"text-editor.default\">\n\t\t\t\t<div class=\"elementor-widget-container\">\n\t\t\t\t\t\t\t\t\t<p>Gevrey-Chambertin \u7684\u571f\u58e4\u7531\u77f3\u7070\u77f3\u548c\u7c98\u571f\u7ec4\u6210\uff0c\u52a0\u4e0a\u7406\u60f3\u7684\u66dd\u6652\u6761\u4ef6\u548c\u6709\u5229\u7684\u5fae\u6c14\u5019\uff0c\u4e3a\u9ed1\u76ae\u8bfa\u7684\u751f\u957f\u521b\u9020\u4e86\u5b8c\u7f8e\u7684\u6761\u4ef6\u3002\u8fd9\u4e9b\u571f\u58e4\u7ecf\u8fc7\u51e0\u4ee3\u917f\u9152\u5e08\u7684\u70ed\u60c5\u8015\u8018\uff0c\u917f\u9020\u51fa\u5f3a\u52b2\u3001\u590d\u6742\u3001\u65e0\u4e0e\u4f26\u6bd4\u7684\u4f18\u8d28\u8461\u8404\u9152\u3002<\/p>\t\t\t\t\t\t\t\t<\/div>\n\t\t\t\t<\/div>\n\t\t\t\t<div class=\"elementor-element elementor-element-ea2eda4 elementor-align-left elementor-widget elementor-widget-button\" data-id=\"ea2eda4\" data-element_type=\"widget\" data-e-type=\"widget\" data-widget_type=\"button.default\">\n\t\t\t\t<div class=\"elementor-widget-container\">\n\t\t\t\t\t\t\t\t\t<div class=\"elementor-button-wrapper\">\n\t\t\t\t\t<a class=\"elementor-button elementor-button-link elementor-size-sm\" href=\"https:\/\/www.lesdeuxchevres.com\/zh\/hotel-de-charme-en-bourgogne\/climat-bourgogne\/\">\n\t\t\t\t\t\t<span class=\"elementor-button-content-wrapper\">\n\t\t\t\t\t\t\t\t\t<span class=\"elementor-button-text\">\u63a2\u7d22\u52c3\u826e\u7b2c\u7684\u6c14\u5019<\/span>\n\t\t\t\t\t<\/span>\n\t\t\t\t\t<\/a>\n\t\t\t\t<\/div>\n\t\t\t\t\t\t\t\t<\/div>\n\t\t\t\t<\/div>\n\t\t\t\t\t<\/div>\n\t\t\t\t<\/div>\n\t\t\t\t<\/div>\n\t\t<div class=\"elementor-element elementor-element-a60e5f3 e-con-full e-flex e-con e-child\" data-id=\"a60e5f3\" data-element_type=\"container\" data-e-type=\"container\" data-settings=\"{&quot;background_background&quot;:&quot;classic&quot;}\">\n\t\t\t\t<\/div>\n\t\t\t\t<\/div>\n\t\t\t\t<\/div>","protected":false},"excerpt":{"rendered":"<p>Gevrey-Chambertin Gevrey-Chambertin : la majest\u00e9 des grands crus Nich\u00e9 au c\u0153ur de la C\u00f4te de Nuits, Gevrey-Chambertin est bien plus qu\u2019un village\u202f: c\u2019est un sanctuaire o\u00f9 le temps semble suspendu, une terre l\u00e9gendaire qui incarne l\u2019essence m\u00eame de la Bourgogne. Ici, chaque parcelle de vigne raconte une histoire vieille de plusieurs si\u00e8cles, une histoire o\u00f9 [&hellip;]<\/p>\n","protected":false},"author":7,"featured_media":0,"parent":65,"menu_order":0,"comment_status":"closed","ping_status":"closed","template":"","meta":{"_acf_changed":false,"inline_featured_image":false,"footnotes":""},"class_list":["post-6067","page","type-page","status-publish","hentry"],"acf":[],"_links":{"self":[{"href":"https:\/\/www.lesdeuxchevres.com\/zh\/wp-json\/wp\/v2\/pages\/6067","targetHints":{"allow":["GET"]}}],"collection":[{"href":"https:\/\/www.lesdeuxchevres.com\/zh\/wp-json\/wp\/v2\/pages"}],"about":[{"href":"https:\/\/www.lesdeuxchevres.com\/zh\/wp-json\/wp\/v2\/types\/page"}],"author":[{"embeddable":true,"href":"https:\/\/www.lesdeuxchevres.com\/zh\/wp-json\/wp\/v2\/users\/7"}],"replies":[{"embeddable":true,"href":"https:\/\/www.lesdeuxchevres.com\/zh\/wp-json\/wp\/v2\/comments?post=6067"}],"version-history":[{"count":10,"href":"https:\/\/www.lesdeuxchevres.com\/zh\/wp-json\/wp\/v2\/pages\/6067\/revisions"}],"predecessor-version":[{"id":6494,"href":"https:\/\/www.lesdeuxchevres.com\/zh\/wp-json\/wp\/v2\/pages\/6067\/revisions\/6494"}],"up":[{"embeddable":true,"href":"https:\/\/www.lesdeuxchevres.com\/zh\/wp-json\/wp\/v2\/pages\/65"}],"wp:attachment":[{"href":"https:\/\/www.lesdeuxchevres.com\/zh\/wp-json\/wp\/v2\/media?parent=6067"}],"curies":[{"name":"wp","href":"https:\/\/api.w.org\/{rel}","templated":true}]}}