{"id":3886,"date":"2025-01-15T18:43:18","date_gmt":"2025-01-15T17:43:18","guid":{"rendered":"https:\/\/www.lesdeuxchevres.com\/?page_id=3886"},"modified":"2025-02-26T13:54:57","modified_gmt":"2025-02-26T12:54:57","slug":"%e5%8b%83%e8%89%ae%e7%ac%ac%e6%b0%94%e5%80%99","status":"publish","type":"page","link":"https:\/\/www.lesdeuxchevres.com\/zh\/hotel-de-charme-en-bourgogne\/climat-bourgogne\/","title":{"rendered":"\u52c3\u826e\u7b2c\u7684\u6c14\u5019"},"content":{"rendered":"<div data-elementor-type=\"wp-page\" data-elementor-id=\"3886\" class=\"elementor elementor-3886\" data-elementor-post-type=\"page\">\n\t\t\t\t<div class=\"elementor-element elementor-element-5152dd76 e-con-full e-flex e-con e-parent\" data-id=\"5152dd76\" data-element_type=\"container\" data-e-type=\"container\" id=\"top\" data-settings=\"{&quot;background_background&quot;:&quot;classic&quot;}\">\n\t\t\t\t<div class=\"elementor-element elementor-element-337d6633 elementor-widget elementor-widget-heading\" data-id=\"337d6633\" data-element_type=\"widget\" data-e-type=\"widget\" data-widget_type=\"heading.default\">\n\t\t\t\t<div class=\"elementor-widget-container\">\n\t\t\t\t\t<span class=\"elementor-heading-title elementor-size-default\"><i>\u52c3\u826e\u7b2c\u7684\u6c14\u5019<\/i><\/span>\t\t\t\t<\/div>\n\t\t\t\t<\/div>\n\t\t\t\t<\/div>\n\t\t<div class=\"elementor-element elementor-element-b365eb4 e-flex e-con-boxed e-con e-parent\" data-id=\"b365eb4\" data-element_type=\"container\" data-e-type=\"container\" data-settings=\"{&quot;background_background&quot;:&quot;classic&quot;}\">\n\t\t\t\t\t<div class=\"e-con-inner\">\n\t\t\t\t<div class=\"elementor-element elementor-element-abe19e8 elementor-widget elementor-widget-image\" data-id=\"abe19e8\" data-element_type=\"widget\" data-e-type=\"widget\" data-widget_type=\"image.default\">\n\t\t\t\t<div class=\"elementor-widget-container\">\n\t\t\t\t\t\t\t\t\t\t\t\t\t\t\t<img fetchpriority=\"high\" decoding=\"async\" width=\"800\" height=\"450\" src=\"https:\/\/www.lesdeuxchevres.com\/wp-content\/uploads\/2025\/01\/CHARTE-WEB-LES-DEUX-CHEVRES-6-1024x576.png\" class=\"attachment-large size-large wp-image-4279\" alt=\"\" srcset=\"https:\/\/www.lesdeuxchevres.com\/wp-content\/uploads\/2025\/01\/CHARTE-WEB-LES-DEUX-CHEVRES-6-1024x576.png 1024w, https:\/\/www.lesdeuxchevres.com\/wp-content\/uploads\/2025\/01\/CHARTE-WEB-LES-DEUX-CHEVRES-6-300x169.png 300w, https:\/\/www.lesdeuxchevres.com\/wp-content\/uploads\/2025\/01\/CHARTE-WEB-LES-DEUX-CHEVRES-6-768x432.png 768w, https:\/\/www.lesdeuxchevres.com\/wp-content\/uploads\/2025\/01\/CHARTE-WEB-LES-DEUX-CHEVRES-6-18x10.png 18w, https:\/\/www.lesdeuxchevres.com\/wp-content\/uploads\/2025\/01\/CHARTE-WEB-LES-DEUX-CHEVRES-6.png 1366w\" sizes=\"(max-width: 800px) 100vw, 800px\" title=\"\">\t\t\t\t\t\t\t\t\t\t\t\t\t\t\t<\/div>\n\t\t\t\t<\/div>\n\t\t\t\t<div class=\"elementor-element elementor-element-ee0e7fe elementor-widget elementor-widget-heading\" data-id=\"ee0e7fe\" data-element_type=\"widget\" data-e-type=\"widget\" data-widget_type=\"heading.default\">\n\t\t\t\t<div class=\"elementor-widget-container\">\n\t\t\t\t\t<h2 class=\"elementor-heading-title elementor-size-default\">\u52c3\u826e\u7b2c\u7684\u6c14\u5019 \uff1a <br><i>\u8054\u5408\u56fd\u6559\u79d1\u6587\u7ec4\u7ec7\u4e16\u754c\u9057\u4ea7<\/i>\n\n<\/h2>\t\t\t\t<\/div>\n\t\t\t\t<\/div>\n\t\t\t\t<div class=\"elementor-element elementor-element-ce34d51 elementor-widget-divider--view-line_icon elementor-view-default elementor-widget-divider--element-align-center elementor-widget elementor-widget-global elementor-global-364 elementor-widget-divider\" data-id=\"ce34d51\" data-element_type=\"widget\" data-e-type=\"widget\" data-widget_type=\"divider.default\">\n\t\t\t\t<div class=\"elementor-widget-container\">\n\t\t\t\t\t\t\t<div class=\"elementor-divider\">\n\t\t\t<span class=\"elementor-divider-separator\">\n\t\t\t\t\t\t\t<div class=\"elementor-icon elementor-divider__element\">\n\t\t\t\t\t<i aria-hidden=\"true\" class=\"fas fa-dot-circle\"><\/i><\/div>\n\t\t\t\t\t\t<\/span>\n\t\t<\/div>\n\t\t\t\t\t\t<\/div>\n\t\t\t\t<\/div>\n\t\t\t\t\t<\/div>\n\t\t\t\t<\/div>\n\t\t<div class=\"elementor-element elementor-element-bc649a1 e-con-full e-flex e-con e-parent\" data-id=\"bc649a1\" data-element_type=\"container\" data-e-type=\"container\" data-settings=\"{&quot;background_background&quot;:&quot;classic&quot;}\">\n\t\t<div class=\"elementor-element elementor-element-dbf8d87 e-con-full e-transform e-flex e-con e-child\" data-id=\"dbf8d87\" data-element_type=\"container\" data-e-type=\"container\" data-settings=\"{&quot;_transform_translateX_effect&quot;:{&quot;unit&quot;:&quot;rem&quot;,&quot;size&quot;:6,&quot;sizes&quot;:[]},&quot;_transform_translateX_effect_tablet&quot;:{&quot;unit&quot;:&quot;rem&quot;,&quot;size&quot;:0,&quot;sizes&quot;:[]},&quot;_transform_translateX_effect_mobile&quot;:{&quot;unit&quot;:&quot;rem&quot;,&quot;size&quot;:&quot;&quot;,&quot;sizes&quot;:[]},&quot;_transform_translateY_effect&quot;:{&quot;unit&quot;:&quot;px&quot;,&quot;size&quot;:&quot;&quot;,&quot;sizes&quot;:[]},&quot;_transform_translateY_effect_tablet&quot;:{&quot;unit&quot;:&quot;px&quot;,&quot;size&quot;:&quot;&quot;,&quot;sizes&quot;:[]},&quot;_transform_translateY_effect_mobile&quot;:{&quot;unit&quot;:&quot;px&quot;,&quot;size&quot;:&quot;&quot;,&quot;sizes&quot;:[]}}\">\n\t\t\t\t<div class=\"elementor-element elementor-element-3a2d7ab elementor-widget-tablet__width-inherit elementor-arrows-position-inside elementor-widget elementor-widget-image-carousel\" data-id=\"3a2d7ab\" data-element_type=\"widget\" data-e-type=\"widget\" data-settings=\"{&quot;slides_to_show&quot;:&quot;1&quot;,&quot;navigation&quot;:&quot;arrows&quot;,&quot;autoplay&quot;:&quot;no&quot;,&quot;effect&quot;:&quot;fade&quot;,&quot;infinite&quot;:&quot;yes&quot;,&quot;speed&quot;:500}\" data-widget_type=\"image-carousel.default\">\n\t\t\t\t<div class=\"elementor-widget-container\">\n\t\t\t\t\t\t\t<div class=\"elementor-image-carousel-wrapper swiper\" role=\"region\" aria-roledescription=\"carousel\" aria-label=\"\u56fe\u50cf\u65cb\u8f6c\u6728\u9a6c\" dir=\"ltr\">\n\t\t\t<div class=\"elementor-image-carousel swiper-wrapper swiper-image-stretch\" aria-live=\"polite\">\n\t\t\t\t\t\t\t\t<div class=\"swiper-slide\" role=\"group\" aria-roledescription=\"slide\" aria-label=\"1 de 2\" data-no-translation-aria-label=\"\"><figure class=\"swiper-slide-inner\"><img decoding=\"async\" class=\"swiper-slide-image\" src=\"https:\/\/www.lesdeuxchevres.com\/wp-content\/uploads\/2025\/02\/patrick-langwallner-ozRWXEFEo6M-unsplash-scaled.jpg\" alt=\"patrick-langwallner-ozRWXEFEo6M-unsplash\" title=\"\"><\/figure><\/div><div class=\"swiper-slide\" role=\"group\" aria-roledescription=\"slide\" aria-label=\"2 de 2\" data-no-translation-aria-label=\"\"><figure class=\"swiper-slide-inner\"><img decoding=\"async\" class=\"swiper-slide-image\" src=\"https:\/\/www.lesdeuxchevres.com\/wp-content\/uploads\/2025\/01\/GettyImages-90821313-scaled.jpg\" alt=\"\u590f\u672b\u8461\u8404\u85e4\u4e0a\u7684\u8461\u8404\u3002\u6d45\u666f\u6df1\uff0c\u4e3b\u4e32\u6e05\u6670\u3002\u6e29\u6696\u3001\u5fae\u5f31\u7684\u5149\u7ebf\u3002\" title=\"\"><\/figure><\/div>\t\t\t<\/div>\n\t\t\t\t\t\t\t\t\t\t\t\t<div class=\"elementor-swiper-button elementor-swiper-button-prev\" role=\"button\" tabindex=\"0\">\n\t\t\t\t\t\t<i aria-hidden=\"true\" class=\"eliofont eliofont-arrow-left\"><\/i>\t\t\t\t\t<\/div>\n\t\t\t\t\t<div class=\"elementor-swiper-button elementor-swiper-button-next\" role=\"button\" tabindex=\"0\">\n\t\t\t\t\t\t<i aria-hidden=\"true\" class=\"eliofont eliofont-arrow-right\"><\/i>\t\t\t\t\t<\/div>\n\t\t\t\t\n\t\t\t\t\t\t\t\t\t<\/div>\n\t\t\t\t\t\t<\/div>\n\t\t\t\t<\/div>\n\t\t\t\t<\/div>\n\t\t<div class=\"elementor-element elementor-element-880530d e-con-full e-flex e-con e-child\" data-id=\"880530d\" data-element_type=\"container\" data-e-type=\"container\" data-settings=\"{&quot;background_background&quot;:&quot;classic&quot;}\">\n\t\t\t\t<div class=\"elementor-element elementor-element-27e60b2 elementor-widget elementor-widget-heading\" data-id=\"27e60b2\" data-element_type=\"widget\" data-e-type=\"widget\" data-widget_type=\"heading.default\">\n\t\t\t\t<div class=\"elementor-widget-container\">\n\t\t\t\t\t<h3 class=\"elementor-heading-title elementor-size-default\"><i>\u4ec0\u4e48\u662f\u6c14\u5019<\/i>?<\/h3>\t\t\t\t<\/div>\n\t\t\t\t<\/div>\n\t\t\t\t<div class=\"elementor-element elementor-element-517617f elementor-widget elementor-widget-text-editor\" data-id=\"517617f\" data-element_type=\"widget\" data-e-type=\"widget\" data-widget_type=\"text-editor.default\">\n\t\t\t\t<div class=\"elementor-widget-container\">\n\t\t\t\t\t\t\t\t\t<p>\u5728\u52c3\u826e\u7b2c\uff0c\"\u6c14\u5019\u533a\"\uff08Climat\uff09\u5e76\u4e0d\u662f\u4e00\u4e2a\u5929\u6c14\u95ee\u9898\uff1a\u5b83\u662f\u4e00\u5757\u7cbe\u5fc3\u5212\u5206\u7684\u8461\u8404\u56ed\uff0c\u53cd\u6620\u4e86\u571f\u58e4\u3001\u5149\u7167\u548c\u6280\u672f\u7684\u72ec\u7279\u7ec4\u5408\u3002\u6bcf\u4e2a Climat \u90fd\u6709\u81ea\u5df1\u7684\u4e2a\u6027\uff0c\u917f\u9020\u51fa\u7684\u8461\u8404\u9152\u4e5f\u5404\u5177\u7279\u8272\u3002<\/p>\t\t\t\t\t\t\t\t<\/div>\n\t\t\t\t<\/div>\n\t\t\t\t<\/div>\n\t\t\t\t<\/div>\n\t\t<div class=\"elementor-element elementor-element-00ac9f1 e-flex e-con-boxed e-con e-parent\" data-id=\"00ac9f1\" data-element_type=\"container\" data-e-type=\"container\" data-settings=\"{&quot;background_background&quot;:&quot;classic&quot;}\">\n\t\t\t\t\t<div class=\"e-con-inner\">\n\t\t<div class=\"elementor-element elementor-element-476b78a e-con-full e-flex e-con e-child\" data-id=\"476b78a\" data-element_type=\"container\" data-e-type=\"container\">\n\t\t\t\t<\/div>\n\t\t<div class=\"elementor-element elementor-element-311858e e-con-full e-flex e-con e-child\" data-id=\"311858e\" data-element_type=\"container\" data-e-type=\"container\" data-settings=\"{&quot;background_background&quot;:&quot;classic&quot;}\">\n\t\t<div class=\"elementor-element elementor-element-3af30e9 e-con-full e-flex e-con e-child\" data-id=\"3af30e9\" data-element_type=\"container\" data-e-type=\"container\">\n\t\t\t\t<div class=\"elementor-element elementor-element-70e898f elementor-widget elementor-widget-heading\" data-id=\"70e898f\" data-element_type=\"widget\" data-e-type=\"widget\" data-widget_type=\"heading.default\">\n\t\t\t\t<div class=\"elementor-widget-container\">\n\t\t\t\t\t<h3 class=\"elementor-heading-title elementor-size-default\"><i>\u5168\u7403\u8ba4\u53ef<\/i><\/h3>\t\t\t\t<\/div>\n\t\t\t\t<\/div>\n\t\t\t\t<div class=\"elementor-element elementor-element-eac8a14 elementor-widget elementor-widget-text-editor\" data-id=\"eac8a14\" data-element_type=\"widget\" data-e-type=\"widget\" data-widget_type=\"text-editor.default\">\n\t\t\t\t<div class=\"elementor-widget-container\">\n\t\t\t\t\t\t\t\t\t<p>2015\u5e74\uff0c\u52c3\u826e\u7b2c\u6c14\u5019\u5e26\u88ab\u8054\u5408\u56fd\u6559\u79d1\u6587\u7ec4\u7ec7\u5217\u4e3a\u4e16\u754c\u9057\u4ea7\uff0c\u4ee5\u7eaa\u5ff5\u4eba\u7c7b\u4e24\u5343\u591a\u5e74\u6765\u5851\u9020\u7684\u72ec\u7279\u8461\u8404\u683d\u57f9\u6a21\u5f0f\u3002\u8fd9\u4e00\u540d\u5f55\u5f70\u663e\u4e86\u4eba\u4e0e\u81ea\u7136\u7684\u5b8c\u7f8e\u4e92\u52a8\uff0c\u4ee5\u53ca\u8be5\u5730\u533a\u8461\u8404\u79cd\u690d\u8005\u7684\u975e\u51e1\u6280\u827a\u3002<\/p>\t\t\t\t\t\t\t\t<\/div>\n\t\t\t\t<\/div>\n\t\t\t\t<\/div>\n\t\t\t\t<div class=\"elementor-element elementor-element-a5fc951 elementor-widget elementor-widget-image\" data-id=\"a5fc951\" data-element_type=\"widget\" data-e-type=\"widget\" data-widget_type=\"image.default\">\n\t\t\t\t<div class=\"elementor-widget-container\">\n\t\t\t\t\t\t\t\t\t\t\t\t\t\t\t<img decoding=\"async\" width=\"1707\" height=\"2560\" src=\"https:\/\/www.lesdeuxchevres.com\/wp-content\/uploads\/2025\/02\/florian-siedl-rNfgKRAPu8M-unsplash-scaled.jpg\" class=\"attachment-full size-full wp-image-4930\" alt=\"\" srcset=\"https:\/\/www.lesdeuxchevres.com\/wp-content\/uploads\/2025\/02\/florian-siedl-rNfgKRAPu8M-unsplash-scaled.jpg 1707w, https:\/\/www.lesdeuxchevres.com\/wp-content\/uploads\/2025\/02\/florian-siedl-rNfgKRAPu8M-unsplash-200x300.jpg 200w, https:\/\/www.lesdeuxchevres.com\/wp-content\/uploads\/2025\/02\/florian-siedl-rNfgKRAPu8M-unsplash-683x1024.jpg 683w, https:\/\/www.lesdeuxchevres.com\/wp-content\/uploads\/2025\/02\/florian-siedl-rNfgKRAPu8M-unsplash-768x1152.jpg 768w, https:\/\/www.lesdeuxchevres.com\/wp-content\/uploads\/2025\/02\/florian-siedl-rNfgKRAPu8M-unsplash-1024x1536.jpg 1024w, https:\/\/www.lesdeuxchevres.com\/wp-content\/uploads\/2025\/02\/florian-siedl-rNfgKRAPu8M-unsplash-1365x2048.jpg 1365w, https:\/\/www.lesdeuxchevres.com\/wp-content\/uploads\/2025\/02\/florian-siedl-rNfgKRAPu8M-unsplash-8x12.jpg 8w\" sizes=\"(max-width: 1707px) 100vw, 1707px\" title=\"\">\t\t\t\t\t\t\t\t\t\t\t\t\t\t\t<\/div>\n\t\t\t\t<\/div>\n\t\t\t\t<\/div>\n\t\t\t\t\t<\/div>\n\t\t\t\t<\/div>\n\t\t<div class=\"elementor-element elementor-element-fac32bf e-con-full e-flex e-con e-parent\" data-id=\"fac32bf\" data-element_type=\"container\" data-e-type=\"container\" data-settings=\"{&quot;background_background&quot;:&quot;classic&quot;}\">\n\t\t<div class=\"elementor-element elementor-element-a4b12d4 e-con-full e-flex e-con e-child\" data-id=\"a4b12d4\" data-element_type=\"container\" data-e-type=\"container\" data-settings=\"{&quot;background_background&quot;:&quot;classic&quot;}\">\n\t\t\t\t<div class=\"elementor-element elementor-element-1c68728 elementor-widget elementor-widget-heading\" data-id=\"1c68728\" data-element_type=\"widget\" data-e-type=\"widget\" data-widget_type=\"heading.default\">\n\t\t\t\t<div class=\"elementor-widget-container\">\n\t\t\t\t\t<h2 class=\"elementor-heading-title elementor-size-default\">\u6c14\u5019\u4e3a\u4f55\u5982\u6b64\u73cd\u8d35\uff1f<\/h2>\t\t\t\t<\/div>\n\t\t\t\t<\/div>\n\t\t\t\t<div class=\"elementor-element elementor-element-8cfb266 elementor-widget-divider--view-line_icon elementor-view-default elementor-widget-divider--element-align-center elementor-widget elementor-widget-global elementor-global-364 elementor-widget-divider\" data-id=\"8cfb266\" data-element_type=\"widget\" data-e-type=\"widget\" data-widget_type=\"divider.default\">\n\t\t\t\t<div class=\"elementor-widget-container\">\n\t\t\t\t\t\t\t<div class=\"elementor-divider\">\n\t\t\t<span class=\"elementor-divider-separator\">\n\t\t\t\t\t\t\t<div class=\"elementor-icon elementor-divider__element\">\n\t\t\t\t\t<i aria-hidden=\"true\" class=\"fas fa-dot-circle\"><\/i><\/div>\n\t\t\t\t\t\t<\/span>\n\t\t<\/div>\n\t\t\t\t\t\t<\/div>\n\t\t\t\t<\/div>\n\t\t\t\t<div class=\"elementor-element elementor-element-6cd027f elementor-widget elementor-widget-text-editor\" data-id=\"6cd027f\" data-element_type=\"widget\" data-e-type=\"widget\" data-widget_type=\"text-editor.default\">\n\t\t\t\t<div class=\"elementor-widget-container\">\n\t\t\t\t\t\t\t\t\t<ul><li><strong>\u98ce\u571f\u7684\u9576\u5d4c<\/strong> \u4ece\u7b2c\u620e\uff08Dijon\uff09\u5230\u6851\u7279\u5948\uff08Santenay\uff09\uff0c\u5171\u6709 1,247 \u4e2a Climats\uff0c\u6bcf\u4e2a Climats \u90fd\u4e3a\u5176\u8461\u8404\u9152\u8d4b\u4e88\u4e86\u72ec\u7279\u7684\u4e2a\u6027\u3002<\/li><\/ul><p>\u00a0<\/p><ul><li><strong>\u5343\u5e74\u4f20\u627f<\/strong> \u81ea\u52a0\u6d1b\u7f57-\u7f57\u9a6c\u65f6\u4ee3\u4ee5\u6765\uff0c\u6bcf\u4e2a Climat\uff08\u6c14\u5019\u6761\u4ef6\uff09\u90fd\u5728\u4e0d\u65ad\u6539\u8fdb\u548c\u5b8c\u5584\uff0c\u4ee5\u5f70\u663e\u8461\u8404\u7684\u6700\u4f73\u54c1\u8d28\u3002<\/li><\/ul><p>\u00a0<\/p><ul><li><strong>\u53ef\u6301\u7eed\u8461\u8404\u683d\u57f9\u7684\u5178\u8303<\/strong> Climats \u4f53\u73b0\u4e86\u5bf9\u571f\u5730\u548c\u81ea\u7136\u5faa\u73af\u7684\u6df1\u5207\u5c0a\u91cd\uff0c\u4fdd\u8bc1\u4e86\u8fd9\u4e00\u975e\u51e1\u9057\u4ea7\u7684\u957f\u76db\u4e0d\u8870\u3002<\/li><\/ul>\t\t\t\t\t\t\t\t<\/div>\n\t\t\t\t<\/div>\n\t\t\t\t<\/div>\n\t\t\t\t<\/div>\n\t\t<div class=\"elementor-element elementor-element-001378f e-flex e-con-boxed e-con e-parent\" data-id=\"001378f\" data-element_type=\"container\" data-e-type=\"container\" data-settings=\"{&quot;background_background&quot;:&quot;classic&quot;}\">\n\t\t\t\t\t<div class=\"e-con-inner\">\n\t\t<div class=\"elementor-element elementor-element-f9ac2a8 e-con-full e-flex e-con e-child\" data-id=\"f9ac2a8\" data-element_type=\"container\" data-e-type=\"container\">\n\t\t\t\t<div class=\"elementor-element elementor-element-4aa1d36 elementor-widget__width-initial elementor-absolute elementor-widget elementor-widget-image\" data-id=\"4aa1d36\" data-element_type=\"widget\" data-e-type=\"widget\" data-settings=\"{&quot;_position&quot;:&quot;absolute&quot;}\" data-widget_type=\"image.default\">\n\t\t\t\t<div class=\"elementor-widget-container\">\n\t\t\t\t\t\t\t\t\t\t\t\t\t\t\t<img decoding=\"async\" width=\"1708\" height=\"2560\" src=\"https:\/\/www.lesdeuxchevres.com\/wp-content\/uploads\/2025\/02\/moritz-knoringer-apZFS9OrA8k-unsplash-scaled.jpg\" class=\"attachment-full size-full wp-image-4953\" alt=\"\" srcset=\"https:\/\/www.lesdeuxchevres.com\/wp-content\/uploads\/2025\/02\/moritz-knoringer-apZFS9OrA8k-unsplash-scaled.jpg 1708w, https:\/\/www.lesdeuxchevres.com\/wp-content\/uploads\/2025\/02\/moritz-knoringer-apZFS9OrA8k-unsplash-200x300.jpg 200w, https:\/\/www.lesdeuxchevres.com\/wp-content\/uploads\/2025\/02\/moritz-knoringer-apZFS9OrA8k-unsplash-683x1024.jpg 683w, https:\/\/www.lesdeuxchevres.com\/wp-content\/uploads\/2025\/02\/moritz-knoringer-apZFS9OrA8k-unsplash-768x1151.jpg 768w, https:\/\/www.lesdeuxchevres.com\/wp-content\/uploads\/2025\/02\/moritz-knoringer-apZFS9OrA8k-unsplash-1025x1536.jpg 1025w, https:\/\/www.lesdeuxchevres.com\/wp-content\/uploads\/2025\/02\/moritz-knoringer-apZFS9OrA8k-unsplash-1367x2048.jpg 1367w, https:\/\/www.lesdeuxchevres.com\/wp-content\/uploads\/2025\/02\/moritz-knoringer-apZFS9OrA8k-unsplash-8x12.jpg 8w\" sizes=\"(max-width: 1708px) 100vw, 1708px\" title=\"\">\t\t\t\t\t\t\t\t\t\t\t\t\t\t\t<\/div>\n\t\t\t\t<\/div>\n\t\t\t\t<div class=\"elementor-element elementor-element-5b3c3dd elementor-widget__width-initial elementor-widget elementor-widget-image\" data-id=\"5b3c3dd\" data-element_type=\"widget\" data-e-type=\"widget\" data-widget_type=\"image.default\">\n\t\t\t\t<div class=\"elementor-widget-container\">\n\t\t\t\t\t\t\t\t\t\t\t\t\t\t\t<img loading=\"lazy\" decoding=\"async\" width=\"2266\" height=\"2266\" src=\"https:\/\/www.lesdeuxchevres.com\/wp-content\/uploads\/2025\/02\/alana-harris-2IvHPb6Aihg-unsplash.jpg\" class=\"attachment-full size-full wp-image-4952\" alt=\"\" srcset=\"https:\/\/www.lesdeuxchevres.com\/wp-content\/uploads\/2025\/02\/alana-harris-2IvHPb6Aihg-unsplash.jpg 2266w, https:\/\/www.lesdeuxchevres.com\/wp-content\/uploads\/2025\/02\/alana-harris-2IvHPb6Aihg-unsplash-300x300.jpg 300w, https:\/\/www.lesdeuxchevres.com\/wp-content\/uploads\/2025\/02\/alana-harris-2IvHPb6Aihg-unsplash-1024x1024.jpg 1024w, https:\/\/www.lesdeuxchevres.com\/wp-content\/uploads\/2025\/02\/alana-harris-2IvHPb6Aihg-unsplash-150x150.jpg 150w, https:\/\/www.lesdeuxchevres.com\/wp-content\/uploads\/2025\/02\/alana-harris-2IvHPb6Aihg-unsplash-768x768.jpg 768w, https:\/\/www.lesdeuxchevres.com\/wp-content\/uploads\/2025\/02\/alana-harris-2IvHPb6Aihg-unsplash-1536x1536.jpg 1536w, https:\/\/www.lesdeuxchevres.com\/wp-content\/uploads\/2025\/02\/alana-harris-2IvHPb6Aihg-unsplash-2048x2048.jpg 2048w, https:\/\/www.lesdeuxchevres.com\/wp-content\/uploads\/2025\/02\/alana-harris-2IvHPb6Aihg-unsplash-12x12.jpg 12w\" sizes=\"(max-width: 2266px) 100vw, 2266px\" title=\"\">\t\t\t\t\t\t\t\t\t\t\t\t\t\t\t<\/div>\n\t\t\t\t<\/div>\n\t\t\t\t<\/div>\n\t\t<div class=\"elementor-element elementor-element-1837da1 e-con-full e-flex e-con e-child\" data-id=\"1837da1\" data-element_type=\"container\" data-e-type=\"container\">\n\t\t\t\t<div class=\"elementor-element elementor-element-343d4ce elementor-widget elementor-widget-heading\" data-id=\"343d4ce\" data-element_type=\"widget\" data-e-type=\"widget\" data-widget_type=\"heading.default\">\n\t\t\t\t<div class=\"elementor-widget-container\">\n\t\t\t\t\t<h3 class=\"elementor-heading-title elementor-size-default\"><i>Les Climats &amp; Gevrey-Chambertin<\/i><\/h3>\t\t\t\t<\/div>\n\t\t\t\t<\/div>\n\t\t\t\t<div class=\"elementor-element elementor-element-5f5ee2e elementor-widget elementor-widget-text-editor\" data-id=\"5f5ee2e\" data-element_type=\"widget\" data-e-type=\"widget\" data-widget_type=\"text-editor.default\">\n\t\t\t\t<div class=\"elementor-widget-container\">\n\t\t\t\t\t\t\t\t\t<p>\u6770\u5f17\u745e-\u9999\u8d1d\u5766\uff08Gevrey-Chambertin\uff09\u662f\u52c3\u826e\u7b2c\u5730\u533a\u7684\u4e00\u9897\u7480\u74a8\u660e\u73e0\u3002\u52c3\u826e\u7b2c\u6700\u8d1f\u76db\u540d\u7684\u6807\u5fd7\u6027\u5730\u5757\u51fa\u4ea7\u7684\u8461\u8404\u9152\u4f53\u73b0\u4e86\u52c3\u826e\u7b2c\u98ce\u571f\u7684\u7075\u9b42\u3002\u6bcf\u4e00\u74f6\u8461\u8404\u9152\u90fd\u662f\u4e00\u6b21\u63a2\u7d22\u8fd9\u4e00\u72ec\u7279\u9057\u4ea7\u4e30\u5bcc\u591a\u6837\u6027\u7684\u9080\u8bf7\u3002<\/p>\t\t\t\t\t\t\t\t<\/div>\n\t\t\t\t<\/div>\n\t\t\t\t<div class=\"elementor-element elementor-element-172404f elementor-align-left elementor-widget elementor-widget-button\" data-id=\"172404f\" data-element_type=\"widget\" data-e-type=\"widget\" data-widget_type=\"button.default\">\n\t\t\t\t<div class=\"elementor-widget-container\">\n\t\t\t\t\t\t\t\t\t<div class=\"elementor-button-wrapper\">\n\t\t\t\t\t<a class=\"elementor-button elementor-button-link elementor-size-sm\" href=\"https:\/\/www.lesdeuxchevres.com\/zh\/hotel-de-charme-en-bourgogne\/gevrey-chambertin\/\">\n\t\t\t\t\t\t<span class=\"elementor-button-content-wrapper\">\n\t\t\t\t\t\t\t\t\t<span class=\"elementor-button-text\">\u63a2\u7d22\u70ed\u592b\u96f7-\u9999\u8d1d\u5766<\/span>\n\t\t\t\t\t<\/span>\n\t\t\t\t\t<\/a>\n\t\t\t\t<\/div>\n\t\t\t\t\t\t\t\t<\/div>\n\t\t\t\t<\/div>\n\t\t\t\t<\/div>\n\t\t\t\t\t<\/div>\n\t\t\t\t<\/div>\n\t\t\t\t<\/div>","protected":false},"excerpt":{"rendered":"<p>Les climats de Bourgogne Les Climats de Bourgogne : patrimoine mondial de l\u2019UNESCO Qu\u2019est-ce qu\u2019un Climat\u202f? En Bourgogne, un Climat n\u2019est pas une question de m\u00e9t\u00e9o\u202f: c\u2019est une parcelle de vigne minutieusement d\u00e9limit\u00e9e, qui refl\u00e8te une combinaison unique de sol, d\u2019exposition et de savoir-faire. Chaque Climat poss\u00e8de sa propre personnalit\u00e9 et produit des vins aux [&hellip;]<\/p>\n","protected":false},"author":8,"featured_media":0,"parent":65,"menu_order":0,"comment_status":"closed","ping_status":"closed","template":"","meta":{"_acf_changed":false,"inline_featured_image":false,"footnotes":""},"class_list":["post-3886","page","type-page","status-publish","hentry"],"acf":[],"_links":{"self":[{"href":"https:\/\/www.lesdeuxchevres.com\/zh\/wp-json\/wp\/v2\/pages\/3886","targetHints":{"allow":["GET"]}}],"collection":[{"href":"https:\/\/www.lesdeuxchevres.com\/zh\/wp-json\/wp\/v2\/pages"}],"about":[{"href":"https:\/\/www.lesdeuxchevres.com\/zh\/wp-json\/wp\/v2\/types\/page"}],"author":[{"embeddable":true,"href":"https:\/\/www.lesdeuxchevres.com\/zh\/wp-json\/wp\/v2\/users\/8"}],"replies":[{"embeddable":true,"href":"https:\/\/www.lesdeuxchevres.com\/zh\/wp-json\/wp\/v2\/comments?post=3886"}],"version-history":[{"count":47,"href":"https:\/\/www.lesdeuxchevres.com\/zh\/wp-json\/wp\/v2\/pages\/3886\/revisions"}],"predecessor-version":[{"id":7028,"href":"https:\/\/www.lesdeuxchevres.com\/zh\/wp-json\/wp\/v2\/pages\/3886\/revisions\/7028"}],"up":[{"embeddable":true,"href":"https:\/\/www.lesdeuxchevres.com\/zh\/wp-json\/wp\/v2\/pages\/65"}],"wp:attachment":[{"href":"https:\/\/www.lesdeuxchevres.com\/zh\/wp-json\/wp\/v2\/media?parent=3886"}],"curies":[{"name":"wp","href":"https:\/\/api.w.org\/{rel}","templated":true}]}}