{"id":7114,"date":"2025-07-13T17:18:37","date_gmt":"2025-07-13T15:18:37","guid":{"rendered":"https:\/\/www.lesdeuxchevres.com\/?page_id=7114"},"modified":"2025-07-22T12:21:27","modified_gmt":"2025-07-22T10:21:27","slug":"servicos-informacoes-praticas","status":"publish","type":"page","link":"https:\/\/www.lesdeuxchevres.com\/pt\/hotel-de-luxe-au-coeur-des-vignes\/services-informations-pratiques\/","title":{"rendered":"Servi\u00e7os e informa\u00e7\u00f5es pr\u00e1ticas"},"content":{"rendered":"<div data-elementor-type=\"wp-page\" data-elementor-id=\"7114\" class=\"elementor elementor-7114\" data-elementor-post-type=\"page\">\n\t\t\t\t<div class=\"elementor-element elementor-element-62998c5 e-con-full e-flex e-con e-parent\" data-id=\"62998c5\" data-element_type=\"container\" data-e-type=\"container\" id=\"top\" data-settings=\"{&quot;background_background&quot;:&quot;classic&quot;}\">\n\t\t\t\t<div class=\"elementor-element elementor-element-2f83062 elementor-widget elementor-widget-heading\" data-id=\"2f83062\" data-element_type=\"widget\" data-e-type=\"widget\" data-widget_type=\"heading.default\">\n\t\t\t\t<div class=\"elementor-widget-container\">\n\t\t\t\t\t<span class=\"elementor-heading-title elementor-size-default\"><i>Nossos servi\u00e7os e informa\u00e7\u00f5es pr\u00e1ticas<\/i><\/span>\t\t\t\t<\/div>\n\t\t\t\t<\/div>\n\t\t\t\t<\/div>\n\t\t<div class=\"elementor-element elementor-element-509c44f e-flex e-con-boxed e-con e-parent\" data-id=\"509c44f\" data-element_type=\"container\" data-e-type=\"container\" data-settings=\"{&quot;background_background&quot;:&quot;classic&quot;}\">\n\t\t\t\t\t<div class=\"e-con-inner\">\n\t\t\t\t<div class=\"elementor-element elementor-element-998dd72 elementor-widget elementor-widget-image\" data-id=\"998dd72\" data-element_type=\"widget\" data-e-type=\"widget\" data-widget_type=\"image.default\">\n\t\t\t\t<div class=\"elementor-widget-container\">\n\t\t\t\t\t\t\t\t\t\t\t\t\t\t\t<img fetchpriority=\"high\" decoding=\"async\" width=\"800\" height=\"450\" src=\"https:\/\/www.lesdeuxchevres.com\/wp-content\/uploads\/2025\/01\/CHARTE-WEB-LES-DEUX-CHEVRES-6-1024x576.png\" class=\"attachment-large size-large wp-image-4279\" alt=\"\" srcset=\"https:\/\/www.lesdeuxchevres.com\/wp-content\/uploads\/2025\/01\/CHARTE-WEB-LES-DEUX-CHEVRES-6-1024x576.png 1024w, https:\/\/www.lesdeuxchevres.com\/wp-content\/uploads\/2025\/01\/CHARTE-WEB-LES-DEUX-CHEVRES-6-300x169.png 300w, https:\/\/www.lesdeuxchevres.com\/wp-content\/uploads\/2025\/01\/CHARTE-WEB-LES-DEUX-CHEVRES-6-768x432.png 768w, https:\/\/www.lesdeuxchevres.com\/wp-content\/uploads\/2025\/01\/CHARTE-WEB-LES-DEUX-CHEVRES-6-18x10.png 18w, https:\/\/www.lesdeuxchevres.com\/wp-content\/uploads\/2025\/01\/CHARTE-WEB-LES-DEUX-CHEVRES-6.png 1366w\" sizes=\"(max-width: 800px) 100vw, 800px\" title=\"\">\t\t\t\t\t\t\t\t\t\t\t\t\t\t\t<\/div>\n\t\t\t\t<\/div>\n\t\t\t\t\t<\/div>\n\t\t\t\t<\/div>\n\t\t<div class=\"elementor-element elementor-element-44b5e7c e-flex e-con-boxed e-con e-parent\" data-id=\"44b5e7c\" data-element_type=\"container\" data-e-type=\"container\" data-settings=\"{&quot;background_background&quot;:&quot;classic&quot;}\">\n\t\t\t\t\t<div class=\"e-con-inner\">\n\t\t<div class=\"elementor-element elementor-element-01df08a e-con-full e-flex e-con e-child\" data-id=\"01df08a\" data-element_type=\"container\" data-e-type=\"container\" data-settings=\"{&quot;background_background&quot;:&quot;classic&quot;}\">\n\t\t\t\t<\/div>\n\t\t<div class=\"elementor-element elementor-element-f4da0b6 e-con-full e-flex e-con e-child\" data-id=\"f4da0b6\" data-element_type=\"container\" data-e-type=\"container\" data-settings=\"{&quot;background_background&quot;:&quot;classic&quot;}\">\n\t\t\t\t<div class=\"elementor-element elementor-element-d888d3e elementor-widget elementor-widget-heading\" data-id=\"d888d3e\" data-element_type=\"widget\" data-e-type=\"widget\" data-widget_type=\"heading.default\">\n\t\t\t\t<div class=\"elementor-widget-container\">\n\t\t\t\t\t<h3 class=\"elementor-heading-title elementor-size-default\"><i>Hor\u00e1rio<\/i><\/h3>\t\t\t\t<\/div>\n\t\t\t\t<\/div>\n\t\t\t\t<div class=\"elementor-element elementor-element-a511c74 elementor-widget elementor-widget-text-editor\" data-id=\"a511c74\" data-element_type=\"widget\" data-e-type=\"widget\" data-widget_type=\"text-editor.default\">\n\t\t\t\t<div class=\"elementor-widget-container\">\n\t\t\t\t\t\t\t\t\t<ul><li>Hor\u00e1rio de funcionamento da recep\u00e7\u00e3o: 08:00-21:00<\/li><li>Hor\u00e1rio de check-in: 16h<\/li><li>Hor\u00e1rio de check-out: 11 horas.<\/li><li>Caf\u00e9 da manh\u00e3 :<ul><li>25 euros Adulto<\/li><li>15 euros para crian\u00e7as<\/li><li>40 euros por um quarto<\/li><\/ul><\/li><li>Hor\u00e1rio do concierge e do manobrista: das 10h \u00e0s 17h<\/li><li>Hor\u00e1rio de funcionamento do bar: das 14h \u00e0s 21h<\/li><li>Hor\u00e1rio do lanche na sala: 06h-01h<\/li><li>Hor\u00e1rio de funcionamento da piscina: 09h-22h<\/li><\/ul><div id=\"simple-translate\" class=\"simple-translate-system-theme\"><div><div class=\"simple-translate-button isShow\" style=\"background-image: url('moz-extension:\/\/c5c40b72-ed64-4d90-980d-d53cd881ddd6\/icons\/512.png'); height: 22px; width: 22px; top: 109px; left: 39px;\">\u00a0<\/div><div class=\"simple-translate-panel\" style=\"width: 300px; height: 200px; top: 0px; left: 0px; font-size: 13px;\"><div class=\"simple-translate-result-wrapper\" style=\"overflow: hidden;\"><div class=\"simple-translate-move\" draggable=\"true\">\u00a0<\/div><div class=\"simple-translate-result-contents\"><p class=\"simple-translate-result\" dir=\"auto\">\u00a0<\/p><p class=\"simple-translate-candidate\" dir=\"auto\">\u00a0<\/p><\/div><\/div><\/div><\/div><\/div>\t\t\t\t\t\t\t\t<\/div>\n\t\t\t\t<\/div>\n\t\t\t\t<\/div>\n\t\t\t\t\t<\/div>\n\t\t\t\t<\/div>\n\t\t<div class=\"elementor-element elementor-element-8ae88bc e-flex e-con-boxed e-con e-parent\" data-id=\"8ae88bc\" data-element_type=\"container\" data-e-type=\"container\" data-settings=\"{&quot;background_background&quot;:&quot;classic&quot;}\">\n\t\t\t\t\t<div class=\"e-con-inner\">\n\t\t<div class=\"elementor-element elementor-element-5ca7582 e-con-full e-flex e-con e-child\" data-id=\"5ca7582\" data-element_type=\"container\" data-e-type=\"container\" data-settings=\"{&quot;background_background&quot;:&quot;classic&quot;}\">\n\t\t\t\t<div class=\"elementor-element elementor-element-8e1791e elementor-widget elementor-widget-heading\" data-id=\"8e1791e\" data-element_type=\"widget\" data-e-type=\"widget\" data-widget_type=\"heading.default\">\n\t\t\t\t<div class=\"elementor-widget-container\">\n\t\t\t\t\t<h3 class=\"elementor-heading-title elementor-size-default\"><i>Servi\u00e7os<\/i><\/h3>\t\t\t\t<\/div>\n\t\t\t\t<\/div>\n\t\t\t\t<div class=\"elementor-element elementor-element-1094131 elementor-widget elementor-widget-text-editor\" data-id=\"1094131\" data-element_type=\"widget\" data-e-type=\"widget\" data-widget_type=\"text-editor.default\">\n\t\t\t\t<div class=\"elementor-widget-container\">\n\t\t\t\t\t\t\t\t\t<ul><li>Estacionamento gratuito<\/li><li>2 pontos de recarga de bateria (\u20ac 10\/noite)<\/li><li>Estacionamento gratuito para bicicletas<\/li><li>C\u00e3es permitidos em alguns quartos (\u20ac 50\/noite)<\/li><li>\u00c1rea de recrea\u00e7\u00e3o dispon\u00edvel para crian\u00e7as sob a responsabilidade dos pais<\/li><li>\u00c1rea de videogames<\/li><li>Ber\u00e7os mediante solicita\u00e7\u00e3o (\u20ac 80\/noite)<\/li><li>Travesseiros especiais dispon\u00edveis (mediante solicita\u00e7\u00e3o)<\/li><\/ul>\t\t\t\t\t\t\t\t<\/div>\n\t\t\t\t<\/div>\n\t\t\t\t<\/div>\n\t\t<div class=\"elementor-element elementor-element-c38560c e-con-full e-flex e-con e-child\" data-id=\"c38560c\" data-element_type=\"container\" data-e-type=\"container\" data-settings=\"{&quot;background_background&quot;:&quot;classic&quot;}\">\n\t\t\t\t<\/div>\n\t\t\t\t\t<\/div>\n\t\t\t\t<\/div>\n\t\t<div class=\"elementor-element elementor-element-e09c143 e-con-full e-flex e-con e-parent\" data-id=\"e09c143\" data-element_type=\"container\" data-e-type=\"container\" data-settings=\"{&quot;background_background&quot;:&quot;classic&quot;}\">\n\t\t<div class=\"elementor-element elementor-element-028d9ee e-con-full e-flex e-con e-child\" data-id=\"028d9ee\" data-element_type=\"container\" data-e-type=\"container\">\n\t\t<div class=\"elementor-element elementor-element-54b634b e-con-full e-flex e-con e-child\" data-id=\"54b634b\" data-element_type=\"container\" data-e-type=\"container\">\n\t\t<div class=\"elementor-element elementor-element-895e9d8 e-con-full e-flex e-con e-child\" data-id=\"895e9d8\" data-element_type=\"container\" data-e-type=\"container\">\n\t\t\t\t<div class=\"elementor-element elementor-element-ab332f9 elementor-widget elementor-widget-image\" data-id=\"ab332f9\" data-element_type=\"widget\" data-e-type=\"widget\" data-widget_type=\"image.default\">\n\t\t\t\t<div class=\"elementor-widget-container\">\n\t\t\t\t\t\t\t\t\t\t\t\t\t\t\t<img decoding=\"async\" width=\"800\" height=\"450\" src=\"https:\/\/www.lesdeuxchevres.com\/wp-content\/uploads\/2025\/01\/CHARTE-WEB-LES-DEUX-CHEVRES-7-1024x576.png\" class=\"attachment-large size-large wp-image-4304\" alt=\"\" srcset=\"https:\/\/www.lesdeuxchevres.com\/wp-content\/uploads\/2025\/01\/CHARTE-WEB-LES-DEUX-CHEVRES-7-1024x576.png 1024w, https:\/\/www.lesdeuxchevres.com\/wp-content\/uploads\/2025\/01\/CHARTE-WEB-LES-DEUX-CHEVRES-7-300x169.png 300w, https:\/\/www.lesdeuxchevres.com\/wp-content\/uploads\/2025\/01\/CHARTE-WEB-LES-DEUX-CHEVRES-7-768x432.png 768w, https:\/\/www.lesdeuxchevres.com\/wp-content\/uploads\/2025\/01\/CHARTE-WEB-LES-DEUX-CHEVRES-7-1536x863.png 1536w, https:\/\/www.lesdeuxchevres.com\/wp-content\/uploads\/2025\/01\/CHARTE-WEB-LES-DEUX-CHEVRES-7-2048x1151.png 2048w, https:\/\/www.lesdeuxchevres.com\/wp-content\/uploads\/2025\/01\/CHARTE-WEB-LES-DEUX-CHEVRES-7-18x10.png 18w\" sizes=\"(max-width: 800px) 100vw, 800px\" title=\"\">\t\t\t\t\t\t\t\t\t\t\t\t\t\t\t<\/div>\n\t\t\t\t<\/div>\n\t\t\t\t<div class=\"elementor-element elementor-element-13d5e93 elementor-widget elementor-widget-heading\" data-id=\"13d5e93\" data-element_type=\"widget\" data-e-type=\"widget\" data-widget_type=\"heading.default\">\n\t\t\t\t<div class=\"elementor-widget-container\">\n\t\t\t\t\t<h3 class=\"elementor-heading-title elementor-size-default\"><i>Acessibilidade<\/i><\/h3>\t\t\t\t<\/div>\n\t\t\t\t<\/div>\n\t\t\t\t<div class=\"elementor-element elementor-element-58b2a58 elementor-widget elementor-widget-text-editor\" data-id=\"58b2a58\" data-element_type=\"widget\" data-e-type=\"widget\" data-widget_type=\"text-editor.default\">\n\t\t\t\t<div class=\"elementor-widget-container\">\n\t\t\t\t\t\t\t\t\t<p>Nosso hotel de 11 quartos foi constru\u00eddo em torno de um p\u00e1tio central, dividido em dois edif\u00edcios separados. Na primeira ala, voc\u00ea encontrar\u00e1 um quarto no t\u00e9rreo acess\u00edvel a h\u00f3spedes com defici\u00eancia.<br \/>duas su\u00edtes j\u00fanior e dois quartos standard no primeiro andar. A segunda ala abriga dois quartos superiores, tr\u00eas quartos deluxe e dois quartos standard.<br \/>uma su\u00edte j\u00fanior. Todos os nossos quartos para duas pessoas t\u00eam ar-condicionado, assim como o restaurante e as \u00e1reas de recep\u00e7\u00e3o.<\/p><p>Temos um quarto acess\u00edvel a pessoas com defici\u00eancias motoras no andar t\u00e9rreo do edif\u00edcio do nosso p\u00e1tio. Nossos outros quartos s\u00e3o acess\u00edveis apenas por escadas. Nossa sala de jantar e piscina s\u00e3o totalmente acess\u00edveis a todos os tipos de defici\u00eancia. Tamb\u00e9m podemos fornecer equipamentos adaptados para deficientes visuais ou cadeiras de rodas.  Nossa equipe est\u00e1 totalmente ciente das necessidades das pessoas com defici\u00eancia, portanto, entre em contato conosco ao fazer sua reserva para que possamos oferecer a melhor acomoda\u00e7\u00e3o poss\u00edvel e garantir uma estadia que atenda \u00e0s suas necessidades e restri\u00e7\u00f5es.<\/p>\t\t\t\t\t\t\t\t<\/div>\n\t\t\t\t<\/div>\n\t\t\t\t<div class=\"elementor-element elementor-element-fa3ff69 elementor-widget elementor-widget-heading\" data-id=\"fa3ff69\" data-element_type=\"widget\" data-e-type=\"widget\" data-widget_type=\"heading.default\">\n\t\t\t\t<div class=\"elementor-widget-container\">\n\t\t\t\t\t<h2 class=\"elementor-heading-title elementor-size-default\"><i>Desenvolvimento sustent\u00e1vel<\/i><\/h2>\t\t\t\t<\/div>\n\t\t\t\t<\/div>\n\t\t\t\t<div class=\"elementor-element elementor-element-f83c772 elementor-widget elementor-widget-text-editor\" data-id=\"f83c772\" data-element_type=\"widget\" data-e-type=\"widget\" data-widget_type=\"text-editor.default\">\n\t\t\t\t<div class=\"elementor-widget-container\">\n\t\t\t\t\t\t\t\t\t<p>Queremos que o hotel Les Deux Ch\u00e8vres fa\u00e7a parte de uma abordagem ambiental sustent\u00e1vel. Para isso, optamos por equipar todas as nossas \u00e1reas e quartos com l\u00e2mpadas de LED, sugerimos que voc\u00ea reduza o consumo de roupas de cama e de banho e praticamos e oferecemos a separa\u00e7\u00e3o seletiva de seu lixo. Tamb\u00e9m queremos estar firmemente enraizados em nossa \u00e1rea local, oferecendo a voc\u00ea a oportunidade de saborear principalmente produtos org\u00e2nicos locais.<\/p><p>Por fim, sugerimos que voc\u00ea descubra nossa regi\u00e3o usando meios de transporte ecologicamente corretos e, em especial, que visite nossos vinhedos de bicicleta ou a p\u00e9 para limitar sua pegada de carbono. Nosso concierge pode fornecer todas as informa\u00e7\u00f5es necess\u00e1rias para organizar suas visitas e descobertas, seja durante sua estada ou antes de sua chegada.<\/p><div id=\"simple-translate\" class=\"simple-translate-system-theme\"><div><div class=\"simple-translate-button isShow\" style=\"background-image: url('moz-extension:\/\/c5c40b72-ed64-4d90-980d-d53cd881ddd6\/icons\/512.png'); height: 22px; width: 22px; top: -99px; left: -68px;\">\u00a0<\/div><div class=\"simple-translate-panel\" style=\"width: 300px; height: 200px; top: 0px; left: 0px; font-size: 13px;\"><div class=\"simple-translate-result-wrapper\" style=\"overflow: hidden;\"><div class=\"simple-translate-move\" draggable=\"true\">\u00a0<\/div><div class=\"simple-translate-result-contents\"><p class=\"simple-translate-candidate\" dir=\"auto\">\u00a0<\/p><\/div><\/div><\/div><\/div><\/div>\t\t\t\t\t\t\t\t<\/div>\n\t\t\t\t<\/div>\n\t\t\t\t<\/div>\n\t\t\t\t<div class=\"elementor-element elementor-element-45bf208 elementor-widget-tablet__width-inherit elementor-widget elementor-widget-image\" data-id=\"45bf208\" data-element_type=\"widget\" data-e-type=\"widget\" data-widget_type=\"image.default\">\n\t\t\t\t<div class=\"elementor-widget-container\">\n\t\t\t\t\t\t\t\t\t\t\t\t\t\t\t<img decoding=\"async\" width=\"800\" height=\"534\" src=\"https:\/\/www.lesdeuxchevres.com\/wp-content\/uploads\/2025\/02\/Deux-Chevre-58-1024x683.jpg\" class=\"attachment-large size-large wp-image-5577\" alt=\"\" srcset=\"https:\/\/www.lesdeuxchevres.com\/wp-content\/uploads\/2025\/02\/Deux-Chevre-58-1024x683.jpg 1024w, https:\/\/www.lesdeuxchevres.com\/wp-content\/uploads\/2025\/02\/Deux-Chevre-58-300x200.jpg 300w, https:\/\/www.lesdeuxchevres.com\/wp-content\/uploads\/2025\/02\/Deux-Chevre-58-768x512.jpg 768w, https:\/\/www.lesdeuxchevres.com\/wp-content\/uploads\/2025\/02\/Deux-Chevre-58-1536x1024.jpg 1536w, https:\/\/www.lesdeuxchevres.com\/wp-content\/uploads\/2025\/02\/Deux-Chevre-58-2048x1365.jpg 2048w, https:\/\/www.lesdeuxchevres.com\/wp-content\/uploads\/2025\/02\/Deux-Chevre-58-18x12.jpg 18w\" sizes=\"(max-width: 800px) 100vw, 800px\" title=\"\">\t\t\t\t\t\t\t\t\t\t\t\t\t\t\t<\/div>\n\t\t\t\t<\/div>\n\t\t\t\t<\/div>\n\t\t\t\t<\/div>\n\t\t\t\t<\/div>\n\t\t\t\t<\/div>","protected":false},"excerpt":{"rendered":"<p>Nos Services et Informations pratiques Horaires Horaires R\u00e9ception : 08h-21h Horaires Check-in : 16h Horaires Check-out : 11h Petit d\u00e9jeuner : 25 euros Adulte 15 euros enfant 40 euros en chambre Horaires Concierge et Voiturier : 10h-17h Horaires Bar : 14h-21h Horaires en-cas en chambre : 06h-01h Horaires Piscine : 09h-22h \u00a0\u00a0 \u00a0 \u00a0 Services [&hellip;]<\/p>\n","protected":false},"author":21,"featured_media":0,"parent":61,"menu_order":0,"comment_status":"closed","ping_status":"closed","template":"","meta":{"_acf_changed":false,"inline_featured_image":false,"footnotes":""},"class_list":["post-7114","page","type-page","status-publish","hentry"],"acf":[],"_links":{"self":[{"href":"https:\/\/www.lesdeuxchevres.com\/pt\/wp-json\/wp\/v2\/pages\/7114","targetHints":{"allow":["GET"]}}],"collection":[{"href":"https:\/\/www.lesdeuxchevres.com\/pt\/wp-json\/wp\/v2\/pages"}],"about":[{"href":"https:\/\/www.lesdeuxchevres.com\/pt\/wp-json\/wp\/v2\/types\/page"}],"author":[{"embeddable":true,"href":"https:\/\/www.lesdeuxchevres.com\/pt\/wp-json\/wp\/v2\/users\/21"}],"replies":[{"embeddable":true,"href":"https:\/\/www.lesdeuxchevres.com\/pt\/wp-json\/wp\/v2\/comments?post=7114"}],"version-history":[{"count":34,"href":"https:\/\/www.lesdeuxchevres.com\/pt\/wp-json\/wp\/v2\/pages\/7114\/revisions"}],"predecessor-version":[{"id":7178,"href":"https:\/\/www.lesdeuxchevres.com\/pt\/wp-json\/wp\/v2\/pages\/7114\/revisions\/7178"}],"up":[{"embeddable":true,"href":"https:\/\/www.lesdeuxchevres.com\/pt\/wp-json\/wp\/v2\/pages\/61"}],"wp:attachment":[{"href":"https:\/\/www.lesdeuxchevres.com\/pt\/wp-json\/wp\/v2\/media?parent=7114"}],"curies":[{"name":"wp","href":"https:\/\/api.w.org\/{rel}","templated":true}]}}