{"id":61,"date":"2023-06-02T12:13:22","date_gmt":"2023-06-02T10:13:22","guid":{"rendered":"https:\/\/www.lesdeuxchevres.com\/?page_id=61"},"modified":"2025-02-20T14:26:11","modified_gmt":"2025-02-20T13:26:11","slug":"hotel-de-luxo-no-coracao-dos-vinhedos","status":"publish","type":"page","link":"https:\/\/www.lesdeuxchevres.com\/pt\/hotel-de-luxe-au-coeur-des-vignes\/","title":{"rendered":"Patrim\u00f3nio"},"content":{"rendered":"<div data-elementor-type=\"wp-page\" data-elementor-id=\"61\" class=\"elementor elementor-61\" data-elementor-post-type=\"page\">\n\t\t\t\t<div class=\"elementor-element elementor-element-22f02cb e-con-full e-flex e-con e-parent\" data-id=\"22f02cb\" data-element_type=\"container\" data-e-type=\"container\" id=\"top\" data-settings=\"{&quot;background_background&quot;:&quot;classic&quot;}\">\n\t\t\t\t<div class=\"elementor-element elementor-element-fc79fd3 elementor-widget elementor-widget-heading\" data-id=\"fc79fd3\" data-element_type=\"widget\" data-e-type=\"widget\" data-widget_type=\"heading.default\">\n\t\t\t\t<div class=\"elementor-widget-container\">\n\t\t\t\t\t<span class=\"elementor-heading-title elementor-size-default\"><i>Nosso lar, <br>\nseu destino<\/i><\/span>\t\t\t\t<\/div>\n\t\t\t\t<\/div>\n\t\t\t\t<div class=\"elementor-element elementor-element-5971032 elementor-widget elementor-widget-heading\" data-id=\"5971032\" data-element_type=\"widget\" data-e-type=\"widget\" data-widget_type=\"heading.default\">\n\t\t\t\t<div class=\"elementor-widget-container\">\n\t\t\t\t\t<h1 class=\"elementor-heading-title elementor-size-default\">Bem-vindo ao nosso hotel de luxo no cora\u00e7\u00e3o dos vinhedos<\/h1>\t\t\t\t<\/div>\n\t\t\t\t<\/div>\n\t\t\t\t<\/div>\n\t\t<div class=\"elementor-element elementor-element-4ed1f65 e-flex e-con-boxed e-con e-parent\" data-id=\"4ed1f65\" data-element_type=\"container\" data-e-type=\"container\" id=\"first-content\" data-settings=\"{&quot;background_background&quot;:&quot;classic&quot;}\">\n\t\t\t\t\t<div class=\"e-con-inner\">\n\t\t\t\t<div class=\"elementor-element elementor-element-b982913 elementor-widget elementor-widget-image\" data-id=\"b982913\" data-element_type=\"widget\" data-e-type=\"widget\" data-widget_type=\"image.default\">\n\t\t\t\t<div class=\"elementor-widget-container\">\n\t\t\t\t\t\t\t\t\t\t\t\t\t\t\t<img fetchpriority=\"high\" decoding=\"async\" width=\"800\" height=\"450\" src=\"https:\/\/www.lesdeuxchevres.com\/wp-content\/uploads\/2025\/02\/CHARTE-WEB-LES-DEUX-CHEVRES-21-1024x576.png\" class=\"attachment-large size-large wp-image-4852\" alt=\"\" srcset=\"https:\/\/www.lesdeuxchevres.com\/wp-content\/uploads\/2025\/02\/CHARTE-WEB-LES-DEUX-CHEVRES-21-1024x576.png 1024w, https:\/\/www.lesdeuxchevres.com\/wp-content\/uploads\/2025\/02\/CHARTE-WEB-LES-DEUX-CHEVRES-21-300x169.png 300w, https:\/\/www.lesdeuxchevres.com\/wp-content\/uploads\/2025\/02\/CHARTE-WEB-LES-DEUX-CHEVRES-21-768x432.png 768w, https:\/\/www.lesdeuxchevres.com\/wp-content\/uploads\/2025\/02\/CHARTE-WEB-LES-DEUX-CHEVRES-21-18x10.png 18w, https:\/\/www.lesdeuxchevres.com\/wp-content\/uploads\/2025\/02\/CHARTE-WEB-LES-DEUX-CHEVRES-21.png 1366w\" sizes=\"(max-width: 800px) 100vw, 800px\" title=\"\">\t\t\t\t\t\t\t\t\t\t\t\t\t\t\t<\/div>\n\t\t\t\t<\/div>\n\t\t\t\t<div class=\"elementor-element elementor-element-f0726ba elementor-blockquote--skin-quotation elementor-blockquote--align-center elementor-widget elementor-widget-blockquote\" data-id=\"f0726ba\" data-element_type=\"widget\" data-e-type=\"widget\" data-widget_type=\"blockquote.default\">\n\t\t\t\t<div class=\"elementor-widget-container\">\n\t\t\t\t\t\t\t<blockquote class=\"elementor-blockquote\">\n\t\t\t<p class=\"elementor-blockquote__content\">\n\t\t\t\t<i>Conforto e autenticidade, <br>hospitalidade e calma<\/i>. \t\t\t<\/p>\n\t\t\t\t\t<\/blockquote>\n\t\t\t\t\t\t<\/div>\n\t\t\t\t<\/div>\n\t\t\t\t<div class=\"elementor-element elementor-element-30521ca elementor-widget elementor-widget-text-editor\" data-id=\"30521ca\" data-element_type=\"widget\" data-e-type=\"widget\" data-widget_type=\"text-editor.default\">\n\t\t\t\t<div class=\"elementor-widget-container\">\n\t\t\t\t\t\t\t\t\t<p>Aqui, essas palavras n\u00e3o s\u00e3o fingidas, pois temos o compromisso de oferecer experi\u00eancias aut\u00eanticas e sinceras, com os vinhedos como nossos observadores privilegiados. Profundamente enraizados em nossa terra, oferecemos a voc\u00ea um servi\u00e7o not\u00e1vel e atencioso, o mais personalizado poss\u00edvel. Atendemos \u00e0s suas necessidades antes mesmo que voc\u00ea perceba que elas existem.<\/p>\t\t\t\t\t\t\t\t<\/div>\n\t\t\t\t<\/div>\n\t\t\t\t\t<\/div>\n\t\t\t\t<\/div>\n\t\t<div class=\"elementor-element elementor-element-94c6fe5 e-flex e-con-boxed e-con e-parent\" data-id=\"94c6fe5\" data-element_type=\"container\" data-e-type=\"container\" data-settings=\"{&quot;background_background&quot;:&quot;classic&quot;}\">\n\t\t\t\t\t<div class=\"e-con-inner\">\n\t\t\t\t<div class=\"elementor-element elementor-element-ee86a9c elementor-hidden-mobile elementor-widget elementor-widget-gallery\" data-id=\"ee86a9c\" data-element_type=\"widget\" data-e-type=\"widget\" data-settings=\"{&quot;columns&quot;:3,&quot;aspect_ratio&quot;:&quot;1:1&quot;,&quot;lazyload&quot;:&quot;yes&quot;,&quot;gallery_layout&quot;:&quot;grid&quot;,&quot;columns_tablet&quot;:2,&quot;columns_mobile&quot;:1,&quot;gap&quot;:{&quot;unit&quot;:&quot;px&quot;,&quot;size&quot;:10,&quot;sizes&quot;:[]},&quot;gap_tablet&quot;:{&quot;unit&quot;:&quot;px&quot;,&quot;size&quot;:10,&quot;sizes&quot;:[]},&quot;gap_mobile&quot;:{&quot;unit&quot;:&quot;px&quot;,&quot;size&quot;:10,&quot;sizes&quot;:[]},&quot;link_to&quot;:&quot;file&quot;,&quot;overlay_background&quot;:&quot;yes&quot;,&quot;content_hover_animation&quot;:&quot;fade-in&quot;}\" data-widget_type=\"gallery.default\">\n\t\t\t\t<div class=\"elementor-widget-container\">\n\t\t\t\t\t\t\t<div class=\"elementor-gallery__container\">\n\t\t\t\t\t\t\t<a class=\"e-gallery-item elementor-gallery-item elementor-animated-content\" href=\"https:\/\/www.lesdeuxchevres.com\/wp-content\/uploads\/2025\/02\/GettyImages-2180845405-1.jpg\" data-elementor-open-lightbox=\"yes\" data-elementor-lightbox-slideshow=\"ee86a9c\" data-elementor-lightbox-title=\"Cote de Nuits Wine Vineyard Engraved Stone Sign\" data-e-action-hash=\"#elementor-action%3Aaction%3Dlightbox%26settings%3DeyJpZCI6NjM4OSwidXJsIjoiaHR0cHM6XC9cL3d3dy5sZXNkZXV4Y2hldnJlcy5jb21cL3dwLWNvbnRlbnRcL3VwbG9hZHNcLzIwMjVcLzAyXC9HZXR0eUltYWdlcy0yMTgwODQ1NDA1LTEuanBnIiwic2xpZGVzaG93IjoiZWU4NmE5YyJ9\">\n\t\t\t\t\t<div class=\"e-gallery-image elementor-gallery-item__image\" data-thumbnail=\"https:\/\/www.lesdeuxchevres.com\/wp-content\/uploads\/2025\/02\/GettyImages-2180845405-1.jpg\" data-width=\"2244\" data-height=\"1336\" aria-label=\"\" role=\"img\" ><\/div>\n\t\t\t\t\t\t\t\t\t\t\t<div class=\"elementor-gallery-item__overlay\"><\/div>\n\t\t\t\t\t\t\t\t\t\t\t\t\t\t<\/a>\n\t\t\t\t\t\t\t<a class=\"e-gallery-item elementor-gallery-item elementor-animated-content\" href=\"https:\/\/www.lesdeuxchevres.com\/wp-content\/uploads\/2025\/01\/GettyImages-1215954924.jpg\" data-elementor-open-lightbox=\"yes\" data-elementor-lightbox-slideshow=\"ee86a9c\" data-elementor-lightbox-title=\"Riding moutain bike in the countryside\" data-e-action-hash=\"#elementor-action%3Aaction%3Dlightbox%26settings%3DeyJpZCI6NDE3NSwidXJsIjoiaHR0cHM6XC9cL3d3dy5sZXNkZXV4Y2hldnJlcy5jb21cL3dwLWNvbnRlbnRcL3VwbG9hZHNcLzIwMjVcLzAxXC9HZXR0eUltYWdlcy0xMjE1OTU0OTI0LmpwZyIsInNsaWRlc2hvdyI6ImVlODZhOWMifQ%3D%3D\">\n\t\t\t\t\t<div class=\"e-gallery-image elementor-gallery-item__image\" data-thumbnail=\"https:\/\/www.lesdeuxchevres.com\/wp-content\/uploads\/2025\/01\/GettyImages-1215954924.jpg\" data-width=\"2120\" data-height=\"1415\" aria-label=\"\" role=\"img\" ><\/div>\n\t\t\t\t\t\t\t\t\t\t\t<div class=\"elementor-gallery-item__overlay\"><\/div>\n\t\t\t\t\t\t\t\t\t\t\t\t\t\t<\/a>\n\t\t\t\t\t\t\t<a class=\"e-gallery-item elementor-gallery-item elementor-animated-content\" href=\"https:\/\/www.lesdeuxchevres.com\/wp-content\/uploads\/2025\/01\/jez-timms-GhfkRvlXK8c-unsplash-scaled.jpg\" data-elementor-open-lightbox=\"yes\" data-elementor-lightbox-slideshow=\"ee86a9c\" data-elementor-lightbox-title=\"jez-timms-GhfkRvlXK8c-unsplash\" data-e-action-hash=\"#elementor-action%3Aaction%3Dlightbox%26settings%3DeyJpZCI6NDE3NCwidXJsIjoiaHR0cHM6XC9cL3d3dy5sZXNkZXV4Y2hldnJlcy5jb21cL3dwLWNvbnRlbnRcL3VwbG9hZHNcLzIwMjVcLzAxXC9qZXotdGltbXMtR2hma1J2bFhLOGMtdW5zcGxhc2gtc2NhbGVkLmpwZyIsInNsaWRlc2hvdyI6ImVlODZhOWMifQ%3D%3D\">\n\t\t\t\t\t<div class=\"e-gallery-image elementor-gallery-item__image\" data-thumbnail=\"https:\/\/www.lesdeuxchevres.com\/wp-content\/uploads\/2025\/01\/jez-timms-GhfkRvlXK8c-unsplash-scaled.jpg\" data-width=\"2560\" data-height=\"1709\" aria-label=\"\" role=\"img\" ><\/div>\n\t\t\t\t\t\t\t\t\t\t\t<div class=\"elementor-gallery-item__overlay\"><\/div>\n\t\t\t\t\t\t\t\t\t\t\t\t\t\t<\/a>\n\t\t\t\t\t\t\t<a class=\"e-gallery-item elementor-gallery-item elementor-animated-content\" href=\"https:\/\/www.lesdeuxchevres.com\/wp-content\/uploads\/2025\/01\/standard-room-num-4-scaled.jpg\" data-elementor-open-lightbox=\"yes\" data-elementor-lightbox-slideshow=\"ee86a9c\" data-elementor-lightbox-title=\"standard room num 4\" data-e-action-hash=\"#elementor-action%3Aaction%3Dlightbox%26settings%3DeyJpZCI6Mzc0MCwidXJsIjoiaHR0cHM6XC9cL3d3dy5sZXNkZXV4Y2hldnJlcy5jb21cL3dwLWNvbnRlbnRcL3VwbG9hZHNcLzIwMjVcLzAxXC9zdGFuZGFyZC1yb29tLW51bS00LXNjYWxlZC5qcGciLCJzbGlkZXNob3ciOiJlZTg2YTljIn0%3D\">\n\t\t\t\t\t<div class=\"e-gallery-image elementor-gallery-item__image\" data-thumbnail=\"https:\/\/www.lesdeuxchevres.com\/wp-content\/uploads\/2025\/01\/standard-room-num-4-scaled.jpg\" data-width=\"2560\" data-height=\"1707\" aria-label=\"\" role=\"img\" ><\/div>\n\t\t\t\t\t\t\t\t\t\t\t<div class=\"elementor-gallery-item__overlay\"><\/div>\n\t\t\t\t\t\t\t\t\t\t\t\t\t\t<\/a>\n\t\t\t\t\t\t\t<a class=\"e-gallery-item elementor-gallery-item elementor-animated-content\" href=\"https:\/\/www.lesdeuxchevres.com\/wp-content\/uploads\/2025\/01\/priscilla-du-preez-D92BpULq-gk-unsplash-scaled.jpg\" data-elementor-open-lightbox=\"yes\" data-elementor-lightbox-slideshow=\"ee86a9c\" data-elementor-lightbox-title=\"priscilla-du-preez-D92BpULq-gk-unsplash\" data-e-action-hash=\"#elementor-action%3Aaction%3Dlightbox%26settings%3DeyJpZCI6NDE3NiwidXJsIjoiaHR0cHM6XC9cL3d3dy5sZXNkZXV4Y2hldnJlcy5jb21cL3dwLWNvbnRlbnRcL3VwbG9hZHNcLzIwMjVcLzAxXC9wcmlzY2lsbGEtZHUtcHJlZXotRDkyQnBVTHEtZ2stdW5zcGxhc2gtc2NhbGVkLmpwZyIsInNsaWRlc2hvdyI6ImVlODZhOWMifQ%3D%3D\">\n\t\t\t\t\t<div class=\"e-gallery-image elementor-gallery-item__image\" data-thumbnail=\"https:\/\/www.lesdeuxchevres.com\/wp-content\/uploads\/2025\/01\/priscilla-du-preez-D92BpULq-gk-unsplash-scaled.jpg\" data-width=\"1697\" data-height=\"2560\" aria-label=\"\" role=\"img\" ><\/div>\n\t\t\t\t\t\t\t\t\t\t\t<div class=\"elementor-gallery-item__overlay\"><\/div>\n\t\t\t\t\t\t\t\t\t\t\t\t\t\t<\/a>\n\t\t\t\t\t\t\t<a class=\"e-gallery-item elementor-gallery-item elementor-animated-content\" href=\"https:\/\/www.lesdeuxchevres.com\/wp-content\/uploads\/2025\/01\/Deux-Chevre-70-scaled.jpg\" data-elementor-open-lightbox=\"yes\" data-elementor-lightbox-slideshow=\"ee86a9c\" data-elementor-lightbox-title=\"Deux Chevre-70\" data-e-action-hash=\"#elementor-action%3Aaction%3Dlightbox%26settings%3DeyJpZCI6MzczOSwidXJsIjoiaHR0cHM6XC9cL3d3dy5sZXNkZXV4Y2hldnJlcy5jb21cL3dwLWNvbnRlbnRcL3VwbG9hZHNcLzIwMjVcLzAxXC9EZXV4LUNoZXZyZS03MC1zY2FsZWQuanBnIiwic2xpZGVzaG93IjoiZWU4NmE5YyJ9\">\n\t\t\t\t\t<div class=\"e-gallery-image elementor-gallery-item__image\" data-thumbnail=\"https:\/\/www.lesdeuxchevres.com\/wp-content\/uploads\/2025\/01\/Deux-Chevre-70-scaled.jpg\" data-width=\"2560\" data-height=\"1920\" aria-label=\"\" role=\"img\" ><\/div>\n\t\t\t\t\t\t\t\t\t\t\t<div class=\"elementor-gallery-item__overlay\"><\/div>\n\t\t\t\t\t\t\t\t\t\t\t\t\t\t<\/a>\n\t\t\t\t\t<\/div>\n\t\t\t\t\t<\/div>\n\t\t\t\t<\/div>\n\t\t\t\t\t<\/div>\n\t\t\t\t<\/div>\n\t\t<div class=\"elementor-element elementor-element-7e561a9 e-flex e-con-boxed e-con e-parent\" data-id=\"7e561a9\" data-element_type=\"container\" data-e-type=\"container\" data-settings=\"{&quot;background_background&quot;:&quot;classic&quot;}\">\n\t\t\t\t\t<div class=\"e-con-inner\">\n\t\t<div class=\"elementor-element elementor-element-a60a522 e-con-full e-flex e-con e-child\" data-id=\"a60a522\" data-element_type=\"container\" data-e-type=\"container\" data-settings=\"{&quot;background_background&quot;:&quot;classic&quot;}\">\n\t\t\t\t<\/div>\n\t\t<div class=\"elementor-element elementor-element-ae4d80e e-con-full e-flex e-con e-child\" data-id=\"ae4d80e\" data-element_type=\"container\" data-e-type=\"container\" data-settings=\"{&quot;background_background&quot;:&quot;classic&quot;}\">\n\t\t\t\t<div class=\"elementor-element elementor-element-7dd3f6e elementor-widget elementor-widget-text-editor\" data-id=\"7dd3f6e\" data-element_type=\"widget\" data-e-type=\"widget\" data-widget_type=\"text-editor.default\">\n\t\t\t\t<div class=\"elementor-widget-container\">\n\t\t\t\t\t\t\t\t\t<p>Nossa propriedade \u00e9 testemunha de uma era passada. Constru\u00edda no s\u00e9culo XIX, ela evoluiu ao longo do tempo para se tornar o hotel de luxo no cora\u00e7\u00e3o dos vinhedos que conhecemos hoje. Aqui, a modernidade e a tradi\u00e7\u00e3o coexistem, o calor e a confidencialidade s\u00e3o habilmente combinados, o luxo e a discri\u00e7\u00e3o s\u00e3o timidamente domados.<\/p>\t\t\t\t\t\t\t\t<\/div>\n\t\t\t\t<\/div>\n\t\t\t\t<\/div>\n\t\t\t\t\t<\/div>\n\t\t\t\t<\/div>\n\t\t<div class=\"elementor-element elementor-element-afd1a85 e-flex e-con-boxed e-con e-parent\" data-id=\"afd1a85\" data-element_type=\"container\" data-e-type=\"container\" data-settings=\"{&quot;background_background&quot;:&quot;classic&quot;}\">\n\t\t\t\t\t<div class=\"e-con-inner\">\n\t\t<div class=\"elementor-element elementor-element-5726dad e-con-full e-flex e-con e-child\" data-id=\"5726dad\" data-element_type=\"container\" data-e-type=\"container\">\n\t\t<div class=\"elementor-element elementor-element-4e0f3eb e-con-full e-flex e-con e-child\" data-id=\"4e0f3eb\" data-element_type=\"container\" data-e-type=\"container\">\n\t\t\t\t<div class=\"elementor-element elementor-element-452353c elementor-widget elementor-widget-text-editor\" data-id=\"452353c\" data-element_type=\"widget\" data-e-type=\"widget\" data-widget_type=\"text-editor.default\">\n\t\t\t\t<div class=\"elementor-widget-container\">\n\t\t\t\t\t\t\t\t\t<p>Refinado, mas sem ostenta\u00e7\u00e3o,<b> Les Deux Ch\u00e8vres <\/b>coloca sua rotina di\u00e1ria em espera. Seus dias s\u00e3o embelezados pela hospitalidade personalizada e suas noites s\u00e3o marcadas pela calma do ambiente. E se voc\u00ea ouvir com aten\u00e7\u00e3o, o suspiro do vento nas videiras lhe contar\u00e1 a hist\u00f3ria do lugar.<\/p>\t\t\t\t\t\t\t\t<\/div>\n\t\t\t\t<\/div>\n\t\t\t\t<\/div>\n\t\t\t\t<\/div>\n\t\t<div class=\"elementor-element elementor-element-9bb9dc6 e-con-full e-flex e-con e-child\" data-id=\"9bb9dc6\" data-element_type=\"container\" data-e-type=\"container\" data-settings=\"{&quot;background_background&quot;:&quot;classic&quot;}\">\n\t\t\t\t<\/div>\n\t\t\t\t\t<\/div>\n\t\t\t\t<\/div>\n\t\t<div class=\"elementor-element elementor-element-3d9f7a2 e-flex e-con-boxed e-con e-parent\" data-id=\"3d9f7a2\" data-element_type=\"container\" data-e-type=\"container\" data-settings=\"{&quot;background_background&quot;:&quot;classic&quot;}\">\n\t\t\t\t\t<div class=\"e-con-inner\">\n\t\t\t\t<div class=\"elementor-element elementor-element-f2da0ef elementor-widget elementor-widget-heading\" data-id=\"f2da0ef\" data-element_type=\"widget\" data-e-type=\"widget\" data-widget_type=\"heading.default\">\n\t\t\t\t<div class=\"elementor-widget-container\">\n\t\t\t\t\t<h2 class=\"elementor-heading-title elementor-size-default\"><i>Nossa casa<\/i><\/h2>\t\t\t\t<\/div>\n\t\t\t\t<\/div>\n\t\t\t\t<div class=\"elementor-element elementor-element-7bb72d6 elementor-widget-divider--view-line_icon elementor-view-default elementor-widget-divider--element-align-center elementor-widget elementor-widget-global elementor-global-364 elementor-widget-divider\" data-id=\"7bb72d6\" data-element_type=\"widget\" data-e-type=\"widget\" data-widget_type=\"divider.default\">\n\t\t\t\t<div class=\"elementor-widget-container\">\n\t\t\t\t\t\t\t<div class=\"elementor-divider\">\n\t\t\t<span class=\"elementor-divider-separator\">\n\t\t\t\t\t\t\t<div class=\"elementor-icon elementor-divider__element\">\n\t\t\t\t\t<i aria-hidden=\"true\" class=\"fas fa-dot-circle\"><\/i><\/div>\n\t\t\t\t\t\t<\/span>\n\t\t<\/div>\n\t\t\t\t\t\t<\/div>\n\t\t\t\t<\/div>\n\t\t<div class=\"elementor-element elementor-element-a09c485 e-flex e-con-boxed e-con e-child\" data-id=\"a09c485\" data-element_type=\"container\" data-e-type=\"container\">\n\t\t\t\t\t<div class=\"e-con-inner\">\n\t\t<div class=\"elementor-element elementor-element-4dfdf12 e-flex e-con-boxed e-con e-child\" data-id=\"4dfdf12\" data-element_type=\"container\" data-e-type=\"container\">\n\t\t\t\t\t<div class=\"e-con-inner\">\n\t\t\t\t<div class=\"elementor-element elementor-element-c9e5104 animated-slow elementor-invisible elementor-widget elementor-widget-image\" data-id=\"c9e5104\" data-element_type=\"widget\" data-e-type=\"widget\" data-settings=\"{&quot;_animation&quot;:&quot;fadeIn&quot;,&quot;_animation_delay&quot;:500}\" data-widget_type=\"image.default\">\n\t\t\t\t<div class=\"elementor-widget-container\">\n\t\t\t\t\t\t\t\t\t\t\t\t\t\t\t\t<a href=\"#\">\n\t\t\t\t\t\t\t<img decoding=\"async\" width=\"2118\" height=\"1416\" src=\"https:\/\/www.lesdeuxchevres.com\/wp-content\/uploads\/2025\/01\/GettyImages-1784597209.jpg\" class=\"elementor-animation-sink attachment-full size-full wp-image-4199\" alt=\"\" srcset=\"https:\/\/www.lesdeuxchevres.com\/wp-content\/uploads\/2025\/01\/GettyImages-1784597209.jpg 2118w, https:\/\/www.lesdeuxchevres.com\/wp-content\/uploads\/2025\/01\/GettyImages-1784597209-300x201.jpg 300w, https:\/\/www.lesdeuxchevres.com\/wp-content\/uploads\/2025\/01\/GettyImages-1784597209-1024x685.jpg 1024w, https:\/\/www.lesdeuxchevres.com\/wp-content\/uploads\/2025\/01\/GettyImages-1784597209-768x513.jpg 768w, https:\/\/www.lesdeuxchevres.com\/wp-content\/uploads\/2025\/01\/GettyImages-1784597209-1536x1027.jpg 1536w, https:\/\/www.lesdeuxchevres.com\/wp-content\/uploads\/2025\/01\/GettyImages-1784597209-2048x1369.jpg 2048w, https:\/\/www.lesdeuxchevres.com\/wp-content\/uploads\/2025\/01\/GettyImages-1784597209-18x12.jpg 18w\" sizes=\"(max-width: 2118px) 100vw, 2118px\" title=\"\">\t\t\t\t\t\t\t\t<\/a>\n\t\t\t\t\t\t\t\t\t\t\t\t\t\t\t<\/div>\n\t\t\t\t<\/div>\n\t\t<div class=\"elementor-element elementor-element-6331f1c e-con-full e-flex e-con e-child\" data-id=\"6331f1c\" data-element_type=\"container\" data-e-type=\"container\" data-settings=\"{&quot;background_background&quot;:&quot;classic&quot;}\">\n\t\t<div class=\"elementor-element elementor-element-f574fab e-flex e-con-boxed e-con e-child\" data-id=\"f574fab\" data-element_type=\"container\" data-e-type=\"container\" data-settings=\"{&quot;background_background&quot;:&quot;classic&quot;}\">\n\t\t\t\t\t<div class=\"e-con-inner\">\n\t\t\t\t<div class=\"elementor-element elementor-element-b809185 elementor-widget elementor-widget-heading\" data-id=\"b809185\" data-element_type=\"widget\" data-e-type=\"widget\" data-widget_type=\"heading.default\">\n\t\t\t\t<div class=\"elementor-widget-container\">\n\t\t\t\t\t<h3 class=\"elementor-heading-title elementor-size-default\"><i>Nossas ra\u00edzes<\/i><\/h3>\t\t\t\t<\/div>\n\t\t\t\t<\/div>\n\t\t\t\t<div class=\"elementor-element elementor-element-aa5f2dc elementor-widget elementor-widget-text-editor\" data-id=\"aa5f2dc\" data-element_type=\"widget\" data-e-type=\"widget\" data-widget_type=\"text-editor.default\">\n\t\t\t\t<div class=\"elementor-widget-container\">\n\t\t\t\t\t\t\t\t\t<p>Aninhado entre os vinhedos, nosso hotel transcende a hospitalidade tradicional para oferecer uma experi\u00eancia rara: uma viagem \u00edntima em que o luxo discreto se une \u00e0 riqueza do terroir. Aqui, cada pedra, cada detalhe conta uma hist\u00f3ria: a hist\u00f3ria de uma heran\u00e7a vin\u00edcola secular, de grands crus excepcionais e de um know-how enraizado no tempo.<\/p>\t\t\t\t\t\t\t\t<\/div>\n\t\t\t\t<\/div>\n\t\t\t\t<div class=\"elementor-element elementor-element-2a010c7 elementor-align-center elementor-widget elementor-widget-button\" data-id=\"2a010c7\" data-element_type=\"widget\" data-e-type=\"widget\" data-widget_type=\"button.default\">\n\t\t\t\t<div class=\"elementor-widget-container\">\n\t\t\t\t\t\t\t\t\t<div class=\"elementor-button-wrapper\">\n\t\t\t\t\t<a class=\"elementor-button elementor-button-link elementor-size-sm\" href=\"https:\/\/www.lesdeuxchevres.com\/pt\/hotel-de-luxe-au-coeur-des-vignes\/nos-racines\/\">\n\t\t\t\t\t\t<span class=\"elementor-button-content-wrapper\">\n\t\t\t\t\t\t\t\t\t<span class=\"elementor-button-text\">Veja mais<\/span>\n\t\t\t\t\t<\/span>\n\t\t\t\t\t<\/a>\n\t\t\t\t<\/div>\n\t\t\t\t\t\t\t\t<\/div>\n\t\t\t\t<\/div>\n\t\t\t\t\t<\/div>\n\t\t\t\t<\/div>\n\t\t\t\t<\/div>\n\t\t\t\t\t<\/div>\n\t\t\t\t<\/div>\n\t\t<div class=\"elementor-element elementor-element-4edd3f9 e-flex e-con-boxed e-con e-child\" data-id=\"4edd3f9\" data-element_type=\"container\" data-e-type=\"container\">\n\t\t\t\t\t<div class=\"e-con-inner\">\n\t\t\t\t<div class=\"elementor-element elementor-element-243b2c8 animated-slow elementor-invisible elementor-widget elementor-widget-image\" data-id=\"243b2c8\" data-element_type=\"widget\" data-e-type=\"widget\" data-settings=\"{&quot;_animation&quot;:&quot;fadeIn&quot;,&quot;_animation_delay&quot;:500}\" data-widget_type=\"image.default\">\n\t\t\t\t<div class=\"elementor-widget-container\">\n\t\t\t\t\t\t\t\t\t\t\t\t\t\t\t\t<a href=\"#\">\n\t\t\t\t\t\t\t<img decoding=\"async\" width=\"2560\" height=\"1707\" src=\"https:\/\/www.lesdeuxchevres.com\/wp-content\/uploads\/2025\/01\/GettyImages-90821313-scaled.jpg\" class=\"elementor-animation-sink attachment-full size-full wp-image-4247\" alt=\"\" srcset=\"https:\/\/www.lesdeuxchevres.com\/wp-content\/uploads\/2025\/01\/GettyImages-90821313-scaled.jpg 2560w, https:\/\/www.lesdeuxchevres.com\/wp-content\/uploads\/2025\/01\/GettyImages-90821313-300x200.jpg 300w, https:\/\/www.lesdeuxchevres.com\/wp-content\/uploads\/2025\/01\/GettyImages-90821313-1024x683.jpg 1024w, https:\/\/www.lesdeuxchevres.com\/wp-content\/uploads\/2025\/01\/GettyImages-90821313-768x512.jpg 768w, https:\/\/www.lesdeuxchevres.com\/wp-content\/uploads\/2025\/01\/GettyImages-90821313-1536x1024.jpg 1536w, https:\/\/www.lesdeuxchevres.com\/wp-content\/uploads\/2025\/01\/GettyImages-90821313-2048x1365.jpg 2048w, https:\/\/www.lesdeuxchevres.com\/wp-content\/uploads\/2025\/01\/GettyImages-90821313-18x12.jpg 18w\" sizes=\"(max-width: 2560px) 100vw, 2560px\" title=\"\">\t\t\t\t\t\t\t\t<\/a>\n\t\t\t\t\t\t\t\t\t\t\t\t\t\t\t<\/div>\n\t\t\t\t<\/div>\n\t\t<div class=\"elementor-element elementor-element-c0f5e95 e-flex e-con-boxed e-con e-child\" data-id=\"c0f5e95\" data-element_type=\"container\" data-e-type=\"container\" data-settings=\"{&quot;background_background&quot;:&quot;classic&quot;}\">\n\t\t\t\t\t<div class=\"e-con-inner\">\n\t\t<div class=\"elementor-element elementor-element-f0b5482 e-flex e-con-boxed e-con e-child\" data-id=\"f0b5482\" data-element_type=\"container\" data-e-type=\"container\" data-settings=\"{&quot;background_background&quot;:&quot;classic&quot;}\">\n\t\t\t\t\t<div class=\"e-con-inner\">\n\t\t\t\t<div class=\"elementor-element elementor-element-5aea78d elementor-widget elementor-widget-heading\" data-id=\"5aea78d\" data-element_type=\"widget\" data-e-type=\"widget\" data-widget_type=\"heading.default\">\n\t\t\t\t<div class=\"elementor-widget-container\">\n\t\t\t\t\t<h3 class=\"elementor-heading-title elementor-size-default\"><i>Nossa ess\u00eancia<\/i><\/h3>\t\t\t\t<\/div>\n\t\t\t\t<\/div>\n\t\t\t\t<div class=\"elementor-element elementor-element-5fd965e elementor-widget elementor-widget-text-editor\" data-id=\"5fd965e\" data-element_type=\"widget\" data-e-type=\"widget\" data-widget_type=\"text-editor.default\">\n\t\t\t\t<div class=\"elementor-widget-container\">\n\t\t\t\t\t\t\t\t\t<p>Nosso hotel boutique incorpora a eleg\u00e2ncia e a autenticidade da Borgonha. Prestamos homenagem \u00e0 arte de viver da Borgonha por meio de hospitalidade personalizada e experi\u00eancias exclusivas. Combinando luxo discreto com respeito ao terroir, nossa casa oferece uma fuga inesquec\u00edvel onde cada momento, gravado na atemporalidade desta terra, torna-se uma ode \u00e0 excel\u00eancia e \u00e0 emo\u00e7\u00e3o.<\/p>\t\t\t\t\t\t\t\t<\/div>\n\t\t\t\t<\/div>\n\t\t\t\t<div class=\"elementor-element elementor-element-4aba9e9 elementor-align-center elementor-widget elementor-widget-button\" data-id=\"4aba9e9\" data-element_type=\"widget\" data-e-type=\"widget\" data-widget_type=\"button.default\">\n\t\t\t\t<div class=\"elementor-widget-container\">\n\t\t\t\t\t\t\t\t\t<div class=\"elementor-button-wrapper\">\n\t\t\t\t\t<a class=\"elementor-button elementor-button-link elementor-size-sm\" href=\"https:\/\/www.lesdeuxchevres.com\/pt\/hotel-de-luxe-au-coeur-des-vignes\/essence\/\">\n\t\t\t\t\t\t<span class=\"elementor-button-content-wrapper\">\n\t\t\t\t\t\t\t\t\t<span class=\"elementor-button-text\">Veja mais<\/span>\n\t\t\t\t\t<\/span>\n\t\t\t\t\t<\/a>\n\t\t\t\t<\/div>\n\t\t\t\t\t\t\t\t<\/div>\n\t\t\t\t<\/div>\n\t\t\t\t\t<\/div>\n\t\t\t\t<\/div>\n\t\t\t\t\t<\/div>\n\t\t\t\t<\/div>\n\t\t\t\t\t<\/div>\n\t\t\t\t<\/div>\n\t\t\t\t\t<\/div>\n\t\t\t\t<\/div>\n\t\t\t\t\t<\/div>\n\t\t\t\t<\/div>\n\t\t\t\t<\/div>","protected":false},"excerpt":{"rendered":"<p>Notre maison, votre destination Bienvenue dans notre h\u00f4tel de luxe au c\u0153ur des vignes Du confort, de l\u2019authenticit\u00e9, de l\u2019hospitalit\u00e9 et du calme. Ici, ces termes ne sont pas feints tant nous avons \u00e0 c\u0153ur de vous faire vivre des exp\u00e9riences authentiques et sinc\u00e8res, avec les vignobles comme observateurs privil\u00e9gi\u00e9s. Profond\u00e9ment ancr\u00e9s dans nos terres, [&hellip;]<\/p>\n","protected":false},"author":7,"featured_media":0,"parent":0,"menu_order":0,"comment_status":"closed","ping_status":"closed","template":"","meta":{"_acf_changed":false,"inline_featured_image":false,"footnotes":""},"class_list":["post-61","page","type-page","status-publish","hentry"],"acf":[],"_links":{"self":[{"href":"https:\/\/www.lesdeuxchevres.com\/pt\/wp-json\/wp\/v2\/pages\/61","targetHints":{"allow":["GET"]}}],"collection":[{"href":"https:\/\/www.lesdeuxchevres.com\/pt\/wp-json\/wp\/v2\/pages"}],"about":[{"href":"https:\/\/www.lesdeuxchevres.com\/pt\/wp-json\/wp\/v2\/types\/page"}],"author":[{"embeddable":true,"href":"https:\/\/www.lesdeuxchevres.com\/pt\/wp-json\/wp\/v2\/users\/7"}],"replies":[{"embeddable":true,"href":"https:\/\/www.lesdeuxchevres.com\/pt\/wp-json\/wp\/v2\/comments?post=61"}],"version-history":[{"count":403,"href":"https:\/\/www.lesdeuxchevres.com\/pt\/wp-json\/wp\/v2\/pages\/61\/revisions"}],"predecessor-version":[{"id":6857,"href":"https:\/\/www.lesdeuxchevres.com\/pt\/wp-json\/wp\/v2\/pages\/61\/revisions\/6857"}],"wp:attachment":[{"href":"https:\/\/www.lesdeuxchevres.com\/pt\/wp-json\/wp\/v2\/media?parent=61"}],"curies":[{"name":"wp","href":"https:\/\/api.w.org\/{rel}","templated":true}]}}