{"id":6067,"date":"2025-02-13T10:29:53","date_gmt":"2025-02-13T09:29:53","guid":{"rendered":"https:\/\/www.lesdeuxchevres.com\/?page_id=6067"},"modified":"2025-02-18T13:50:48","modified_gmt":"2025-02-18T12:50:48","slug":"gevrey-chambertin","status":"publish","type":"page","link":"https:\/\/www.lesdeuxchevres.com\/pt\/hotel-de-charme-en-bourgogne\/gevrey-chambertin\/","title":{"rendered":"Gevrey-Chambertin"},"content":{"rendered":"<div data-elementor-type=\"wp-page\" data-elementor-id=\"6067\" class=\"elementor elementor-6067\" data-elementor-post-type=\"page\">\n\t\t\t\t<div class=\"elementor-element elementor-element-3b84966 e-con-full e-flex e-con e-parent\" data-id=\"3b84966\" data-element_type=\"container\" data-e-type=\"container\" data-settings=\"{&quot;background_background&quot;:&quot;classic&quot;}\">\n\t\t\t\t<div class=\"elementor-element elementor-element-795fd11 elementor-widget elementor-widget-heading\" data-id=\"795fd11\" data-element_type=\"widget\" data-e-type=\"widget\" data-widget_type=\"heading.default\">\n\t\t\t\t<div class=\"elementor-widget-container\">\n\t\t\t\t\t<span class=\"elementor-heading-title elementor-size-default\"><i>Gevrey-Chambertin<\/i><\/span>\t\t\t\t<\/div>\n\t\t\t\t<\/div>\n\t\t\t\t<\/div>\n\t\t<div class=\"elementor-element elementor-element-1352f5e e-con-full e-flex e-con e-parent\" data-id=\"1352f5e\" data-element_type=\"container\" data-e-type=\"container\">\n\t\t<div class=\"elementor-element elementor-element-82b19ae e-con-full e-flex e-con e-child\" data-id=\"82b19ae\" data-element_type=\"container\" data-e-type=\"container\" data-settings=\"{&quot;background_background&quot;:&quot;classic&quot;}\">\n\t\t<div class=\"elementor-element elementor-element-005ee92 e-con-full e-flex e-con e-child\" data-id=\"005ee92\" data-element_type=\"container\" data-e-type=\"container\" data-settings=\"{&quot;background_background&quot;:&quot;classic&quot;}\">\n\t\t\t\t<div class=\"elementor-element elementor-element-2191a74 elementor-widget elementor-widget-image\" data-id=\"2191a74\" data-element_type=\"widget\" data-e-type=\"widget\" data-widget_type=\"image.default\">\n\t\t\t\t<div class=\"elementor-widget-container\">\n\t\t\t\t\t\t\t\t\t\t\t\t\t\t\t<img fetchpriority=\"high\" decoding=\"async\" width=\"800\" height=\"450\" src=\"https:\/\/www.lesdeuxchevres.com\/wp-content\/uploads\/2025\/02\/CHARTE-WEB-LES-DEUX-CHEVRES-22-1024x576.png\" class=\"attachment-large size-large wp-image-5001\" alt=\"\" srcset=\"https:\/\/www.lesdeuxchevres.com\/wp-content\/uploads\/2025\/02\/CHARTE-WEB-LES-DEUX-CHEVRES-22-1024x576.png 1024w, https:\/\/www.lesdeuxchevres.com\/wp-content\/uploads\/2025\/02\/CHARTE-WEB-LES-DEUX-CHEVRES-22-300x169.png 300w, https:\/\/www.lesdeuxchevres.com\/wp-content\/uploads\/2025\/02\/CHARTE-WEB-LES-DEUX-CHEVRES-22-768x432.png 768w, https:\/\/www.lesdeuxchevres.com\/wp-content\/uploads\/2025\/02\/CHARTE-WEB-LES-DEUX-CHEVRES-22-18x10.png 18w, https:\/\/www.lesdeuxchevres.com\/wp-content\/uploads\/2025\/02\/CHARTE-WEB-LES-DEUX-CHEVRES-22.png 1366w\" sizes=\"(max-width: 800px) 100vw, 800px\" title=\"\">\t\t\t\t\t\t\t\t\t\t\t\t\t\t\t<\/div>\n\t\t\t\t<\/div>\n\t\t\t\t<div class=\"elementor-element elementor-element-dcba53f elementor-widget elementor-widget-heading\" data-id=\"dcba53f\" data-element_type=\"widget\" data-e-type=\"widget\" data-widget_type=\"heading.default\">\n\t\t\t\t<div class=\"elementor-widget-container\">\n\t\t\t\t\t<h2 class=\"elementor-heading-title elementor-size-default\">Gevrey-Chambertin : <br>\n<i>a majestade dos grands crus<\/i><\/h2>\t\t\t\t<\/div>\n\t\t\t\t<\/div>\n\t\t\t\t<div class=\"elementor-element elementor-element-50239f5 elementor-widget-divider--view-line_icon elementor-view-default elementor-widget-divider--element-align-center elementor-widget elementor-widget-global elementor-global-364 elementor-widget-divider\" data-id=\"50239f5\" data-element_type=\"widget\" data-e-type=\"widget\" data-widget_type=\"divider.default\">\n\t\t\t\t<div class=\"elementor-widget-container\">\n\t\t\t\t\t\t\t<div class=\"elementor-divider\">\n\t\t\t<span class=\"elementor-divider-separator\">\n\t\t\t\t\t\t\t<div class=\"elementor-icon elementor-divider__element\">\n\t\t\t\t\t<i aria-hidden=\"true\" class=\"fas fa-dot-circle\"><\/i><\/div>\n\t\t\t\t\t\t<\/span>\n\t\t<\/div>\n\t\t\t\t\t\t<\/div>\n\t\t\t\t<\/div>\n\t\t\t\t<div class=\"elementor-element elementor-element-19f39f2 elementor-widget elementor-widget-text-editor\" data-id=\"19f39f2\" data-element_type=\"widget\" data-e-type=\"widget\" data-widget_type=\"text-editor.default\">\n\t\t\t\t<div class=\"elementor-widget-container\">\n\t\t\t\t\t\t\t\t\t<p>Aninhado no cora\u00e7\u00e3o da C\u00f4te de Nuits, Gevrey-Chambertin \u00e9 muito mais do que um vilarejo: \u00e9 um santu\u00e1rio onde o tempo parece suspenso, uma terra lend\u00e1ria que incorpora a pr\u00f3pria ess\u00eancia da Borgonha. Aqui, cada parcela de videiras conta uma hist\u00f3ria que remonta a s\u00e9culos, uma hist\u00f3ria em que o homem e a natureza trabalham em perfeita harmonia para criar vinhos que transcendem os limites do gosto e do tempo.<\/p>\t\t\t\t\t\t\t\t<\/div>\n\t\t\t\t<\/div>\n\t\t\t\t<\/div>\n\t\t\t\t<\/div>\n\t\t<div class=\"elementor-element elementor-element-6a7ab04 e-flex e-con-boxed e-con e-child\" data-id=\"6a7ab04\" data-element_type=\"container\" data-e-type=\"container\" data-settings=\"{&quot;background_background&quot;:&quot;classic&quot;}\">\n\t\t\t\t\t<div class=\"e-con-inner\">\n\t\t<div class=\"elementor-element elementor-element-d926ed5 e-con-full e-flex e-con e-child\" data-id=\"d926ed5\" data-element_type=\"container\" data-e-type=\"container\" data-settings=\"{&quot;background_background&quot;:&quot;classic&quot;}\">\n\t\t\t\t<\/div>\n\t\t<div class=\"elementor-element elementor-element-f497148 e-con-full e-flex e-con e-child\" data-id=\"f497148\" data-element_type=\"container\" data-e-type=\"container\" data-settings=\"{&quot;background_background&quot;:&quot;classic&quot;}\">\n\t\t\t\t<div class=\"elementor-element elementor-element-e83ae98 elementor-widget elementor-widget-heading\" data-id=\"e83ae98\" data-element_type=\"widget\" data-e-type=\"widget\" data-widget_type=\"heading.default\">\n\t\t\t\t<div class=\"elementor-widget-container\">\n\t\t\t\t\t<h2 class=\"elementor-heading-title elementor-size-default\"><i>Pinot Noir :\nO rei dos vinhos<\/i><\/h2>\t\t\t\t<\/div>\n\t\t\t\t<\/div>\n\t\t\t\t<div class=\"elementor-element elementor-element-662e22f elementor-widget elementor-widget-text-editor\" data-id=\"662e22f\" data-element_type=\"widget\" data-e-type=\"widget\" data-widget_type=\"text-editor.default\">\n\t\t\t\t<div class=\"elementor-widget-container\">\n\t\t\t\t\t\t\t\t\t<p>Conhecido como \"o rei dos vinhos e o vinho dos reis\", Gevrey-Chambertin \u00e9 o ber\u00e7o de grands crus ic\u00f4nicos, apreciados por conhecedores esclarecidos e pelos paladares mais exigentes. Seus Climats, listados como Patrim\u00f4nio Mundial da UNESCO, formam um verdadeiro cen\u00e1rio natural, onde cada encosta, banhada por uma luz suave e dourada, expressa com delicadeza o poder e a eleg\u00e2ncia da uva Pinot Noir.<\/p>\t\t\t\t\t\t\t\t<\/div>\n\t\t\t\t<\/div>\n\t\t\t\t<\/div>\n\t\t\t\t\t<\/div>\n\t\t\t\t<\/div>\n\t\t\t\t<\/div>\n\t\t<div class=\"elementor-element elementor-element-e7c7a27 e-con-full e-flex e-con e-parent\" data-id=\"e7c7a27\" data-element_type=\"container\" data-e-type=\"container\" data-settings=\"{&quot;background_background&quot;:&quot;classic&quot;}\">\n\t\t<div class=\"elementor-element elementor-element-aef63de e-con-full e-flex e-con e-child\" data-id=\"aef63de\" data-element_type=\"container\" data-e-type=\"container\">\n\t\t<div class=\"elementor-element elementor-element-a6c72bd e-con-full e-flex e-con e-child\" data-id=\"a6c72bd\" data-element_type=\"container\" data-e-type=\"container\">\n\t\t\t\t<div class=\"elementor-element elementor-element-bdd8a6d elementor-widget elementor-widget-image\" data-id=\"bdd8a6d\" data-element_type=\"widget\" data-e-type=\"widget\" data-widget_type=\"image.default\">\n\t\t\t\t<div class=\"elementor-widget-container\">\n\t\t\t\t\t\t\t\t\t\t\t\t\t\t\t<img decoding=\"async\" width=\"800\" height=\"450\" src=\"https:\/\/www.lesdeuxchevres.com\/wp-content\/uploads\/2025\/01\/CHARTE-WEB-LES-DEUX-CHEVRES-4-1024x576.png\" class=\"attachment-large size-large wp-image-4278\" alt=\"\" srcset=\"https:\/\/www.lesdeuxchevres.com\/wp-content\/uploads\/2025\/01\/CHARTE-WEB-LES-DEUX-CHEVRES-4-1024x576.png 1024w, https:\/\/www.lesdeuxchevres.com\/wp-content\/uploads\/2025\/01\/CHARTE-WEB-LES-DEUX-CHEVRES-4-300x169.png 300w, https:\/\/www.lesdeuxchevres.com\/wp-content\/uploads\/2025\/01\/CHARTE-WEB-LES-DEUX-CHEVRES-4-768x432.png 768w, https:\/\/www.lesdeuxchevres.com\/wp-content\/uploads\/2025\/01\/CHARTE-WEB-LES-DEUX-CHEVRES-4-1536x863.png 1536w, https:\/\/www.lesdeuxchevres.com\/wp-content\/uploads\/2025\/01\/CHARTE-WEB-LES-DEUX-CHEVRES-4-18x10.png 18w, https:\/\/www.lesdeuxchevres.com\/wp-content\/uploads\/2025\/01\/CHARTE-WEB-LES-DEUX-CHEVRES-4.png 1708w\" sizes=\"(max-width: 800px) 100vw, 800px\" title=\"\">\t\t\t\t\t\t\t\t\t\t\t\t\t\t\t<\/div>\n\t\t\t\t<\/div>\n\t\t\t\t<div class=\"elementor-element elementor-element-972c180 elementor-widget elementor-widget-heading\" data-id=\"972c180\" data-element_type=\"widget\" data-e-type=\"widget\" data-widget_type=\"heading.default\">\n\t\t\t\t<div class=\"elementor-widget-container\">\n\t\t\t\t\t<h3 class=\"elementor-heading-title elementor-size-default\"><i>A arte de viver da Borgonha<\/i><\/h3>\t\t\t\t<\/div>\n\t\t\t\t<\/div>\n\t\t\t\t<div class=\"elementor-element elementor-element-6ca7f88 elementor-widget elementor-widget-text-editor\" data-id=\"6ca7f88\" data-element_type=\"widget\" data-e-type=\"widget\" data-widget_type=\"text-editor.default\">\n\t\t\t\t<div class=\"elementor-widget-container\">\n\t\t\t\t\t\t\t\t\t<p>Mas Gevrey-Chambertin tamb\u00e9m \u00e9 um convite para descobrir a arte de viver da Borgonha. Suas adegas abobadadas, propriedades centen\u00e1rias e habitantes apaixonados oferecem uma experi\u00eancia imersiva em um mundo onde as habilidades de produ\u00e7\u00e3o de vinho s\u00e3o elevadas \u00e0 categoria de arte.<\/p>\n<p><br><\/p><p>Prove vinhos excepcionais, passeie por paisagens serenas e mergulhe em uma hist\u00f3ria que moldou alguns dos melhores restaurantes do mundo.<\/p>\n<p><br><\/p><p>Em Gevrey-Chambertin, cada visitante se torna uma testemunha privilegiada da excel\u00eancia atemporal da Borgonha. Uma viagem aqui \u00e9 mais do que apenas uma escapada: \u00e9 uma comunh\u00e3o com uma terra que ressoa com tradi\u00e7\u00e3o, prest\u00edgio e paix\u00e3o.<\/p>\t\t\t\t\t\t\t\t<\/div>\n\t\t\t\t<\/div>\n\t\t\t\t<\/div>\n\t\t<div class=\"elementor-element elementor-element-f632441 e-con-full e-flex e-con e-child\" data-id=\"f632441\" data-element_type=\"container\" data-e-type=\"container\">\n\t\t\t\t<div class=\"elementor-element elementor-element-191d0b0 elementor-widget-tablet__width-inherit elementor-widget elementor-widget-image\" data-id=\"191d0b0\" data-element_type=\"widget\" data-e-type=\"widget\" data-widget_type=\"image.default\">\n\t\t\t\t<div class=\"elementor-widget-container\">\n\t\t\t\t\t\t\t\t\t\t\t\t\t\t\t<img decoding=\"async\" width=\"683\" height=\"1024\" src=\"https:\/\/www.lesdeuxchevres.com\/wp-content\/uploads\/2025\/02\/marcel-gross-marcelgross-ch-sHTwDYKti6Q-unsplash-683x1024.jpg\" class=\"attachment-large size-large wp-image-4989\" alt=\"\" srcset=\"https:\/\/www.lesdeuxchevres.com\/wp-content\/uploads\/2025\/02\/marcel-gross-marcelgross-ch-sHTwDYKti6Q-unsplash-683x1024.jpg 683w, https:\/\/www.lesdeuxchevres.com\/wp-content\/uploads\/2025\/02\/marcel-gross-marcelgross-ch-sHTwDYKti6Q-unsplash-200x300.jpg 200w, https:\/\/www.lesdeuxchevres.com\/wp-content\/uploads\/2025\/02\/marcel-gross-marcelgross-ch-sHTwDYKti6Q-unsplash-768x1151.jpg 768w, https:\/\/www.lesdeuxchevres.com\/wp-content\/uploads\/2025\/02\/marcel-gross-marcelgross-ch-sHTwDYKti6Q-unsplash-1025x1536.jpg 1025w, https:\/\/www.lesdeuxchevres.com\/wp-content\/uploads\/2025\/02\/marcel-gross-marcelgross-ch-sHTwDYKti6Q-unsplash-1367x2048.jpg 1367w, https:\/\/www.lesdeuxchevres.com\/wp-content\/uploads\/2025\/02\/marcel-gross-marcelgross-ch-sHTwDYKti6Q-unsplash-8x12.jpg 8w, https:\/\/www.lesdeuxchevres.com\/wp-content\/uploads\/2025\/02\/marcel-gross-marcelgross-ch-sHTwDYKti6Q-unsplash-scaled.jpg 1709w\" sizes=\"(max-width: 683px) 100vw, 683px\" title=\"\">\t\t\t\t\t\t\t\t\t\t\t\t\t\t\t<\/div>\n\t\t\t\t<\/div>\n\t\t\t\t<\/div>\n\t\t\t\t<\/div>\n\t\t\t\t<\/div>\n\t\t<div class=\"elementor-element elementor-element-7e8cb63 e-con-full e-flex e-con e-parent\" data-id=\"7e8cb63\" data-element_type=\"container\" data-e-type=\"container\" data-settings=\"{&quot;background_background&quot;:&quot;classic&quot;}\">\n\t\t<div class=\"elementor-element elementor-element-9ead473 e-con-full e-flex e-con e-child\" data-id=\"9ead473\" data-element_type=\"container\" data-e-type=\"container\" data-settings=\"{&quot;background_background&quot;:&quot;classic&quot;}\">\n\t\t\t\t<\/div>\n\t\t<div class=\"elementor-element elementor-element-f388982 e-con-full e-flex e-con e-child\" data-id=\"f388982\" data-element_type=\"container\" data-e-type=\"container\">\n\t\t<div class=\"elementor-element elementor-element-20f9a69 e-flex e-con-boxed e-con e-child\" data-id=\"20f9a69\" data-element_type=\"container\" data-e-type=\"container\" data-settings=\"{&quot;background_background&quot;:&quot;classic&quot;}\">\n\t\t\t\t\t<div class=\"e-con-inner\">\n\t\t\t\t<div class=\"elementor-element elementor-element-af3bb6f elementor-widget elementor-widget-heading\" data-id=\"af3bb6f\" data-element_type=\"widget\" data-e-type=\"widget\" data-widget_type=\"heading.default\">\n\t\t\t\t<div class=\"elementor-widget-container\">\n\t\t\t\t\t<h2 class=\"elementor-heading-title elementor-size-default\"><i>Os 9 Grands Crus de Gevrey-Chambertin<\/i><\/h2>\t\t\t\t<\/div>\n\t\t\t\t<\/div>\n\t\t\t\t<div class=\"elementor-element elementor-element-645ce5d elementor-widget elementor-widget-text-editor\" data-id=\"645ce5d\" data-element_type=\"widget\" data-e-type=\"widget\" data-widget_type=\"text-editor.default\">\n\t\t\t\t<div class=\"elementor-widget-container\">\n\t\t\t\t\t\t\t\t\t<p>Gevrey-Chambertin \u00e9 o cen\u00e1rio de nove grands crus, cada um com sua pr\u00f3pria identidade \u00fanica, moldada pelo homem, s\u00e9culos de viticultura e solos excepcionais:<\/p><p>\u00a0<\/p><ol><li><strong>Chambertin<\/strong> A joia da Borgonha, poderosa e refinada.<\/li><li><strong>Chambertin-Clos de B\u00e8ze<\/strong> Um dos mais antigos crus da regi\u00e3o, que remonta ao s\u00e9culo VII.<\/li><li><strong>Mazis-Chambertin<\/strong> Intenso e vigoroso, ele agradar\u00e1 aos amantes de vinhos complexos.<\/li><li><strong>Ruchottes-Chambertin<\/strong> Sutil e elegante, com uma estrutura delicada.<\/li><li><strong>Mazoy\u00e8res-Chambertin<\/strong> Encantador, combinando redondeza e profundidade.<\/li><li><strong>Griotte-Chambertin<\/strong> Um vinho raro e requintado com aromas finos e frutados.<\/li><li><strong>Charmes-Chambertin<\/strong> Delicado e sedoso, um vinho de grande sensualidade.<\/li><li><strong>Latrici\u00e8res-Chambertin<\/strong> Mineral e preciso, com um final longo.<\/li><li><strong>Chapelle-Chambertin<\/strong> Rico e equilibrado, ele representa a perfeita harmonia do terroir.<\/li><\/ol>\t\t\t\t\t\t\t\t<\/div>\n\t\t\t\t<\/div>\n\t\t\t\t\t<\/div>\n\t\t\t\t<\/div>\n\t\t\t\t<\/div>\n\t\t\t\t<\/div>\n\t\t<div class=\"elementor-element elementor-element-bada7ad e-con-full e-flex e-con e-parent\" data-id=\"bada7ad\" data-element_type=\"container\" data-e-type=\"container\" data-settings=\"{&quot;background_background&quot;:&quot;classic&quot;}\">\n\t\t<div class=\"elementor-element elementor-element-f17b93f e-con-full e-flex e-con e-child\" data-id=\"f17b93f\" data-element_type=\"container\" data-e-type=\"container\">\n\t\t<div class=\"elementor-element elementor-element-7cb2d66 e-flex e-con-boxed e-con e-child\" data-id=\"7cb2d66\" data-element_type=\"container\" data-e-type=\"container\" data-settings=\"{&quot;background_background&quot;:&quot;classic&quot;}\">\n\t\t\t\t\t<div class=\"e-con-inner\">\n\t\t\t\t<div class=\"elementor-element elementor-element-18be6f2 elementor-widget elementor-widget-heading\" data-id=\"18be6f2\" data-element_type=\"widget\" data-e-type=\"widget\" data-widget_type=\"heading.default\">\n\t\t\t\t<div class=\"elementor-widget-container\">\n\t\t\t\t\t<h2 class=\"elementor-heading-title elementor-size-default\"><i>Um terroir \u00fanico<\/i><\/h2>\t\t\t\t<\/div>\n\t\t\t\t<\/div>\n\t\t\t\t<div class=\"elementor-element elementor-element-d5c0216 elementor-widget-mobile__width-initial elementor-widget elementor-widget-text-editor\" data-id=\"d5c0216\" data-element_type=\"widget\" data-e-type=\"widget\" data-widget_type=\"text-editor.default\">\n\t\t\t\t<div class=\"elementor-widget-container\">\n\t\t\t\t\t\t\t\t\t<p>Os solos de Gevrey-Chambertin, compostos de calc\u00e1rio e argila, combinados com a exposi\u00e7\u00e3o ideal e um microclima favor\u00e1vel, criam condi\u00e7\u00f5es perfeitas para o Pinot Noir. Esses solos, trabalhados com paix\u00e3o por gera\u00e7\u00f5es de produtores de vinho, produzem vinhos potentes, complexos e incomparavelmente finos.<\/p>\t\t\t\t\t\t\t\t<\/div>\n\t\t\t\t<\/div>\n\t\t\t\t<div class=\"elementor-element elementor-element-ea2eda4 elementor-align-left elementor-widget elementor-widget-button\" data-id=\"ea2eda4\" data-element_type=\"widget\" data-e-type=\"widget\" data-widget_type=\"button.default\">\n\t\t\t\t<div class=\"elementor-widget-container\">\n\t\t\t\t\t\t\t\t\t<div class=\"elementor-button-wrapper\">\n\t\t\t\t\t<a class=\"elementor-button elementor-button-link elementor-size-sm\" href=\"https:\/\/www.lesdeuxchevres.com\/pt\/hotel-de-charme-en-bourgogne\/climat-bourgogne\/\">\n\t\t\t\t\t\t<span class=\"elementor-button-content-wrapper\">\n\t\t\t\t\t\t\t\t\t<span class=\"elementor-button-text\">Descubra os climas da Borgonha<\/span>\n\t\t\t\t\t<\/span>\n\t\t\t\t\t<\/a>\n\t\t\t\t<\/div>\n\t\t\t\t\t\t\t\t<\/div>\n\t\t\t\t<\/div>\n\t\t\t\t\t<\/div>\n\t\t\t\t<\/div>\n\t\t\t\t<\/div>\n\t\t<div class=\"elementor-element elementor-element-a60e5f3 e-con-full e-flex e-con e-child\" data-id=\"a60e5f3\" data-element_type=\"container\" data-e-type=\"container\" data-settings=\"{&quot;background_background&quot;:&quot;classic&quot;}\">\n\t\t\t\t<\/div>\n\t\t\t\t<\/div>\n\t\t\t\t<\/div>","protected":false},"excerpt":{"rendered":"<p>Gevrey-Chambertin Gevrey-Chambertin : la majest\u00e9 des grands crus Nich\u00e9 au c\u0153ur de la C\u00f4te de Nuits, Gevrey-Chambertin est bien plus qu\u2019un village\u202f: c\u2019est un sanctuaire o\u00f9 le temps semble suspendu, une terre l\u00e9gendaire qui incarne l\u2019essence m\u00eame de la Bourgogne. Ici, chaque parcelle de vigne raconte une histoire vieille de plusieurs si\u00e8cles, une histoire o\u00f9 [&hellip;]<\/p>\n","protected":false},"author":7,"featured_media":0,"parent":65,"menu_order":0,"comment_status":"closed","ping_status":"closed","template":"","meta":{"_acf_changed":false,"inline_featured_image":false,"footnotes":""},"class_list":["post-6067","page","type-page","status-publish","hentry"],"acf":[],"_links":{"self":[{"href":"https:\/\/www.lesdeuxchevres.com\/pt\/wp-json\/wp\/v2\/pages\/6067","targetHints":{"allow":["GET"]}}],"collection":[{"href":"https:\/\/www.lesdeuxchevres.com\/pt\/wp-json\/wp\/v2\/pages"}],"about":[{"href":"https:\/\/www.lesdeuxchevres.com\/pt\/wp-json\/wp\/v2\/types\/page"}],"author":[{"embeddable":true,"href":"https:\/\/www.lesdeuxchevres.com\/pt\/wp-json\/wp\/v2\/users\/7"}],"replies":[{"embeddable":true,"href":"https:\/\/www.lesdeuxchevres.com\/pt\/wp-json\/wp\/v2\/comments?post=6067"}],"version-history":[{"count":10,"href":"https:\/\/www.lesdeuxchevres.com\/pt\/wp-json\/wp\/v2\/pages\/6067\/revisions"}],"predecessor-version":[{"id":6494,"href":"https:\/\/www.lesdeuxchevres.com\/pt\/wp-json\/wp\/v2\/pages\/6067\/revisions\/6494"}],"up":[{"embeddable":true,"href":"https:\/\/www.lesdeuxchevres.com\/pt\/wp-json\/wp\/v2\/pages\/65"}],"wp:attachment":[{"href":"https:\/\/www.lesdeuxchevres.com\/pt\/wp-json\/wp\/v2\/media?parent=6067"}],"curies":[{"name":"wp","href":"https:\/\/api.w.org\/{rel}","templated":true}]}}