{"id":3886,"date":"2025-01-15T18:43:18","date_gmt":"2025-01-15T17:43:18","guid":{"rendered":"https:\/\/www.lesdeuxchevres.com\/?page_id=3886"},"modified":"2025-02-26T13:54:57","modified_gmt":"2025-02-26T12:54:57","slug":"clima-da-borgonha","status":"publish","type":"page","link":"https:\/\/www.lesdeuxchevres.com\/pt\/hotel-de-charme-en-bourgogne\/climat-bourgogne\/","title":{"rendered":"Os climas da Borgonha"},"content":{"rendered":"<div data-elementor-type=\"wp-page\" data-elementor-id=\"3886\" class=\"elementor elementor-3886\" data-elementor-post-type=\"page\">\n\t\t\t\t<div class=\"elementor-element elementor-element-5152dd76 e-con-full e-flex e-con e-parent\" data-id=\"5152dd76\" data-element_type=\"container\" data-e-type=\"container\" id=\"top\" data-settings=\"{&quot;background_background&quot;:&quot;classic&quot;}\">\n\t\t\t\t<div class=\"elementor-element elementor-element-337d6633 elementor-widget elementor-widget-heading\" data-id=\"337d6633\" data-element_type=\"widget\" data-e-type=\"widget\" data-widget_type=\"heading.default\">\n\t\t\t\t<div class=\"elementor-widget-container\">\n\t\t\t\t\t<span class=\"elementor-heading-title elementor-size-default\"><i>Os climas da Borgonha<\/i><\/span>\t\t\t\t<\/div>\n\t\t\t\t<\/div>\n\t\t\t\t<\/div>\n\t\t<div class=\"elementor-element elementor-element-b365eb4 e-flex e-con-boxed e-con e-parent\" data-id=\"b365eb4\" data-element_type=\"container\" data-e-type=\"container\" data-settings=\"{&quot;background_background&quot;:&quot;classic&quot;}\">\n\t\t\t\t\t<div class=\"e-con-inner\">\n\t\t\t\t<div class=\"elementor-element elementor-element-abe19e8 elementor-widget elementor-widget-image\" data-id=\"abe19e8\" data-element_type=\"widget\" data-e-type=\"widget\" data-widget_type=\"image.default\">\n\t\t\t\t<div class=\"elementor-widget-container\">\n\t\t\t\t\t\t\t\t\t\t\t\t\t\t\t<img fetchpriority=\"high\" decoding=\"async\" width=\"800\" height=\"450\" src=\"https:\/\/www.lesdeuxchevres.com\/wp-content\/uploads\/2025\/01\/CHARTE-WEB-LES-DEUX-CHEVRES-6-1024x576.png\" class=\"attachment-large size-large wp-image-4279\" alt=\"\" srcset=\"https:\/\/www.lesdeuxchevres.com\/wp-content\/uploads\/2025\/01\/CHARTE-WEB-LES-DEUX-CHEVRES-6-1024x576.png 1024w, https:\/\/www.lesdeuxchevres.com\/wp-content\/uploads\/2025\/01\/CHARTE-WEB-LES-DEUX-CHEVRES-6-300x169.png 300w, https:\/\/www.lesdeuxchevres.com\/wp-content\/uploads\/2025\/01\/CHARTE-WEB-LES-DEUX-CHEVRES-6-768x432.png 768w, https:\/\/www.lesdeuxchevres.com\/wp-content\/uploads\/2025\/01\/CHARTE-WEB-LES-DEUX-CHEVRES-6-18x10.png 18w, https:\/\/www.lesdeuxchevres.com\/wp-content\/uploads\/2025\/01\/CHARTE-WEB-LES-DEUX-CHEVRES-6.png 1366w\" sizes=\"(max-width: 800px) 100vw, 800px\" title=\"\">\t\t\t\t\t\t\t\t\t\t\t\t\t\t\t<\/div>\n\t\t\t\t<\/div>\n\t\t\t\t<div class=\"elementor-element elementor-element-ee0e7fe elementor-widget elementor-widget-heading\" data-id=\"ee0e7fe\" data-element_type=\"widget\" data-e-type=\"widget\" data-widget_type=\"heading.default\">\n\t\t\t\t<div class=\"elementor-widget-container\">\n\t\t\t\t\t<h2 class=\"elementor-heading-title elementor-size-default\">Os climas da Borgonha: <br><i>Patrim\u00f4nio Mundial da UNESCO<\/i>\n\n<\/h2>\t\t\t\t<\/div>\n\t\t\t\t<\/div>\n\t\t\t\t<div class=\"elementor-element elementor-element-ce34d51 elementor-widget-divider--view-line_icon elementor-view-default elementor-widget-divider--element-align-center elementor-widget elementor-widget-global elementor-global-364 elementor-widget-divider\" data-id=\"ce34d51\" data-element_type=\"widget\" data-e-type=\"widget\" data-widget_type=\"divider.default\">\n\t\t\t\t<div class=\"elementor-widget-container\">\n\t\t\t\t\t\t\t<div class=\"elementor-divider\">\n\t\t\t<span class=\"elementor-divider-separator\">\n\t\t\t\t\t\t\t<div class=\"elementor-icon elementor-divider__element\">\n\t\t\t\t\t<i aria-hidden=\"true\" class=\"fas fa-dot-circle\"><\/i><\/div>\n\t\t\t\t\t\t<\/span>\n\t\t<\/div>\n\t\t\t\t\t\t<\/div>\n\t\t\t\t<\/div>\n\t\t\t\t\t<\/div>\n\t\t\t\t<\/div>\n\t\t<div class=\"elementor-element elementor-element-bc649a1 e-con-full e-flex e-con e-parent\" data-id=\"bc649a1\" data-element_type=\"container\" data-e-type=\"container\" data-settings=\"{&quot;background_background&quot;:&quot;classic&quot;}\">\n\t\t<div class=\"elementor-element elementor-element-dbf8d87 e-con-full e-transform e-flex e-con e-child\" data-id=\"dbf8d87\" data-element_type=\"container\" data-e-type=\"container\" data-settings=\"{&quot;_transform_translateX_effect&quot;:{&quot;unit&quot;:&quot;rem&quot;,&quot;size&quot;:6,&quot;sizes&quot;:[]},&quot;_transform_translateX_effect_tablet&quot;:{&quot;unit&quot;:&quot;rem&quot;,&quot;size&quot;:0,&quot;sizes&quot;:[]},&quot;_transform_translateX_effect_mobile&quot;:{&quot;unit&quot;:&quot;rem&quot;,&quot;size&quot;:&quot;&quot;,&quot;sizes&quot;:[]},&quot;_transform_translateY_effect&quot;:{&quot;unit&quot;:&quot;px&quot;,&quot;size&quot;:&quot;&quot;,&quot;sizes&quot;:[]},&quot;_transform_translateY_effect_tablet&quot;:{&quot;unit&quot;:&quot;px&quot;,&quot;size&quot;:&quot;&quot;,&quot;sizes&quot;:[]},&quot;_transform_translateY_effect_mobile&quot;:{&quot;unit&quot;:&quot;px&quot;,&quot;size&quot;:&quot;&quot;,&quot;sizes&quot;:[]}}\">\n\t\t\t\t<div class=\"elementor-element elementor-element-3a2d7ab elementor-widget-tablet__width-inherit elementor-arrows-position-inside elementor-widget elementor-widget-image-carousel\" data-id=\"3a2d7ab\" data-element_type=\"widget\" data-e-type=\"widget\" data-settings=\"{&quot;slides_to_show&quot;:&quot;1&quot;,&quot;navigation&quot;:&quot;arrows&quot;,&quot;autoplay&quot;:&quot;no&quot;,&quot;effect&quot;:&quot;fade&quot;,&quot;infinite&quot;:&quot;yes&quot;,&quot;speed&quot;:500}\" data-widget_type=\"image-carousel.default\">\n\t\t\t\t<div class=\"elementor-widget-container\">\n\t\t\t\t\t\t\t<div class=\"elementor-image-carousel-wrapper swiper\" role=\"region\" aria-roledescription=\"carousel\" aria-label=\"Carrossel de imagens\" dir=\"ltr\">\n\t\t\t<div class=\"elementor-image-carousel swiper-wrapper swiper-image-stretch\" aria-live=\"polite\">\n\t\t\t\t\t\t\t\t<div class=\"swiper-slide\" role=\"group\" aria-roledescription=\"slide\" aria-label=\"1 de 2\" data-no-translation-aria-label=\"\"><figure class=\"swiper-slide-inner\"><img decoding=\"async\" class=\"swiper-slide-image\" src=\"https:\/\/www.lesdeuxchevres.com\/wp-content\/uploads\/2025\/02\/patrick-langwallner-ozRWXEFEo6M-unsplash-scaled.jpg\" alt=\"patrick-langwallner-ozRWXEFEo6M-unsplash\" title=\"\"><\/figure><\/div><div class=\"swiper-slide\" role=\"group\" aria-roledescription=\"slide\" aria-label=\"2 de 2\" data-no-translation-aria-label=\"\"><figure class=\"swiper-slide-inner\"><img decoding=\"async\" class=\"swiper-slide-image\" src=\"https:\/\/www.lesdeuxchevres.com\/wp-content\/uploads\/2025\/01\/GettyImages-90821313-scaled.jpg\" alt=\"Uvas no final do ver\u00e3o na videira. DOF raso, o cacho principal \u00e9 n\u00edtido. Luz quente e levemente manchada.\" title=\"\"><\/figure><\/div>\t\t\t<\/div>\n\t\t\t\t\t\t\t\t\t\t\t\t<div class=\"elementor-swiper-button elementor-swiper-button-prev\" role=\"button\" tabindex=\"0\">\n\t\t\t\t\t\t<i aria-hidden=\"true\" class=\"eliofont eliofont-arrow-left\"><\/i>\t\t\t\t\t<\/div>\n\t\t\t\t\t<div class=\"elementor-swiper-button elementor-swiper-button-next\" role=\"button\" tabindex=\"0\">\n\t\t\t\t\t\t<i aria-hidden=\"true\" class=\"eliofont eliofont-arrow-right\"><\/i>\t\t\t\t\t<\/div>\n\t\t\t\t\n\t\t\t\t\t\t\t\t\t<\/div>\n\t\t\t\t\t\t<\/div>\n\t\t\t\t<\/div>\n\t\t\t\t<\/div>\n\t\t<div class=\"elementor-element elementor-element-880530d e-con-full e-flex e-con e-child\" data-id=\"880530d\" data-element_type=\"container\" data-e-type=\"container\" data-settings=\"{&quot;background_background&quot;:&quot;classic&quot;}\">\n\t\t\t\t<div class=\"elementor-element elementor-element-27e60b2 elementor-widget elementor-widget-heading\" data-id=\"27e60b2\" data-element_type=\"widget\" data-e-type=\"widget\" data-widget_type=\"heading.default\">\n\t\t\t\t<div class=\"elementor-widget-container\">\n\t\t\t\t\t<h3 class=\"elementor-heading-title elementor-size-default\"><i>O que \u00e9 um clima<\/i>?<\/h3>\t\t\t\t<\/div>\n\t\t\t\t<\/div>\n\t\t\t\t<div class=\"elementor-element elementor-element-517617f elementor-widget elementor-widget-text-editor\" data-id=\"517617f\" data-element_type=\"widget\" data-e-type=\"widget\" data-widget_type=\"text-editor.default\">\n\t\t\t\t<div class=\"elementor-widget-container\">\n\t\t\t\t\t\t\t\t\t<p>Na Borgonha, um Climat n\u00e3o \u00e9 uma quest\u00e3o de clima: \u00e9 uma parcela de vinhedos cuidadosamente delineada, refletindo uma combina\u00e7\u00e3o \u00fanica de solo, exposi\u00e7\u00e3o e know-how. Cada Climat tem sua pr\u00f3pria personalidade e produz vinhos com caracter\u00edsticas distintas.<\/p>\t\t\t\t\t\t\t\t<\/div>\n\t\t\t\t<\/div>\n\t\t\t\t<\/div>\n\t\t\t\t<\/div>\n\t\t<div class=\"elementor-element elementor-element-00ac9f1 e-flex e-con-boxed e-con e-parent\" data-id=\"00ac9f1\" data-element_type=\"container\" data-e-type=\"container\" data-settings=\"{&quot;background_background&quot;:&quot;classic&quot;}\">\n\t\t\t\t\t<div class=\"e-con-inner\">\n\t\t<div class=\"elementor-element elementor-element-476b78a e-con-full e-flex e-con e-child\" data-id=\"476b78a\" data-element_type=\"container\" data-e-type=\"container\">\n\t\t\t\t<\/div>\n\t\t<div class=\"elementor-element elementor-element-311858e e-con-full e-flex e-con e-child\" data-id=\"311858e\" data-element_type=\"container\" data-e-type=\"container\" data-settings=\"{&quot;background_background&quot;:&quot;classic&quot;}\">\n\t\t<div class=\"elementor-element elementor-element-3af30e9 e-con-full e-flex e-con e-child\" data-id=\"3af30e9\" data-element_type=\"container\" data-e-type=\"container\">\n\t\t\t\t<div class=\"elementor-element elementor-element-70e898f elementor-widget elementor-widget-heading\" data-id=\"70e898f\" data-element_type=\"widget\" data-e-type=\"widget\" data-widget_type=\"heading.default\">\n\t\t\t\t<div class=\"elementor-widget-container\">\n\t\t\t\t\t<h3 class=\"elementor-heading-title elementor-size-default\"><i>Reconhecimento mundial<\/i><\/h3>\t\t\t\t<\/div>\n\t\t\t\t<\/div>\n\t\t\t\t<div class=\"elementor-element elementor-element-eac8a14 elementor-widget elementor-widget-text-editor\" data-id=\"eac8a14\" data-element_type=\"widget\" data-e-type=\"widget\" data-widget_type=\"text-editor.default\">\n\t\t\t\t<div class=\"elementor-widget-container\">\n\t\t\t\t\t\t\t\t\t<p>Em 2015, os Climats de Bourgogne foram listados como Patrim\u00f4nio Mundial da UNESCO, celebrando um modelo \u00fanico de viticultura que foi moldado pelo homem por mais de dois mil\u00eanios. Essa listagem destaca a intera\u00e7\u00e3o perfeita entre o homem e a natureza, bem como as habilidades excepcionais dos viticultores da regi\u00e3o.<\/p>\t\t\t\t\t\t\t\t<\/div>\n\t\t\t\t<\/div>\n\t\t\t\t<\/div>\n\t\t\t\t<div class=\"elementor-element elementor-element-a5fc951 elementor-widget elementor-widget-image\" data-id=\"a5fc951\" data-element_type=\"widget\" data-e-type=\"widget\" data-widget_type=\"image.default\">\n\t\t\t\t<div class=\"elementor-widget-container\">\n\t\t\t\t\t\t\t\t\t\t\t\t\t\t\t<img decoding=\"async\" width=\"1707\" height=\"2560\" src=\"https:\/\/www.lesdeuxchevres.com\/wp-content\/uploads\/2025\/02\/florian-siedl-rNfgKRAPu8M-unsplash-scaled.jpg\" class=\"attachment-full size-full wp-image-4930\" alt=\"\" srcset=\"https:\/\/www.lesdeuxchevres.com\/wp-content\/uploads\/2025\/02\/florian-siedl-rNfgKRAPu8M-unsplash-scaled.jpg 1707w, https:\/\/www.lesdeuxchevres.com\/wp-content\/uploads\/2025\/02\/florian-siedl-rNfgKRAPu8M-unsplash-200x300.jpg 200w, https:\/\/www.lesdeuxchevres.com\/wp-content\/uploads\/2025\/02\/florian-siedl-rNfgKRAPu8M-unsplash-683x1024.jpg 683w, https:\/\/www.lesdeuxchevres.com\/wp-content\/uploads\/2025\/02\/florian-siedl-rNfgKRAPu8M-unsplash-768x1152.jpg 768w, https:\/\/www.lesdeuxchevres.com\/wp-content\/uploads\/2025\/02\/florian-siedl-rNfgKRAPu8M-unsplash-1024x1536.jpg 1024w, https:\/\/www.lesdeuxchevres.com\/wp-content\/uploads\/2025\/02\/florian-siedl-rNfgKRAPu8M-unsplash-1365x2048.jpg 1365w, https:\/\/www.lesdeuxchevres.com\/wp-content\/uploads\/2025\/02\/florian-siedl-rNfgKRAPu8M-unsplash-8x12.jpg 8w\" sizes=\"(max-width: 1707px) 100vw, 1707px\" title=\"\">\t\t\t\t\t\t\t\t\t\t\t\t\t\t\t<\/div>\n\t\t\t\t<\/div>\n\t\t\t\t<\/div>\n\t\t\t\t\t<\/div>\n\t\t\t\t<\/div>\n\t\t<div class=\"elementor-element elementor-element-fac32bf e-con-full e-flex e-con e-parent\" data-id=\"fac32bf\" data-element_type=\"container\" data-e-type=\"container\" data-settings=\"{&quot;background_background&quot;:&quot;classic&quot;}\">\n\t\t<div class=\"elementor-element elementor-element-a4b12d4 e-con-full e-flex e-con e-child\" data-id=\"a4b12d4\" data-element_type=\"container\" data-e-type=\"container\" data-settings=\"{&quot;background_background&quot;:&quot;classic&quot;}\">\n\t\t\t\t<div class=\"elementor-element elementor-element-1c68728 elementor-widget elementor-widget-heading\" data-id=\"1c68728\" data-element_type=\"widget\" data-e-type=\"widget\" data-widget_type=\"heading.default\">\n\t\t\t\t<div class=\"elementor-widget-container\">\n\t\t\t\t\t<h2 class=\"elementor-heading-title elementor-size-default\">Por que os climas s\u00e3o t\u00e3o preciosos?<\/h2>\t\t\t\t<\/div>\n\t\t\t\t<\/div>\n\t\t\t\t<div class=\"elementor-element elementor-element-8cfb266 elementor-widget-divider--view-line_icon elementor-view-default elementor-widget-divider--element-align-center elementor-widget elementor-widget-global elementor-global-364 elementor-widget-divider\" data-id=\"8cfb266\" data-element_type=\"widget\" data-e-type=\"widget\" data-widget_type=\"divider.default\">\n\t\t\t\t<div class=\"elementor-widget-container\">\n\t\t\t\t\t\t\t<div class=\"elementor-divider\">\n\t\t\t<span class=\"elementor-divider-separator\">\n\t\t\t\t\t\t\t<div class=\"elementor-icon elementor-divider__element\">\n\t\t\t\t\t<i aria-hidden=\"true\" class=\"fas fa-dot-circle\"><\/i><\/div>\n\t\t\t\t\t\t<\/span>\n\t\t<\/div>\n\t\t\t\t\t\t<\/div>\n\t\t\t\t<\/div>\n\t\t\t\t<div class=\"elementor-element elementor-element-6cd027f elementor-widget elementor-widget-text-editor\" data-id=\"6cd027f\" data-element_type=\"widget\" data-e-type=\"widget\" data-widget_type=\"text-editor.default\">\n\t\t\t\t<div class=\"elementor-widget-container\">\n\t\t\t\t\t\t\t\t\t<ul><li><strong>Um mosaico de terroirs<\/strong> Mais de 1.247 Climats se estendem de Dijon a Santenay, cada um contribuindo com uma identidade \u00fanica para seus vinhos.<\/li><\/ul><p>\u00a0<\/p><ul><li><strong>Um patrim\u00f4nio de mil anos<\/strong> Desde os tempos galo-romanos, cada Climat tem sido trabalhado e aperfei\u00e7oado para trazer o melhor das videiras.<\/li><\/ul><p>\u00a0<\/p><ul><li><strong>Um modelo de viticultura sustent\u00e1vel<\/strong> Os Climats incorporam um profundo respeito pela terra e pelos ciclos naturais, garantindo a longevidade desse patrim\u00f4nio excepcional.<\/li><\/ul>\t\t\t\t\t\t\t\t<\/div>\n\t\t\t\t<\/div>\n\t\t\t\t<\/div>\n\t\t\t\t<\/div>\n\t\t<div class=\"elementor-element elementor-element-001378f e-flex e-con-boxed e-con e-parent\" data-id=\"001378f\" data-element_type=\"container\" data-e-type=\"container\" data-settings=\"{&quot;background_background&quot;:&quot;classic&quot;}\">\n\t\t\t\t\t<div class=\"e-con-inner\">\n\t\t<div class=\"elementor-element elementor-element-f9ac2a8 e-con-full e-flex e-con e-child\" data-id=\"f9ac2a8\" data-element_type=\"container\" data-e-type=\"container\">\n\t\t\t\t<div class=\"elementor-element elementor-element-4aa1d36 elementor-widget__width-initial elementor-absolute elementor-widget elementor-widget-image\" data-id=\"4aa1d36\" data-element_type=\"widget\" data-e-type=\"widget\" data-settings=\"{&quot;_position&quot;:&quot;absolute&quot;}\" data-widget_type=\"image.default\">\n\t\t\t\t<div class=\"elementor-widget-container\">\n\t\t\t\t\t\t\t\t\t\t\t\t\t\t\t<img decoding=\"async\" width=\"1708\" height=\"2560\" src=\"https:\/\/www.lesdeuxchevres.com\/wp-content\/uploads\/2025\/02\/moritz-knoringer-apZFS9OrA8k-unsplash-scaled.jpg\" class=\"attachment-full size-full wp-image-4953\" alt=\"\" srcset=\"https:\/\/www.lesdeuxchevres.com\/wp-content\/uploads\/2025\/02\/moritz-knoringer-apZFS9OrA8k-unsplash-scaled.jpg 1708w, https:\/\/www.lesdeuxchevres.com\/wp-content\/uploads\/2025\/02\/moritz-knoringer-apZFS9OrA8k-unsplash-200x300.jpg 200w, https:\/\/www.lesdeuxchevres.com\/wp-content\/uploads\/2025\/02\/moritz-knoringer-apZFS9OrA8k-unsplash-683x1024.jpg 683w, https:\/\/www.lesdeuxchevres.com\/wp-content\/uploads\/2025\/02\/moritz-knoringer-apZFS9OrA8k-unsplash-768x1151.jpg 768w, https:\/\/www.lesdeuxchevres.com\/wp-content\/uploads\/2025\/02\/moritz-knoringer-apZFS9OrA8k-unsplash-1025x1536.jpg 1025w, https:\/\/www.lesdeuxchevres.com\/wp-content\/uploads\/2025\/02\/moritz-knoringer-apZFS9OrA8k-unsplash-1367x2048.jpg 1367w, https:\/\/www.lesdeuxchevres.com\/wp-content\/uploads\/2025\/02\/moritz-knoringer-apZFS9OrA8k-unsplash-8x12.jpg 8w\" sizes=\"(max-width: 1708px) 100vw, 1708px\" title=\"\">\t\t\t\t\t\t\t\t\t\t\t\t\t\t\t<\/div>\n\t\t\t\t<\/div>\n\t\t\t\t<div class=\"elementor-element elementor-element-5b3c3dd elementor-widget__width-initial elementor-widget elementor-widget-image\" data-id=\"5b3c3dd\" data-element_type=\"widget\" data-e-type=\"widget\" data-widget_type=\"image.default\">\n\t\t\t\t<div class=\"elementor-widget-container\">\n\t\t\t\t\t\t\t\t\t\t\t\t\t\t\t<img loading=\"lazy\" decoding=\"async\" width=\"2266\" height=\"2266\" src=\"https:\/\/www.lesdeuxchevres.com\/wp-content\/uploads\/2025\/02\/alana-harris-2IvHPb6Aihg-unsplash.jpg\" class=\"attachment-full size-full wp-image-4952\" alt=\"\" srcset=\"https:\/\/www.lesdeuxchevres.com\/wp-content\/uploads\/2025\/02\/alana-harris-2IvHPb6Aihg-unsplash.jpg 2266w, https:\/\/www.lesdeuxchevres.com\/wp-content\/uploads\/2025\/02\/alana-harris-2IvHPb6Aihg-unsplash-300x300.jpg 300w, https:\/\/www.lesdeuxchevres.com\/wp-content\/uploads\/2025\/02\/alana-harris-2IvHPb6Aihg-unsplash-1024x1024.jpg 1024w, https:\/\/www.lesdeuxchevres.com\/wp-content\/uploads\/2025\/02\/alana-harris-2IvHPb6Aihg-unsplash-150x150.jpg 150w, https:\/\/www.lesdeuxchevres.com\/wp-content\/uploads\/2025\/02\/alana-harris-2IvHPb6Aihg-unsplash-768x768.jpg 768w, https:\/\/www.lesdeuxchevres.com\/wp-content\/uploads\/2025\/02\/alana-harris-2IvHPb6Aihg-unsplash-1536x1536.jpg 1536w, https:\/\/www.lesdeuxchevres.com\/wp-content\/uploads\/2025\/02\/alana-harris-2IvHPb6Aihg-unsplash-2048x2048.jpg 2048w, https:\/\/www.lesdeuxchevres.com\/wp-content\/uploads\/2025\/02\/alana-harris-2IvHPb6Aihg-unsplash-12x12.jpg 12w\" sizes=\"(max-width: 2266px) 100vw, 2266px\" title=\"\">\t\t\t\t\t\t\t\t\t\t\t\t\t\t\t<\/div>\n\t\t\t\t<\/div>\n\t\t\t\t<\/div>\n\t\t<div class=\"elementor-element elementor-element-1837da1 e-con-full e-flex e-con e-child\" data-id=\"1837da1\" data-element_type=\"container\" data-e-type=\"container\">\n\t\t\t\t<div class=\"elementor-element elementor-element-343d4ce elementor-widget elementor-widget-heading\" data-id=\"343d4ce\" data-element_type=\"widget\" data-e-type=\"widget\" data-widget_type=\"heading.default\">\n\t\t\t\t<div class=\"elementor-widget-container\">\n\t\t\t\t\t<h3 class=\"elementor-heading-title elementor-size-default\"><i>Les Climats e Gevrey-Chambertin<\/i><\/h3>\t\t\t\t<\/div>\n\t\t\t\t<\/div>\n\t\t\t\t<div class=\"elementor-element elementor-element-5f5ee2e elementor-widget elementor-widget-text-editor\" data-id=\"5f5ee2e\" data-element_type=\"widget\" data-e-type=\"widget\" data-widget_type=\"text-editor.default\">\n\t\t\t\t<div class=\"elementor-widget-container\">\n\t\t\t\t\t\t\t\t\t<p>Gevrey-Chambertin \u00e9 uma joia no mosaico dos Climats da Borgonha. Suas parcelas emblem\u00e1ticas, classificadas entre as mais prestigiadas, produzem vinhos que incorporam a alma do terroir da Borgonha. Cada garrafa \u00e9 um convite para descobrir a riqueza e a diversidade desse patrim\u00f4nio \u00fanico.<\/p>\t\t\t\t\t\t\t\t<\/div>\n\t\t\t\t<\/div>\n\t\t\t\t<div class=\"elementor-element elementor-element-172404f elementor-align-left elementor-widget elementor-widget-button\" data-id=\"172404f\" data-element_type=\"widget\" data-e-type=\"widget\" data-widget_type=\"button.default\">\n\t\t\t\t<div class=\"elementor-widget-container\">\n\t\t\t\t\t\t\t\t\t<div class=\"elementor-button-wrapper\">\n\t\t\t\t\t<a class=\"elementor-button elementor-button-link elementor-size-sm\" href=\"https:\/\/www.lesdeuxchevres.com\/pt\/hotel-de-charme-en-bourgogne\/gevrey-chambertin\/\">\n\t\t\t\t\t\t<span class=\"elementor-button-content-wrapper\">\n\t\t\t\t\t\t\t\t\t<span class=\"elementor-button-text\">Descubra Gevrey-Chambertin<\/span>\n\t\t\t\t\t<\/span>\n\t\t\t\t\t<\/a>\n\t\t\t\t<\/div>\n\t\t\t\t\t\t\t\t<\/div>\n\t\t\t\t<\/div>\n\t\t\t\t<\/div>\n\t\t\t\t\t<\/div>\n\t\t\t\t<\/div>\n\t\t\t\t<\/div>","protected":false},"excerpt":{"rendered":"<p>Les climats de Bourgogne Les Climats de Bourgogne : patrimoine mondial de l\u2019UNESCO Qu\u2019est-ce qu\u2019un Climat\u202f? En Bourgogne, un Climat n\u2019est pas une question de m\u00e9t\u00e9o\u202f: c\u2019est une parcelle de vigne minutieusement d\u00e9limit\u00e9e, qui refl\u00e8te une combinaison unique de sol, d\u2019exposition et de savoir-faire. Chaque Climat poss\u00e8de sa propre personnalit\u00e9 et produit des vins aux [&hellip;]<\/p>\n","protected":false},"author":8,"featured_media":0,"parent":65,"menu_order":0,"comment_status":"closed","ping_status":"closed","template":"","meta":{"_acf_changed":false,"inline_featured_image":false,"footnotes":""},"class_list":["post-3886","page","type-page","status-publish","hentry"],"acf":[],"_links":{"self":[{"href":"https:\/\/www.lesdeuxchevres.com\/pt\/wp-json\/wp\/v2\/pages\/3886","targetHints":{"allow":["GET"]}}],"collection":[{"href":"https:\/\/www.lesdeuxchevres.com\/pt\/wp-json\/wp\/v2\/pages"}],"about":[{"href":"https:\/\/www.lesdeuxchevres.com\/pt\/wp-json\/wp\/v2\/types\/page"}],"author":[{"embeddable":true,"href":"https:\/\/www.lesdeuxchevres.com\/pt\/wp-json\/wp\/v2\/users\/8"}],"replies":[{"embeddable":true,"href":"https:\/\/www.lesdeuxchevres.com\/pt\/wp-json\/wp\/v2\/comments?post=3886"}],"version-history":[{"count":47,"href":"https:\/\/www.lesdeuxchevres.com\/pt\/wp-json\/wp\/v2\/pages\/3886\/revisions"}],"predecessor-version":[{"id":7028,"href":"https:\/\/www.lesdeuxchevres.com\/pt\/wp-json\/wp\/v2\/pages\/3886\/revisions\/7028"}],"up":[{"embeddable":true,"href":"https:\/\/www.lesdeuxchevres.com\/pt\/wp-json\/wp\/v2\/pages\/65"}],"wp:attachment":[{"href":"https:\/\/www.lesdeuxchevres.com\/pt\/wp-json\/wp\/v2\/media?parent=3886"}],"curies":[{"name":"wp","href":"https:\/\/api.w.org\/{rel}","templated":true}]}}