{"id":7114,"date":"2025-07-13T17:18:37","date_gmt":"2025-07-13T15:18:37","guid":{"rendered":"https:\/\/www.lesdeuxchevres.com\/?page_id=7114"},"modified":"2025-07-22T12:21:27","modified_gmt":"2025-07-22T10:21:27","slug":"dienstleistungen-praktische-informationen","status":"publish","type":"page","link":"https:\/\/www.lesdeuxchevres.com\/de\/hotel-de-luxe-au-coeur-des-vignes\/services-informations-pratiques\/","title":{"rendered":"Dienstleistungen und praktische Informationen"},"content":{"rendered":"<div data-elementor-type=\"wp-page\" data-elementor-id=\"7114\" class=\"elementor elementor-7114\" data-elementor-post-type=\"page\">\n\t\t\t\t<div class=\"elementor-element elementor-element-62998c5 e-con-full e-flex e-con e-parent\" data-id=\"62998c5\" data-element_type=\"container\" data-e-type=\"container\" id=\"top\" data-settings=\"{&quot;background_background&quot;:&quot;classic&quot;}\">\n\t\t\t\t<div class=\"elementor-element elementor-element-2f83062 elementor-widget elementor-widget-heading\" data-id=\"2f83062\" data-element_type=\"widget\" data-e-type=\"widget\" data-widget_type=\"heading.default\">\n\t\t\t\t<div class=\"elementor-widget-container\">\n\t\t\t\t\t<span class=\"elementor-heading-title elementor-size-default\"><i>Unsere Dienstleistungen und praktische Informationen<\/i><\/span>\t\t\t\t<\/div>\n\t\t\t\t<\/div>\n\t\t\t\t<\/div>\n\t\t<div class=\"elementor-element elementor-element-509c44f e-flex e-con-boxed e-con e-parent\" data-id=\"509c44f\" data-element_type=\"container\" data-e-type=\"container\" data-settings=\"{&quot;background_background&quot;:&quot;classic&quot;}\">\n\t\t\t\t\t<div class=\"e-con-inner\">\n\t\t\t\t<div class=\"elementor-element elementor-element-998dd72 elementor-widget elementor-widget-image\" data-id=\"998dd72\" data-element_type=\"widget\" data-e-type=\"widget\" data-widget_type=\"image.default\">\n\t\t\t\t<div class=\"elementor-widget-container\">\n\t\t\t\t\t\t\t\t\t\t\t\t\t\t\t<img fetchpriority=\"high\" decoding=\"async\" width=\"800\" height=\"450\" src=\"https:\/\/www.lesdeuxchevres.com\/wp-content\/uploads\/2025\/01\/CHARTE-WEB-LES-DEUX-CHEVRES-6-1024x576.png\" class=\"attachment-large size-large wp-image-4279\" alt=\"\" srcset=\"https:\/\/www.lesdeuxchevres.com\/wp-content\/uploads\/2025\/01\/CHARTE-WEB-LES-DEUX-CHEVRES-6-1024x576.png 1024w, https:\/\/www.lesdeuxchevres.com\/wp-content\/uploads\/2025\/01\/CHARTE-WEB-LES-DEUX-CHEVRES-6-300x169.png 300w, https:\/\/www.lesdeuxchevres.com\/wp-content\/uploads\/2025\/01\/CHARTE-WEB-LES-DEUX-CHEVRES-6-768x432.png 768w, https:\/\/www.lesdeuxchevres.com\/wp-content\/uploads\/2025\/01\/CHARTE-WEB-LES-DEUX-CHEVRES-6-18x10.png 18w, https:\/\/www.lesdeuxchevres.com\/wp-content\/uploads\/2025\/01\/CHARTE-WEB-LES-DEUX-CHEVRES-6.png 1366w\" sizes=\"(max-width: 800px) 100vw, 800px\" title=\"\">\t\t\t\t\t\t\t\t\t\t\t\t\t\t\t<\/div>\n\t\t\t\t<\/div>\n\t\t\t\t\t<\/div>\n\t\t\t\t<\/div>\n\t\t<div class=\"elementor-element elementor-element-44b5e7c e-flex e-con-boxed e-con e-parent\" data-id=\"44b5e7c\" data-element_type=\"container\" data-e-type=\"container\" data-settings=\"{&quot;background_background&quot;:&quot;classic&quot;}\">\n\t\t\t\t\t<div class=\"e-con-inner\">\n\t\t<div class=\"elementor-element elementor-element-01df08a e-con-full e-flex e-con e-child\" data-id=\"01df08a\" data-element_type=\"container\" data-e-type=\"container\" data-settings=\"{&quot;background_background&quot;:&quot;classic&quot;}\">\n\t\t\t\t<\/div>\n\t\t<div class=\"elementor-element elementor-element-f4da0b6 e-con-full e-flex e-con e-child\" data-id=\"f4da0b6\" data-element_type=\"container\" data-e-type=\"container\" data-settings=\"{&quot;background_background&quot;:&quot;classic&quot;}\">\n\t\t\t\t<div class=\"elementor-element elementor-element-d888d3e elementor-widget elementor-widget-heading\" data-id=\"d888d3e\" data-element_type=\"widget\" data-e-type=\"widget\" data-widget_type=\"heading.default\">\n\t\t\t\t<div class=\"elementor-widget-container\">\n\t\t\t\t\t<h3 class=\"elementor-heading-title elementor-size-default\"><i>\u00d6ffnungszeiten<\/i><\/h3>\t\t\t\t<\/div>\n\t\t\t\t<\/div>\n\t\t\t\t<div class=\"elementor-element elementor-element-a511c74 elementor-widget elementor-widget-text-editor\" data-id=\"a511c74\" data-element_type=\"widget\" data-e-type=\"widget\" data-widget_type=\"text-editor.default\">\n\t\t\t\t<div class=\"elementor-widget-container\">\n\t\t\t\t\t\t\t\t\t<ul><li>\u00d6ffnungszeiten Rezeption: 08h-21h<\/li><li>\u00d6ffnungszeiten Check-in: 16 Uhr<\/li><li>Check-out-Zeiten: 11 Uhr<\/li><li>Fr\u00fchst\u00fcck :<ul><li>25 Euro Erwachsene<\/li><li>15 Euro Kind<\/li><li>40 Euro im Zimmer<\/li><\/ul><\/li><li>\u00d6ffnungszeiten Concierge und Voiturier: 10:00-17:00 Uhr<\/li><li>\u00d6ffnungszeiten Bar: 14:00-21:00 Uhr<\/li><li>\u00d6ffnungszeiten Snacks im Zimmer: 06h-01h<\/li><li>\u00d6ffnungszeiten Schwimmbad: 09:00-22:00 Uhr<\/li><\/ul><div id=\"simple-translate\" class=\"simple-translate-system-theme\"><div><div class=\"simple-translate-button isShow\" style=\"background-image: url('moz-extension:\/\/c5c40b72-ed64-4d90-980d-d53cd881ddd6\/icons\/512.png'); height: 22px; width: 22px; top: 109px; left: 39px;\">\u00a0<\/div><div class=\"simple-translate-panel\" style=\"width: 300px; height: 200px; top: 0px; left: 0px; font-size: 13px;\"><div class=\"simple-translate-result-wrapper\" style=\"overflow: hidden;\"><div class=\"simple-translate-move\" draggable=\"true\">\u00a0<\/div><div class=\"simple-translate-result-contents\"><p class=\"simple-translate-result\" dir=\"auto\">\u00a0<\/p><p class=\"simple-translate-candidate\" dir=\"auto\">\u00a0<\/p><\/div><\/div><\/div><\/div><\/div>\t\t\t\t\t\t\t\t<\/div>\n\t\t\t\t<\/div>\n\t\t\t\t<\/div>\n\t\t\t\t\t<\/div>\n\t\t\t\t<\/div>\n\t\t<div class=\"elementor-element elementor-element-8ae88bc e-flex e-con-boxed e-con e-parent\" data-id=\"8ae88bc\" data-element_type=\"container\" data-e-type=\"container\" data-settings=\"{&quot;background_background&quot;:&quot;classic&quot;}\">\n\t\t\t\t\t<div class=\"e-con-inner\">\n\t\t<div class=\"elementor-element elementor-element-5ca7582 e-con-full e-flex e-con e-child\" data-id=\"5ca7582\" data-element_type=\"container\" data-e-type=\"container\" data-settings=\"{&quot;background_background&quot;:&quot;classic&quot;}\">\n\t\t\t\t<div class=\"elementor-element elementor-element-8e1791e elementor-widget elementor-widget-heading\" data-id=\"8e1791e\" data-element_type=\"widget\" data-e-type=\"widget\" data-widget_type=\"heading.default\">\n\t\t\t\t<div class=\"elementor-widget-container\">\n\t\t\t\t\t<h3 class=\"elementor-heading-title elementor-size-default\"><i>Dienste<\/i><\/h3>\t\t\t\t<\/div>\n\t\t\t\t<\/div>\n\t\t\t\t<div class=\"elementor-element elementor-element-1094131 elementor-widget elementor-widget-text-editor\" data-id=\"1094131\" data-element_type=\"widget\" data-e-type=\"widget\" data-widget_type=\"text-editor.default\">\n\t\t\t\t<div class=\"elementor-widget-container\">\n\t\t\t\t\t\t\t\t\t<ul><li>Kostenlose Parkpl\u00e4tze<\/li><li>2 kostenpflichtige Ladestationen (10\u20ac\/Nacht)<\/li><li>Kostenlose Fahrradabstellpl\u00e4tze<\/li><li>Hunde in einigen Zimmern erlaubt (50\u20ac\/Nacht)<\/li><li>Spielbereich, der den Kindern unter der Verantwortung der Eltern zur Verf\u00fcgung steht<\/li><li>Raum f\u00fcr Videospiele<\/li><li>Babybetten auf Anfrage (80\u20ac\/Nacht)<\/li><li>M\u00f6glichkeit von Spezialkissen (auf Anfrage)<\/li><\/ul>\t\t\t\t\t\t\t\t<\/div>\n\t\t\t\t<\/div>\n\t\t\t\t<\/div>\n\t\t<div class=\"elementor-element elementor-element-c38560c e-con-full e-flex e-con e-child\" data-id=\"c38560c\" data-element_type=\"container\" data-e-type=\"container\" data-settings=\"{&quot;background_background&quot;:&quot;classic&quot;}\">\n\t\t\t\t<\/div>\n\t\t\t\t\t<\/div>\n\t\t\t\t<\/div>\n\t\t<div class=\"elementor-element elementor-element-e09c143 e-con-full e-flex e-con e-parent\" data-id=\"e09c143\" data-element_type=\"container\" data-e-type=\"container\" data-settings=\"{&quot;background_background&quot;:&quot;classic&quot;}\">\n\t\t<div class=\"elementor-element elementor-element-028d9ee e-con-full e-flex e-con e-child\" data-id=\"028d9ee\" data-element_type=\"container\" data-e-type=\"container\">\n\t\t<div class=\"elementor-element elementor-element-54b634b e-con-full e-flex e-con e-child\" data-id=\"54b634b\" data-element_type=\"container\" data-e-type=\"container\">\n\t\t<div class=\"elementor-element elementor-element-895e9d8 e-con-full e-flex e-con e-child\" data-id=\"895e9d8\" data-element_type=\"container\" data-e-type=\"container\">\n\t\t\t\t<div class=\"elementor-element elementor-element-ab332f9 elementor-widget elementor-widget-image\" data-id=\"ab332f9\" data-element_type=\"widget\" data-e-type=\"widget\" data-widget_type=\"image.default\">\n\t\t\t\t<div class=\"elementor-widget-container\">\n\t\t\t\t\t\t\t\t\t\t\t\t\t\t\t<img decoding=\"async\" width=\"800\" height=\"450\" src=\"https:\/\/www.lesdeuxchevres.com\/wp-content\/uploads\/2025\/01\/CHARTE-WEB-LES-DEUX-CHEVRES-7-1024x576.png\" class=\"attachment-large size-large wp-image-4304\" alt=\"\" srcset=\"https:\/\/www.lesdeuxchevres.com\/wp-content\/uploads\/2025\/01\/CHARTE-WEB-LES-DEUX-CHEVRES-7-1024x576.png 1024w, https:\/\/www.lesdeuxchevres.com\/wp-content\/uploads\/2025\/01\/CHARTE-WEB-LES-DEUX-CHEVRES-7-300x169.png 300w, https:\/\/www.lesdeuxchevres.com\/wp-content\/uploads\/2025\/01\/CHARTE-WEB-LES-DEUX-CHEVRES-7-768x432.png 768w, https:\/\/www.lesdeuxchevres.com\/wp-content\/uploads\/2025\/01\/CHARTE-WEB-LES-DEUX-CHEVRES-7-1536x863.png 1536w, https:\/\/www.lesdeuxchevres.com\/wp-content\/uploads\/2025\/01\/CHARTE-WEB-LES-DEUX-CHEVRES-7-2048x1151.png 2048w, https:\/\/www.lesdeuxchevres.com\/wp-content\/uploads\/2025\/01\/CHARTE-WEB-LES-DEUX-CHEVRES-7-18x10.png 18w\" sizes=\"(max-width: 800px) 100vw, 800px\" title=\"\">\t\t\t\t\t\t\t\t\t\t\t\t\t\t\t<\/div>\n\t\t\t\t<\/div>\n\t\t\t\t<div class=\"elementor-element elementor-element-13d5e93 elementor-widget elementor-widget-heading\" data-id=\"13d5e93\" data-element_type=\"widget\" data-e-type=\"widget\" data-widget_type=\"heading.default\">\n\t\t\t\t<div class=\"elementor-widget-container\">\n\t\t\t\t\t<h3 class=\"elementor-heading-title elementor-size-default\"><i>Zug\u00e4nglichkeit<\/i><\/h3>\t\t\t\t<\/div>\n\t\t\t\t<\/div>\n\t\t\t\t<div class=\"elementor-element elementor-element-58b2a58 elementor-widget elementor-widget-text-editor\" data-id=\"58b2a58\" data-element_type=\"widget\" data-e-type=\"widget\" data-widget_type=\"text-editor.default\">\n\t\t\t\t<div class=\"elementor-widget-container\">\n\t\t\t\t\t\t\t\t\t<p>Unser Hotel, das \u00fcber 11 Zimmer verf\u00fcgt, ist um einen zentralen Innenhof herum angeordnet und in zwei verschiedene Geb\u00e4ude aufgeteilt. Im ersten Fl\u00fcgel finden Sie ein Zimmer im Erdgeschoss, das zug\u00e4nglich ist f\u00fcr<br \/>Personen mit eingeschr\u00e4nkter Mobilit\u00e4t, sowie zwei Juniorsuiten und zwei Standardzimmer im Obergeschoss. Im zweiten Fl\u00fcgel befinden sich zwei Superior-Zimmer, drei Deluxe-Zimmer und<br \/>eine Junior Suite. Alle unsere Zimmer, die doppelt belegt sind, sind klimatisiert, ebenso wie die Restaurant- und Empfangsbereiche.<\/p><p>Wir verf\u00fcgen \u00fcber ein barrierefreies Zimmer f\u00fcr Menschen mit motorischen Behinderungen, das sich im Erdgeschoss unseres Geb\u00e4udes auf dem Hof befindet. Die anderen Zimmer sind nur \u00fcber Treppen erreichbar. Unser PDJ-Raum und unser Swimmingpool sind f\u00fcr alle Arten von Behinderungen zug\u00e4nglich. Wir k\u00f6nnen Ihnen auch Sehbehindertenger\u00e4te oder einen Rollstuhl zur Verf\u00fcgung stellen.  Unser Personal ist f\u00fcr den Umgang mit Menschen mit Behinderungen sensibilisiert. Bitte kontaktieren Sie uns bei Ihrer Buchung, damit wir Ihnen die besten Unterbringungsm\u00f6glichkeiten anbieten und Ihnen einen Aufenthalt garantieren k\u00f6nnen, der Ihren Anforderungen und Bed\u00fcrfnissen entspricht.<\/p>\t\t\t\t\t\t\t\t<\/div>\n\t\t\t\t<\/div>\n\t\t\t\t<div class=\"elementor-element elementor-element-fa3ff69 elementor-widget elementor-widget-heading\" data-id=\"fa3ff69\" data-element_type=\"widget\" data-e-type=\"widget\" data-widget_type=\"heading.default\">\n\t\t\t\t<div class=\"elementor-widget-container\">\n\t\t\t\t\t<h2 class=\"elementor-heading-title elementor-size-default\"><i>Nachhaltige Entwicklung<\/i><\/h2>\t\t\t\t<\/div>\n\t\t\t\t<\/div>\n\t\t\t\t<div class=\"elementor-element elementor-element-f83c772 elementor-widget elementor-widget-text-editor\" data-id=\"f83c772\" data-element_type=\"widget\" data-e-type=\"widget\" data-widget_type=\"text-editor.default\">\n\t\t\t\t<div class=\"elementor-widget-container\">\n\t\t\t\t\t\t\t\t\t<p>Wir m\u00f6chten, dass das Hotel Les Deux Ch\u00e8vres einen dauerhaften Umweltansatz verfolgt. Um dies zu erreichen, haben wir uns entschieden, alle unsere R\u00e4ume und Zimmer mit LED-Lampen auszustatten, wir empfehlen Ihnen, Ihren Verbrauch von Handt\u00fcchern und Bettw\u00e4sche zu reduzieren, wir praktizieren und bieten Ihnen die M\u00fclltrennung an. Wir m\u00f6chten uns auch in unserer Region verankern, indem wir Ihnen vorwiegend lokale Produkte aus biologischem Anbau anbieten.<\/p><p>Wir schlagen Ihnen vor, unsere Region mit sanften Verkehrsmitteln zu erkunden und empfehlen Ihnen, unsere Weinberge mit dem Fahrrad oder zu Fu\u00df zu erkunden, um Ihren CO2-Aussto\u00df zu verringern. Unser Concierge kann Ihnen w\u00e4hrend Ihres Aufenthalts oder im Vorfeld Ihrer Ankunft alle n\u00fctzlichen Informationen zur Organisation Ihrer Besichtigungen und Entdeckungen geben.<\/p><div id=\"simple-translate\" class=\"simple-translate-system-theme\"><div><div class=\"simple-translate-button isShow\" style=\"background-image: url('moz-extension:\/\/c5c40b72-ed64-4d90-980d-d53cd881ddd6\/icons\/512.png'); height: 22px; width: 22px; top: -99px; left: -68px;\">\u00a0<\/div><div class=\"simple-translate-panel\" style=\"width: 300px; height: 200px; top: 0px; left: 0px; font-size: 13px;\"><div class=\"simple-translate-result-wrapper\" style=\"overflow: hidden;\"><div class=\"simple-translate-move\" draggable=\"true\">\u00a0<\/div><div class=\"simple-translate-result-contents\"><p class=\"simple-translate-candidate\" dir=\"auto\">\u00a0<\/p><\/div><\/div><\/div><\/div><\/div>\t\t\t\t\t\t\t\t<\/div>\n\t\t\t\t<\/div>\n\t\t\t\t<\/div>\n\t\t\t\t<div class=\"elementor-element elementor-element-45bf208 elementor-widget-tablet__width-inherit elementor-widget elementor-widget-image\" data-id=\"45bf208\" data-element_type=\"widget\" data-e-type=\"widget\" data-widget_type=\"image.default\">\n\t\t\t\t<div class=\"elementor-widget-container\">\n\t\t\t\t\t\t\t\t\t\t\t\t\t\t\t<img decoding=\"async\" width=\"800\" height=\"534\" src=\"https:\/\/www.lesdeuxchevres.com\/wp-content\/uploads\/2025\/02\/Deux-Chevre-58-1024x683.jpg\" class=\"attachment-large size-large wp-image-5577\" alt=\"\" srcset=\"https:\/\/www.lesdeuxchevres.com\/wp-content\/uploads\/2025\/02\/Deux-Chevre-58-1024x683.jpg 1024w, https:\/\/www.lesdeuxchevres.com\/wp-content\/uploads\/2025\/02\/Deux-Chevre-58-300x200.jpg 300w, https:\/\/www.lesdeuxchevres.com\/wp-content\/uploads\/2025\/02\/Deux-Chevre-58-768x512.jpg 768w, https:\/\/www.lesdeuxchevres.com\/wp-content\/uploads\/2025\/02\/Deux-Chevre-58-1536x1024.jpg 1536w, https:\/\/www.lesdeuxchevres.com\/wp-content\/uploads\/2025\/02\/Deux-Chevre-58-2048x1365.jpg 2048w, https:\/\/www.lesdeuxchevres.com\/wp-content\/uploads\/2025\/02\/Deux-Chevre-58-18x12.jpg 18w\" sizes=\"(max-width: 800px) 100vw, 800px\" title=\"\">\t\t\t\t\t\t\t\t\t\t\t\t\t\t\t<\/div>\n\t\t\t\t<\/div>\n\t\t\t\t<\/div>\n\t\t\t\t<\/div>\n\t\t\t\t<\/div>\n\t\t\t\t<\/div>","protected":false},"excerpt":{"rendered":"<p>Nos Services et Informations pratiques Horaires Horaires R\u00e9ception : 08h-21h Horaires Check-in : 16h Horaires Check-out : 11h Petit d\u00e9jeuner : 25 euros Adulte 15 euros enfant 40 euros en chambre Horaires Concierge et Voiturier : 10h-17h Horaires Bar : 14h-21h Horaires en-cas en chambre : 06h-01h Horaires Piscine : 09h-22h \u00a0\u00a0 \u00a0 \u00a0 Services [&hellip;]<\/p>\n","protected":false},"author":21,"featured_media":0,"parent":61,"menu_order":0,"comment_status":"closed","ping_status":"closed","template":"","meta":{"_acf_changed":false,"inline_featured_image":false,"footnotes":""},"class_list":["post-7114","page","type-page","status-publish","hentry"],"acf":[],"_links":{"self":[{"href":"https:\/\/www.lesdeuxchevres.com\/de\/wp-json\/wp\/v2\/pages\/7114","targetHints":{"allow":["GET"]}}],"collection":[{"href":"https:\/\/www.lesdeuxchevres.com\/de\/wp-json\/wp\/v2\/pages"}],"about":[{"href":"https:\/\/www.lesdeuxchevres.com\/de\/wp-json\/wp\/v2\/types\/page"}],"author":[{"embeddable":true,"href":"https:\/\/www.lesdeuxchevres.com\/de\/wp-json\/wp\/v2\/users\/21"}],"replies":[{"embeddable":true,"href":"https:\/\/www.lesdeuxchevres.com\/de\/wp-json\/wp\/v2\/comments?post=7114"}],"version-history":[{"count":34,"href":"https:\/\/www.lesdeuxchevres.com\/de\/wp-json\/wp\/v2\/pages\/7114\/revisions"}],"predecessor-version":[{"id":7178,"href":"https:\/\/www.lesdeuxchevres.com\/de\/wp-json\/wp\/v2\/pages\/7114\/revisions\/7178"}],"up":[{"embeddable":true,"href":"https:\/\/www.lesdeuxchevres.com\/de\/wp-json\/wp\/v2\/pages\/61"}],"wp:attachment":[{"href":"https:\/\/www.lesdeuxchevres.com\/de\/wp-json\/wp\/v2\/media?parent=7114"}],"curies":[{"name":"wp","href":"https:\/\/api.w.org\/{rel}","templated":true}]}}