{"id":6067,"date":"2025-02-13T10:29:53","date_gmt":"2025-02-13T09:29:53","guid":{"rendered":"https:\/\/www.lesdeuxchevres.com\/?page_id=6067"},"modified":"2025-02-18T13:50:48","modified_gmt":"2025-02-18T12:50:48","slug":"gevrey-chambertin","status":"publish","type":"page","link":"https:\/\/www.lesdeuxchevres.com\/de\/hotel-de-charme-en-bourgogne\/gevrey-chambertin\/","title":{"rendered":"Gevrey-Chambertin"},"content":{"rendered":"<div data-elementor-type=\"wp-page\" data-elementor-id=\"6067\" class=\"elementor elementor-6067\" data-elementor-post-type=\"page\">\n\t\t\t\t<div class=\"elementor-element elementor-element-3b84966 e-con-full e-flex e-con e-parent\" data-id=\"3b84966\" data-element_type=\"container\" data-e-type=\"container\" data-settings=\"{&quot;background_background&quot;:&quot;classic&quot;}\">\n\t\t\t\t<div class=\"elementor-element elementor-element-795fd11 elementor-widget elementor-widget-heading\" data-id=\"795fd11\" data-element_type=\"widget\" data-e-type=\"widget\" data-widget_type=\"heading.default\">\n\t\t\t\t<div class=\"elementor-widget-container\">\n\t\t\t\t\t<span class=\"elementor-heading-title elementor-size-default\"><i>Gevrey-Chambertin<\/i><\/span>\t\t\t\t<\/div>\n\t\t\t\t<\/div>\n\t\t\t\t<\/div>\n\t\t<div class=\"elementor-element elementor-element-1352f5e e-con-full e-flex e-con e-parent\" data-id=\"1352f5e\" data-element_type=\"container\" data-e-type=\"container\">\n\t\t<div class=\"elementor-element elementor-element-82b19ae e-con-full e-flex e-con e-child\" data-id=\"82b19ae\" data-element_type=\"container\" data-e-type=\"container\" data-settings=\"{&quot;background_background&quot;:&quot;classic&quot;}\">\n\t\t<div class=\"elementor-element elementor-element-005ee92 e-con-full e-flex e-con e-child\" data-id=\"005ee92\" data-element_type=\"container\" data-e-type=\"container\" data-settings=\"{&quot;background_background&quot;:&quot;classic&quot;}\">\n\t\t\t\t<div class=\"elementor-element elementor-element-2191a74 elementor-widget elementor-widget-image\" data-id=\"2191a74\" data-element_type=\"widget\" data-e-type=\"widget\" data-widget_type=\"image.default\">\n\t\t\t\t<div class=\"elementor-widget-container\">\n\t\t\t\t\t\t\t\t\t\t\t\t\t\t\t<img fetchpriority=\"high\" decoding=\"async\" width=\"800\" height=\"450\" src=\"https:\/\/www.lesdeuxchevres.com\/wp-content\/uploads\/2025\/02\/CHARTE-WEB-LES-DEUX-CHEVRES-22-1024x576.png\" class=\"attachment-large size-large wp-image-5001\" alt=\"\" srcset=\"https:\/\/www.lesdeuxchevres.com\/wp-content\/uploads\/2025\/02\/CHARTE-WEB-LES-DEUX-CHEVRES-22-1024x576.png 1024w, https:\/\/www.lesdeuxchevres.com\/wp-content\/uploads\/2025\/02\/CHARTE-WEB-LES-DEUX-CHEVRES-22-300x169.png 300w, https:\/\/www.lesdeuxchevres.com\/wp-content\/uploads\/2025\/02\/CHARTE-WEB-LES-DEUX-CHEVRES-22-768x432.png 768w, https:\/\/www.lesdeuxchevres.com\/wp-content\/uploads\/2025\/02\/CHARTE-WEB-LES-DEUX-CHEVRES-22-18x10.png 18w, https:\/\/www.lesdeuxchevres.com\/wp-content\/uploads\/2025\/02\/CHARTE-WEB-LES-DEUX-CHEVRES-22.png 1366w\" sizes=\"(max-width: 800px) 100vw, 800px\" title=\"\">\t\t\t\t\t\t\t\t\t\t\t\t\t\t\t<\/div>\n\t\t\t\t<\/div>\n\t\t\t\t<div class=\"elementor-element elementor-element-dcba53f elementor-widget elementor-widget-heading\" data-id=\"dcba53f\" data-element_type=\"widget\" data-e-type=\"widget\" data-widget_type=\"heading.default\">\n\t\t\t\t<div class=\"elementor-widget-container\">\n\t\t\t\t\t<h2 class=\"elementor-heading-title elementor-size-default\">Gevrey-Chambertin : <br>\n<i>die Majest\u00e4t der Grands Crus<\/i><\/h2>\t\t\t\t<\/div>\n\t\t\t\t<\/div>\n\t\t\t\t<div class=\"elementor-element elementor-element-50239f5 elementor-widget-divider--view-line_icon elementor-view-default elementor-widget-divider--element-align-center elementor-widget elementor-widget-global elementor-global-364 elementor-widget-divider\" data-id=\"50239f5\" data-element_type=\"widget\" data-e-type=\"widget\" data-widget_type=\"divider.default\">\n\t\t\t\t<div class=\"elementor-widget-container\">\n\t\t\t\t\t\t\t<div class=\"elementor-divider\">\n\t\t\t<span class=\"elementor-divider-separator\">\n\t\t\t\t\t\t\t<div class=\"elementor-icon elementor-divider__element\">\n\t\t\t\t\t<i aria-hidden=\"true\" class=\"fas fa-dot-circle\"><\/i><\/div>\n\t\t\t\t\t\t<\/span>\n\t\t<\/div>\n\t\t\t\t\t\t<\/div>\n\t\t\t\t<\/div>\n\t\t\t\t<div class=\"elementor-element elementor-element-19f39f2 elementor-widget elementor-widget-text-editor\" data-id=\"19f39f2\" data-element_type=\"widget\" data-e-type=\"widget\" data-widget_type=\"text-editor.default\">\n\t\t\t\t<div class=\"elementor-widget-container\">\n\t\t\t\t\t\t\t\t\t<p>Gevrey-Chambertin liegt im Herzen der C\u00f4te de Nuits und ist mehr als nur ein Dorf: Es ist ein Heiligtum, in dem die Zeit stillzustehen scheint, ein legend\u00e4res Land, das das Wesen des Burgunds verk\u00f6rpert. Hier erz\u00e4hlt jede Weinbergsparzelle eine jahrhundertealte Geschichte, eine Geschichte, in der Mensch und Natur in perfekter Harmonie zusammenarbeiten, um Weine zu formen, die die Grenzen des Geschmacks und der Zeit \u00fcberschreiten.<\/p>\t\t\t\t\t\t\t\t<\/div>\n\t\t\t\t<\/div>\n\t\t\t\t<\/div>\n\t\t\t\t<\/div>\n\t\t<div class=\"elementor-element elementor-element-6a7ab04 e-flex e-con-boxed e-con e-child\" data-id=\"6a7ab04\" data-element_type=\"container\" data-e-type=\"container\" data-settings=\"{&quot;background_background&quot;:&quot;classic&quot;}\">\n\t\t\t\t\t<div class=\"e-con-inner\">\n\t\t<div class=\"elementor-element elementor-element-d926ed5 e-con-full e-flex e-con e-child\" data-id=\"d926ed5\" data-element_type=\"container\" data-e-type=\"container\" data-settings=\"{&quot;background_background&quot;:&quot;classic&quot;}\">\n\t\t\t\t<\/div>\n\t\t<div class=\"elementor-element elementor-element-f497148 e-con-full e-flex e-con e-child\" data-id=\"f497148\" data-element_type=\"container\" data-e-type=\"container\" data-settings=\"{&quot;background_background&quot;:&quot;classic&quot;}\">\n\t\t\t\t<div class=\"elementor-element elementor-element-e83ae98 elementor-widget elementor-widget-heading\" data-id=\"e83ae98\" data-element_type=\"widget\" data-e-type=\"widget\" data-widget_type=\"heading.default\">\n\t\t\t\t<div class=\"elementor-widget-container\">\n\t\t\t\t\t<h2 class=\"elementor-heading-title elementor-size-default\"><i>Pinot Noir :\nDer K\u00f6nig der Weine<\/i><\/h2>\t\t\t\t<\/div>\n\t\t\t\t<\/div>\n\t\t\t\t<div class=\"elementor-element elementor-element-662e22f elementor-widget elementor-widget-text-editor\" data-id=\"662e22f\" data-element_type=\"widget\" data-e-type=\"widget\" data-widget_type=\"text-editor.default\">\n\t\t\t\t<div class=\"elementor-widget-container\">\n\t\t\t\t\t\t\t\t\t<p>Gevrey-Chambertin, bekannt als \"K\u00f6nig der Weine und Wein der K\u00f6nige\", ist die Heimat ikonischer Grands Crus, die von aufgekl\u00e4rten Weinliebhabern und anspruchsvollsten Gaumen gesch\u00e4tzt werden. Seine Climats, die zum UNESCO-Weltkulturerbe geh\u00f6ren, bilden ein wahres Naturk\u00e4stchen, in dem jeder Hang, der in ein sanftes, goldenes Licht getaucht ist, die Kraft und Eleganz des Pinot Noir mit Feingef\u00fchl zum Ausdruck bringt.<\/p>\t\t\t\t\t\t\t\t<\/div>\n\t\t\t\t<\/div>\n\t\t\t\t<\/div>\n\t\t\t\t\t<\/div>\n\t\t\t\t<\/div>\n\t\t\t\t<\/div>\n\t\t<div class=\"elementor-element elementor-element-e7c7a27 e-con-full e-flex e-con e-parent\" data-id=\"e7c7a27\" data-element_type=\"container\" data-e-type=\"container\" data-settings=\"{&quot;background_background&quot;:&quot;classic&quot;}\">\n\t\t<div class=\"elementor-element elementor-element-aef63de e-con-full e-flex e-con e-child\" data-id=\"aef63de\" data-element_type=\"container\" data-e-type=\"container\">\n\t\t<div class=\"elementor-element elementor-element-a6c72bd e-con-full e-flex e-con e-child\" data-id=\"a6c72bd\" data-element_type=\"container\" data-e-type=\"container\">\n\t\t\t\t<div class=\"elementor-element elementor-element-bdd8a6d elementor-widget elementor-widget-image\" data-id=\"bdd8a6d\" data-element_type=\"widget\" data-e-type=\"widget\" data-widget_type=\"image.default\">\n\t\t\t\t<div class=\"elementor-widget-container\">\n\t\t\t\t\t\t\t\t\t\t\t\t\t\t\t<img decoding=\"async\" width=\"800\" height=\"450\" src=\"https:\/\/www.lesdeuxchevres.com\/wp-content\/uploads\/2025\/01\/CHARTE-WEB-LES-DEUX-CHEVRES-4-1024x576.png\" class=\"attachment-large size-large wp-image-4278\" alt=\"\" srcset=\"https:\/\/www.lesdeuxchevres.com\/wp-content\/uploads\/2025\/01\/CHARTE-WEB-LES-DEUX-CHEVRES-4-1024x576.png 1024w, https:\/\/www.lesdeuxchevres.com\/wp-content\/uploads\/2025\/01\/CHARTE-WEB-LES-DEUX-CHEVRES-4-300x169.png 300w, https:\/\/www.lesdeuxchevres.com\/wp-content\/uploads\/2025\/01\/CHARTE-WEB-LES-DEUX-CHEVRES-4-768x432.png 768w, https:\/\/www.lesdeuxchevres.com\/wp-content\/uploads\/2025\/01\/CHARTE-WEB-LES-DEUX-CHEVRES-4-1536x863.png 1536w, https:\/\/www.lesdeuxchevres.com\/wp-content\/uploads\/2025\/01\/CHARTE-WEB-LES-DEUX-CHEVRES-4-18x10.png 18w, https:\/\/www.lesdeuxchevres.com\/wp-content\/uploads\/2025\/01\/CHARTE-WEB-LES-DEUX-CHEVRES-4.png 1708w\" sizes=\"(max-width: 800px) 100vw, 800px\" title=\"\">\t\t\t\t\t\t\t\t\t\t\t\t\t\t\t<\/div>\n\t\t\t\t<\/div>\n\t\t\t\t<div class=\"elementor-element elementor-element-972c180 elementor-widget elementor-widget-heading\" data-id=\"972c180\" data-element_type=\"widget\" data-e-type=\"widget\" data-widget_type=\"heading.default\">\n\t\t\t\t<div class=\"elementor-widget-container\">\n\t\t\t\t\t<h3 class=\"elementor-heading-title elementor-size-default\"><i>Die burgundische Lebenskunst<\/i><\/h3>\t\t\t\t<\/div>\n\t\t\t\t<\/div>\n\t\t\t\t<div class=\"elementor-element elementor-element-6ca7f88 elementor-widget elementor-widget-text-editor\" data-id=\"6ca7f88\" data-element_type=\"widget\" data-e-type=\"widget\" data-widget_type=\"text-editor.default\">\n\t\t\t\t<div class=\"elementor-widget-container\">\n\t\t\t\t\t\t\t\t\t<p>Gevrey-Chambertin ist aber auch eine Einladung, die burgundische Lebenskunst zu entdecken. Seine Gew\u00f6lbekeller, seine jahrhundertealten Weing\u00fcter und seine leidenschaftlichen Bewohner bieten ein immersives Erlebnis in einer Welt, in der das Weinbau-Know-how zur Kunst erhoben wird.<\/p>\n<p><br><\/p><p>Probieren Sie au\u00dfergew\u00f6hnliche Weine, wandern Sie durch Landschaften voller Gelassenheit und tauchen Sie ein in eine Geschichte, die die sch\u00f6nsten Tische der Welt geformt hat.<\/p>\n<p><br><\/p><p>In Gevrey-Chambertin wird jeder Besucher zu einem privilegierten Zeugen der zeitlosen Exzellenz des Burgunds. Eine Reise hierher ist nicht nur ein Ausflug: Sie ist eine Kommunion mit einem Land, das von Tradition, Prestige und Leidenschaft erf\u00fcllt ist.<\/p>\t\t\t\t\t\t\t\t<\/div>\n\t\t\t\t<\/div>\n\t\t\t\t<\/div>\n\t\t<div class=\"elementor-element elementor-element-f632441 e-con-full e-flex e-con e-child\" data-id=\"f632441\" data-element_type=\"container\" data-e-type=\"container\">\n\t\t\t\t<div class=\"elementor-element elementor-element-191d0b0 elementor-widget-tablet__width-inherit elementor-widget elementor-widget-image\" data-id=\"191d0b0\" data-element_type=\"widget\" data-e-type=\"widget\" data-widget_type=\"image.default\">\n\t\t\t\t<div class=\"elementor-widget-container\">\n\t\t\t\t\t\t\t\t\t\t\t\t\t\t\t<img decoding=\"async\" width=\"683\" height=\"1024\" src=\"https:\/\/www.lesdeuxchevres.com\/wp-content\/uploads\/2025\/02\/marcel-gross-marcelgross-ch-sHTwDYKti6Q-unsplash-683x1024.jpg\" class=\"attachment-large size-large wp-image-4989\" alt=\"\" srcset=\"https:\/\/www.lesdeuxchevres.com\/wp-content\/uploads\/2025\/02\/marcel-gross-marcelgross-ch-sHTwDYKti6Q-unsplash-683x1024.jpg 683w, https:\/\/www.lesdeuxchevres.com\/wp-content\/uploads\/2025\/02\/marcel-gross-marcelgross-ch-sHTwDYKti6Q-unsplash-200x300.jpg 200w, https:\/\/www.lesdeuxchevres.com\/wp-content\/uploads\/2025\/02\/marcel-gross-marcelgross-ch-sHTwDYKti6Q-unsplash-768x1151.jpg 768w, https:\/\/www.lesdeuxchevres.com\/wp-content\/uploads\/2025\/02\/marcel-gross-marcelgross-ch-sHTwDYKti6Q-unsplash-1025x1536.jpg 1025w, https:\/\/www.lesdeuxchevres.com\/wp-content\/uploads\/2025\/02\/marcel-gross-marcelgross-ch-sHTwDYKti6Q-unsplash-1367x2048.jpg 1367w, https:\/\/www.lesdeuxchevres.com\/wp-content\/uploads\/2025\/02\/marcel-gross-marcelgross-ch-sHTwDYKti6Q-unsplash-8x12.jpg 8w, https:\/\/www.lesdeuxchevres.com\/wp-content\/uploads\/2025\/02\/marcel-gross-marcelgross-ch-sHTwDYKti6Q-unsplash-scaled.jpg 1709w\" sizes=\"(max-width: 683px) 100vw, 683px\" title=\"\">\t\t\t\t\t\t\t\t\t\t\t\t\t\t\t<\/div>\n\t\t\t\t<\/div>\n\t\t\t\t<\/div>\n\t\t\t\t<\/div>\n\t\t\t\t<\/div>\n\t\t<div class=\"elementor-element elementor-element-7e8cb63 e-con-full e-flex e-con e-parent\" data-id=\"7e8cb63\" data-element_type=\"container\" data-e-type=\"container\" data-settings=\"{&quot;background_background&quot;:&quot;classic&quot;}\">\n\t\t<div class=\"elementor-element elementor-element-9ead473 e-con-full e-flex e-con e-child\" data-id=\"9ead473\" data-element_type=\"container\" data-e-type=\"container\" data-settings=\"{&quot;background_background&quot;:&quot;classic&quot;}\">\n\t\t\t\t<\/div>\n\t\t<div class=\"elementor-element elementor-element-f388982 e-con-full e-flex e-con e-child\" data-id=\"f388982\" data-element_type=\"container\" data-e-type=\"container\">\n\t\t<div class=\"elementor-element elementor-element-20f9a69 e-flex e-con-boxed e-con e-child\" data-id=\"20f9a69\" data-element_type=\"container\" data-e-type=\"container\" data-settings=\"{&quot;background_background&quot;:&quot;classic&quot;}\">\n\t\t\t\t\t<div class=\"e-con-inner\">\n\t\t\t\t<div class=\"elementor-element elementor-element-af3bb6f elementor-widget elementor-widget-heading\" data-id=\"af3bb6f\" data-element_type=\"widget\" data-e-type=\"widget\" data-widget_type=\"heading.default\">\n\t\t\t\t<div class=\"elementor-widget-container\">\n\t\t\t\t\t<h2 class=\"elementor-heading-title elementor-size-default\"><i>Die 9 Grand Crus von Gevrey-Chambertin<\/i><\/h2>\t\t\t\t<\/div>\n\t\t\t\t<\/div>\n\t\t\t\t<div class=\"elementor-element elementor-element-645ce5d elementor-widget elementor-widget-text-editor\" data-id=\"645ce5d\" data-element_type=\"widget\" data-e-type=\"widget\" data-widget_type=\"text-editor.default\">\n\t\t\t\t<div class=\"elementor-widget-container\">\n\t\t\t\t\t\t\t\t\t<p>Gevrey-Chambertin ist die Heimat von neun Grands Crus, von denen jeder eine einzigartige Identit\u00e4t besitzt, die von den Menschen, Jahrhunderten des Weinbaus und au\u00dfergew\u00f6hnlichen B\u00f6den gepr\u00e4gt wurde:<\/p><p>\u00a0<\/p><ol><li><strong>Chambertin<\/strong> : Das Juwel des Burgunds, kraftvoll und raffiniert.<\/li><li><strong>Chambertin-Clos de B\u00e8ze<\/strong> Wein: Einer der \u00e4ltesten Weine der Region, der bereits im 7. Jahrhundert erw\u00e4hnt wurde.<\/li><li><strong>Mazis-Chambertin<\/strong> : Intensiv und rassig, verf\u00fchrt er Liebhaber komplexer Weine.<\/li><li><strong>Ruchottes-Chambertin<\/strong> : Subtil und elegant, mit einer zarten Struktur.<\/li><li><strong>Mazoy\u00e8res-Chambertin<\/strong> : Charmant, vereint er Rundheit und Tiefe.<\/li><li><strong>Griotte-Chambertin<\/strong> : Selten und exquisit, dr\u00fcckt feine und fruchtige Aromen aus.<\/li><li><strong>Charmes-Chambertin<\/strong> : Zart und seidig, ein Wein von gro\u00dfer Sinnlichkeit.<\/li><li><strong>Latrici\u00e8res-Chambertin<\/strong> : Mineralisch und pr\u00e4zise, mit einer sch\u00f6nen L\u00e4nge am Gaumen.<\/li><li><strong>Chapelle-Chambertin<\/strong> : Reichhaltig und ausgewogen, stellt er die perfekte Harmonie des Terroirs dar.<\/li><\/ol>\t\t\t\t\t\t\t\t<\/div>\n\t\t\t\t<\/div>\n\t\t\t\t\t<\/div>\n\t\t\t\t<\/div>\n\t\t\t\t<\/div>\n\t\t\t\t<\/div>\n\t\t<div class=\"elementor-element elementor-element-bada7ad e-con-full e-flex e-con e-parent\" data-id=\"bada7ad\" data-element_type=\"container\" data-e-type=\"container\" data-settings=\"{&quot;background_background&quot;:&quot;classic&quot;}\">\n\t\t<div class=\"elementor-element elementor-element-f17b93f e-con-full e-flex e-con e-child\" data-id=\"f17b93f\" data-element_type=\"container\" data-e-type=\"container\">\n\t\t<div class=\"elementor-element elementor-element-7cb2d66 e-flex e-con-boxed e-con e-child\" data-id=\"7cb2d66\" data-element_type=\"container\" data-e-type=\"container\" data-settings=\"{&quot;background_background&quot;:&quot;classic&quot;}\">\n\t\t\t\t\t<div class=\"e-con-inner\">\n\t\t\t\t<div class=\"elementor-element elementor-element-18be6f2 elementor-widget elementor-widget-heading\" data-id=\"18be6f2\" data-element_type=\"widget\" data-e-type=\"widget\" data-widget_type=\"heading.default\">\n\t\t\t\t<div class=\"elementor-widget-container\">\n\t\t\t\t\t<h2 class=\"elementor-heading-title elementor-size-default\"><i>Ein einzigartiges Terroir<\/i><\/h2>\t\t\t\t<\/div>\n\t\t\t\t<\/div>\n\t\t\t\t<div class=\"elementor-element elementor-element-d5c0216 elementor-widget-mobile__width-initial elementor-widget elementor-widget-text-editor\" data-id=\"d5c0216\" data-element_type=\"widget\" data-e-type=\"widget\" data-widget_type=\"text-editor.default\">\n\t\t\t\t<div class=\"elementor-widget-container\">\n\t\t\t\t\t\t\t\t\t<p>Die B\u00f6den von Gevrey-Chambertin, die aus Kalkstein und Lehm bestehen, schaffen in Verbindung mit einer idealen Ausrichtung und einem g\u00fcnstigen Mikroklima perfekte Bedingungen f\u00fcr den Pinot Noir. Diese B\u00f6den, die von Generationen von Winzern mit Leidenschaft bearbeitet werden, bringen Weine hervor, die zugleich kraftvoll und komplex sind und von einer unvergleichlichen Finesse gepr\u00e4gt sind.<\/p>\t\t\t\t\t\t\t\t<\/div>\n\t\t\t\t<\/div>\n\t\t\t\t<div class=\"elementor-element elementor-element-ea2eda4 elementor-align-left elementor-widget elementor-widget-button\" data-id=\"ea2eda4\" data-element_type=\"widget\" data-e-type=\"widget\" data-widget_type=\"button.default\">\n\t\t\t\t<div class=\"elementor-widget-container\">\n\t\t\t\t\t\t\t\t\t<div class=\"elementor-button-wrapper\">\n\t\t\t\t\t<a class=\"elementor-button elementor-button-link elementor-size-sm\" href=\"https:\/\/www.lesdeuxchevres.com\/de\/hotel-de-charme-en-bourgogne\/climat-bourgogne\/\">\n\t\t\t\t\t\t<span class=\"elementor-button-content-wrapper\">\n\t\t\t\t\t\t\t\t\t<span class=\"elementor-button-text\">Entdecken Sie die Klimazonen von Burgund<\/span>\n\t\t\t\t\t<\/span>\n\t\t\t\t\t<\/a>\n\t\t\t\t<\/div>\n\t\t\t\t\t\t\t\t<\/div>\n\t\t\t\t<\/div>\n\t\t\t\t\t<\/div>\n\t\t\t\t<\/div>\n\t\t\t\t<\/div>\n\t\t<div class=\"elementor-element elementor-element-a60e5f3 e-con-full e-flex e-con e-child\" data-id=\"a60e5f3\" data-element_type=\"container\" data-e-type=\"container\" data-settings=\"{&quot;background_background&quot;:&quot;classic&quot;}\">\n\t\t\t\t<\/div>\n\t\t\t\t<\/div>\n\t\t\t\t<\/div>","protected":false},"excerpt":{"rendered":"<p>Gevrey-Chambertin Gevrey-Chambertin : la majest\u00e9 des grands crus Nich\u00e9 au c\u0153ur de la C\u00f4te de Nuits, Gevrey-Chambertin est bien plus qu\u2019un village\u202f: c\u2019est un sanctuaire o\u00f9 le temps semble suspendu, une terre l\u00e9gendaire qui incarne l\u2019essence m\u00eame de la Bourgogne. Ici, chaque parcelle de vigne raconte une histoire vieille de plusieurs si\u00e8cles, une histoire o\u00f9 [&hellip;]<\/p>\n","protected":false},"author":7,"featured_media":0,"parent":65,"menu_order":0,"comment_status":"closed","ping_status":"closed","template":"","meta":{"_acf_changed":false,"inline_featured_image":false,"footnotes":""},"class_list":["post-6067","page","type-page","status-publish","hentry"],"acf":[],"_links":{"self":[{"href":"https:\/\/www.lesdeuxchevres.com\/de\/wp-json\/wp\/v2\/pages\/6067","targetHints":{"allow":["GET"]}}],"collection":[{"href":"https:\/\/www.lesdeuxchevres.com\/de\/wp-json\/wp\/v2\/pages"}],"about":[{"href":"https:\/\/www.lesdeuxchevres.com\/de\/wp-json\/wp\/v2\/types\/page"}],"author":[{"embeddable":true,"href":"https:\/\/www.lesdeuxchevres.com\/de\/wp-json\/wp\/v2\/users\/7"}],"replies":[{"embeddable":true,"href":"https:\/\/www.lesdeuxchevres.com\/de\/wp-json\/wp\/v2\/comments?post=6067"}],"version-history":[{"count":10,"href":"https:\/\/www.lesdeuxchevres.com\/de\/wp-json\/wp\/v2\/pages\/6067\/revisions"}],"predecessor-version":[{"id":6494,"href":"https:\/\/www.lesdeuxchevres.com\/de\/wp-json\/wp\/v2\/pages\/6067\/revisions\/6494"}],"up":[{"embeddable":true,"href":"https:\/\/www.lesdeuxchevres.com\/de\/wp-json\/wp\/v2\/pages\/65"}],"wp:attachment":[{"href":"https:\/\/www.lesdeuxchevres.com\/de\/wp-json\/wp\/v2\/media?parent=6067"}],"curies":[{"name":"wp","href":"https:\/\/api.w.org\/{rel}","templated":true}]}}