{"id":3891,"date":"2025-01-15T18:43:32","date_gmt":"2025-01-15T17:43:32","guid":{"rendered":"https:\/\/www.lesdeuxchevres.com\/?page_id=3891"},"modified":"2025-02-18T14:16:33","modified_gmt":"2025-02-18T13:16:33","slug":"unsere-wurzeln","status":"publish","type":"page","link":"https:\/\/www.lesdeuxchevres.com\/de\/hotel-de-luxe-au-coeur-des-vignes\/nos-racines\/","title":{"rendered":"Unsere Wurzeln"},"content":{"rendered":"<div data-elementor-type=\"wp-page\" data-elementor-id=\"3891\" class=\"elementor elementor-3891\" data-elementor-post-type=\"page\">\n\t\t\t\t<div class=\"elementor-element elementor-element-62998c5 e-con-full e-flex e-con e-parent\" data-id=\"62998c5\" data-element_type=\"container\" data-e-type=\"container\" id=\"top\" data-settings=\"{&quot;background_background&quot;:&quot;classic&quot;}\">\n\t\t\t\t<div class=\"elementor-element elementor-element-2f83062 elementor-widget elementor-widget-heading\" data-id=\"2f83062\" data-element_type=\"widget\" data-e-type=\"widget\" data-widget_type=\"heading.default\">\n\t\t\t\t<div class=\"elementor-widget-container\">\n\t\t\t\t\t<span class=\"elementor-heading-title elementor-size-default\"><i>Unsere Wurzeln<\/i><\/span>\t\t\t\t<\/div>\n\t\t\t\t<\/div>\n\t\t\t\t<\/div>\n\t\t<div class=\"elementor-element elementor-element-509c44f e-flex e-con-boxed e-con e-parent\" data-id=\"509c44f\" data-element_type=\"container\" data-e-type=\"container\" data-settings=\"{&quot;background_background&quot;:&quot;classic&quot;}\">\n\t\t\t\t\t<div class=\"e-con-inner\">\n\t\t\t\t<div class=\"elementor-element elementor-element-998dd72 elementor-widget elementor-widget-image\" data-id=\"998dd72\" data-element_type=\"widget\" data-e-type=\"widget\" data-widget_type=\"image.default\">\n\t\t\t\t<div class=\"elementor-widget-container\">\n\t\t\t\t\t\t\t\t\t\t\t\t\t\t\t<img fetchpriority=\"high\" decoding=\"async\" width=\"800\" height=\"450\" src=\"https:\/\/www.lesdeuxchevres.com\/wp-content\/uploads\/2025\/01\/CHARTE-WEB-LES-DEUX-CHEVRES-6-1024x576.png\" class=\"attachment-large size-large wp-image-4279\" alt=\"\" srcset=\"https:\/\/www.lesdeuxchevres.com\/wp-content\/uploads\/2025\/01\/CHARTE-WEB-LES-DEUX-CHEVRES-6-1024x576.png 1024w, https:\/\/www.lesdeuxchevres.com\/wp-content\/uploads\/2025\/01\/CHARTE-WEB-LES-DEUX-CHEVRES-6-300x169.png 300w, https:\/\/www.lesdeuxchevres.com\/wp-content\/uploads\/2025\/01\/CHARTE-WEB-LES-DEUX-CHEVRES-6-768x432.png 768w, https:\/\/www.lesdeuxchevres.com\/wp-content\/uploads\/2025\/01\/CHARTE-WEB-LES-DEUX-CHEVRES-6-18x10.png 18w, https:\/\/www.lesdeuxchevres.com\/wp-content\/uploads\/2025\/01\/CHARTE-WEB-LES-DEUX-CHEVRES-6.png 1366w\" sizes=\"(max-width: 800px) 100vw, 800px\" title=\"\">\t\t\t\t\t\t\t\t\t\t\t\t\t\t\t<\/div>\n\t\t\t\t<\/div>\n\t\t\t\t\t<\/div>\n\t\t\t\t<\/div>\n\t\t<div class=\"elementor-element elementor-element-e9bd947 e-flex e-con-boxed e-con e-parent\" data-id=\"e9bd947\" data-element_type=\"container\" data-e-type=\"container\" data-settings=\"{&quot;background_background&quot;:&quot;classic&quot;}\">\n\t\t\t\t\t<div class=\"e-con-inner\">\n\t\t\t\t<div class=\"elementor-element elementor-element-59c1c4e elementor-widget elementor-widget-heading\" data-id=\"59c1c4e\" data-element_type=\"widget\" data-e-type=\"widget\" data-widget_type=\"heading.default\">\n\t\t\t\t<div class=\"elementor-widget-container\">\n\t\t\t\t\t<h2 class=\"elementor-heading-title elementor-size-default\"><i>Eine Geschichte <br>von der Zeit gewebt<\/i><\/h2>\t\t\t\t<\/div>\n\t\t\t\t<\/div>\n\t\t\t\t<div class=\"elementor-element elementor-element-6fae939 elementor-widget-divider--view-line_icon elementor-view-default elementor-widget-divider--element-align-center elementor-widget elementor-widget-global elementor-global-364 elementor-widget-divider\" data-id=\"6fae939\" data-element_type=\"widget\" data-e-type=\"widget\" data-widget_type=\"divider.default\">\n\t\t\t\t<div class=\"elementor-widget-container\">\n\t\t\t\t\t\t\t<div class=\"elementor-divider\">\n\t\t\t<span class=\"elementor-divider-separator\">\n\t\t\t\t\t\t\t<div class=\"elementor-icon elementor-divider__element\">\n\t\t\t\t\t<i aria-hidden=\"true\" class=\"fas fa-dot-circle\"><\/i><\/div>\n\t\t\t\t\t\t<\/span>\n\t\t<\/div>\n\t\t\t\t\t\t<\/div>\n\t\t\t\t<\/div>\n\t\t\t\t\t<\/div>\n\t\t\t\t<\/div>\n\t\t<div class=\"elementor-element elementor-element-44b5e7c e-flex e-con-boxed e-con e-parent\" data-id=\"44b5e7c\" data-element_type=\"container\" data-e-type=\"container\" data-settings=\"{&quot;background_background&quot;:&quot;classic&quot;}\">\n\t\t\t\t\t<div class=\"e-con-inner\">\n\t\t<div class=\"elementor-element elementor-element-01df08a e-con-full e-flex e-con e-child\" data-id=\"01df08a\" data-element_type=\"container\" data-e-type=\"container\" data-settings=\"{&quot;background_background&quot;:&quot;classic&quot;}\">\n\t\t\t\t<\/div>\n\t\t<div class=\"elementor-element elementor-element-f4da0b6 e-con-full e-flex e-con e-child\" data-id=\"f4da0b6\" data-element_type=\"container\" data-e-type=\"container\" data-settings=\"{&quot;background_background&quot;:&quot;classic&quot;}\">\n\t\t\t\t<div class=\"elementor-element elementor-element-a511c74 elementor-widget elementor-widget-text-editor\" data-id=\"a511c74\" data-element_type=\"widget\" data-e-type=\"widget\" data-widget_type=\"text-editor.default\">\n\t\t\t\t<div class=\"elementor-widget-container\">\n\t\t\t\t\t\t\t\t\t<p>Jeder Stein, jeder Rebstock und jeder Baum, der um unser Gut herum verwurzelt ist, fl\u00fcstert von den Geheimnissen einer edlen und zeitlosen Vergangenheit. Von seinen bescheidenen Anf\u00e4ngen bis zu seiner heutigen Verk\u00f6rperung in einem luxuri\u00f6sen und authentischen Schmuckk\u00e4stchen erz\u00e4hlt unser Anwesen die vibrierende Geschichte von Gevrey-Chambertin, der Wiege der Grands Crus und dem Juwel des ewigen Burgunds.<\/p>\t\t\t\t\t\t\t\t<\/div>\n\t\t\t\t<\/div>\n\t\t\t\t<\/div>\n\t\t\t\t\t<\/div>\n\t\t\t\t<\/div>\n\t\t<div class=\"elementor-element elementor-element-8ae88bc e-flex e-con-boxed e-con e-parent\" data-id=\"8ae88bc\" data-element_type=\"container\" data-e-type=\"container\" data-settings=\"{&quot;background_background&quot;:&quot;classic&quot;}\">\n\t\t\t\t\t<div class=\"e-con-inner\">\n\t\t<div class=\"elementor-element elementor-element-5ca7582 e-con-full e-flex e-con e-child\" data-id=\"5ca7582\" data-element_type=\"container\" data-e-type=\"container\" data-settings=\"{&quot;background_background&quot;:&quot;classic&quot;}\">\n\t\t\t\t<div class=\"elementor-element elementor-element-8e1791e elementor-widget elementor-widget-heading\" data-id=\"8e1791e\" data-element_type=\"widget\" data-e-type=\"widget\" data-widget_type=\"heading.default\">\n\t\t\t\t<div class=\"elementor-widget-container\">\n\t\t\t\t\t<h3 class=\"elementor-heading-title elementor-size-default\"><i>Die Urspr\u00fcnge eines Erbes<\/i><\/h3>\t\t\t\t<\/div>\n\t\t\t\t<\/div>\n\t\t\t\t<div class=\"elementor-element elementor-element-1094131 elementor-widget elementor-widget-text-editor\" data-id=\"1094131\" data-element_type=\"widget\" data-e-type=\"widget\" data-widget_type=\"text-editor.default\">\n\t\t\t\t<div class=\"elementor-widget-container\">\n\t\t\t\t\t\t\t\t\t<p>Vor mehr als zwei Jahrhunderten stand in diesem von den Weing\u00f6ttern gesegneten Land ein bescheidenes Winzerhaus. Es war das Zuhause engagierter Familien und das schlagende Herz einer jahrhundertealten Tradition, in der pr\u00e4zise Gesten und gemeinsame Leidenschaften die tiefen und unvergesslichen Aromen von Gevrey-Chambertin formten. Seine Steinmauern, die durch das K\u00f6nnen der M\u00e4nner geformt wurden, und seine D\u00e4cher aus burgundischen Ziegeln erhoben sich, bereits stumme Zeugen der Weinlese unter dem wechselnden Himmel der<i> Nachtk\u00fcste<\/i>s.<\/p>\t\t\t\t\t\t\t\t<\/div>\n\t\t\t\t<\/div>\n\t\t\t\t<\/div>\n\t\t<div class=\"elementor-element elementor-element-c38560c e-con-full e-flex e-con e-child\" data-id=\"c38560c\" data-element_type=\"container\" data-e-type=\"container\" data-settings=\"{&quot;background_background&quot;:&quot;classic&quot;}\">\n\t\t\t\t<\/div>\n\t\t\t\t\t<\/div>\n\t\t\t\t<\/div>\n\t\t<div class=\"elementor-element elementor-element-e09c143 e-con-full e-flex e-con e-parent\" data-id=\"e09c143\" data-element_type=\"container\" data-e-type=\"container\" data-settings=\"{&quot;background_background&quot;:&quot;classic&quot;}\">\n\t\t<div class=\"elementor-element elementor-element-028d9ee e-con-full e-flex e-con e-child\" data-id=\"028d9ee\" data-element_type=\"container\" data-e-type=\"container\">\n\t\t<div class=\"elementor-element elementor-element-54b634b e-con-full e-flex e-con e-child\" data-id=\"54b634b\" data-element_type=\"container\" data-e-type=\"container\">\n\t\t<div class=\"elementor-element elementor-element-895e9d8 e-con-full e-flex e-con e-child\" data-id=\"895e9d8\" data-element_type=\"container\" data-e-type=\"container\">\n\t\t\t\t<div class=\"elementor-element elementor-element-ab332f9 elementor-widget elementor-widget-image\" data-id=\"ab332f9\" data-element_type=\"widget\" data-e-type=\"widget\" data-widget_type=\"image.default\">\n\t\t\t\t<div class=\"elementor-widget-container\">\n\t\t\t\t\t\t\t\t\t\t\t\t\t\t\t<img decoding=\"async\" width=\"800\" height=\"450\" src=\"https:\/\/www.lesdeuxchevres.com\/wp-content\/uploads\/2025\/01\/CHARTE-WEB-LES-DEUX-CHEVRES-7-1024x576.png\" class=\"attachment-large size-large wp-image-4304\" alt=\"\" srcset=\"https:\/\/www.lesdeuxchevres.com\/wp-content\/uploads\/2025\/01\/CHARTE-WEB-LES-DEUX-CHEVRES-7-1024x576.png 1024w, https:\/\/www.lesdeuxchevres.com\/wp-content\/uploads\/2025\/01\/CHARTE-WEB-LES-DEUX-CHEVRES-7-300x169.png 300w, https:\/\/www.lesdeuxchevres.com\/wp-content\/uploads\/2025\/01\/CHARTE-WEB-LES-DEUX-CHEVRES-7-768x432.png 768w, https:\/\/www.lesdeuxchevres.com\/wp-content\/uploads\/2025\/01\/CHARTE-WEB-LES-DEUX-CHEVRES-7-1536x863.png 1536w, https:\/\/www.lesdeuxchevres.com\/wp-content\/uploads\/2025\/01\/CHARTE-WEB-LES-DEUX-CHEVRES-7-2048x1151.png 2048w, https:\/\/www.lesdeuxchevres.com\/wp-content\/uploads\/2025\/01\/CHARTE-WEB-LES-DEUX-CHEVRES-7-18x10.png 18w\" sizes=\"(max-width: 800px) 100vw, 800px\" title=\"\">\t\t\t\t\t\t\t\t\t\t\t\t\t\t\t<\/div>\n\t\t\t\t<\/div>\n\t\t\t\t<div class=\"elementor-element elementor-element-13d5e93 elementor-widget elementor-widget-heading\" data-id=\"13d5e93\" data-element_type=\"widget\" data-e-type=\"widget\" data-widget_type=\"heading.default\">\n\t\t\t\t<div class=\"elementor-widget-container\">\n\t\t\t\t\t<h3 class=\"elementor-heading-title elementor-size-default\"><i>Die Wiedergeburt eines Juwels<\/i><\/h3>\t\t\t\t<\/div>\n\t\t\t\t<\/div>\n\t\t\t\t<div class=\"elementor-element elementor-element-58b2a58 elementor-widget elementor-widget-text-editor\" data-id=\"58b2a58\" data-element_type=\"widget\" data-e-type=\"widget\" data-widget_type=\"text-editor.default\">\n\t\t\t\t<div class=\"elementor-widget-container\">\n\t\t\t\t\t\t\t\t\t<p>Im Jahr 2005 erweckte eine neue Vision das historische Anwesen zu neuem Leben. Inspiriert von der Harmonie zwischen Tradition und Moderne, begannen die H\u00fcter des Anwesens mit der Restaurierung, wobei sie die Seele des Anwesens absolut respektierten. Die Steine, Zeugen jahrhundertelangen Lebens, wurden sorgf\u00e4ltig konserviert. Die R\u00e4ume wurden neu gestaltet, um die W\u00e4rme des Erbes mit zeitgen\u00f6ssischer Raffinesse zu verbinden. Jedes liebevoll gestaltete Detail erz\u00e4hlt die Geschichte der Weinberge, der Menschen und der Wurzeln, die uns mit diesem einzigartigen Land verbinden.<\/p>\t\t\t\t\t\t\t\t<\/div>\n\t\t\t\t<\/div>\n\t\t\t\t<\/div>\n\t\t\t\t<div class=\"elementor-element elementor-element-45bf208 elementor-widget-tablet__width-inherit elementor-widget elementor-widget-image\" data-id=\"45bf208\" data-element_type=\"widget\" data-e-type=\"widget\" data-widget_type=\"image.default\">\n\t\t\t\t<div class=\"elementor-widget-container\">\n\t\t\t\t\t\t\t\t\t\t\t\t\t\t\t<img decoding=\"async\" width=\"800\" height=\"534\" src=\"https:\/\/www.lesdeuxchevres.com\/wp-content\/uploads\/2025\/02\/Deux-Chevre-58-1024x683.jpg\" class=\"attachment-large size-large wp-image-5577\" alt=\"\" srcset=\"https:\/\/www.lesdeuxchevres.com\/wp-content\/uploads\/2025\/02\/Deux-Chevre-58-1024x683.jpg 1024w, https:\/\/www.lesdeuxchevres.com\/wp-content\/uploads\/2025\/02\/Deux-Chevre-58-300x200.jpg 300w, https:\/\/www.lesdeuxchevres.com\/wp-content\/uploads\/2025\/02\/Deux-Chevre-58-768x512.jpg 768w, https:\/\/www.lesdeuxchevres.com\/wp-content\/uploads\/2025\/02\/Deux-Chevre-58-1536x1024.jpg 1536w, https:\/\/www.lesdeuxchevres.com\/wp-content\/uploads\/2025\/02\/Deux-Chevre-58-2048x1365.jpg 2048w, https:\/\/www.lesdeuxchevres.com\/wp-content\/uploads\/2025\/02\/Deux-Chevre-58-18x12.jpg 18w\" sizes=\"(max-width: 800px) 100vw, 800px\" title=\"\">\t\t\t\t\t\t\t\t\t\t\t\t\t\t\t<\/div>\n\t\t\t\t<\/div>\n\t\t\t\t<\/div>\n\t\t\t\t<\/div>\n\t\t\t\t<\/div>\n\t\t<div class=\"elementor-element elementor-element-bb59c08 e-flex e-con-boxed e-con e-parent\" data-id=\"bb59c08\" data-element_type=\"container\" data-e-type=\"container\" data-settings=\"{&quot;background_background&quot;:&quot;classic&quot;}\">\n\t\t\t\t\t<div class=\"e-con-inner\">\n\t\t<div class=\"elementor-element elementor-element-498aed9 e-flex e-con-boxed e-con e-child\" data-id=\"498aed9\" data-element_type=\"container\" data-e-type=\"container\">\n\t\t\t\t\t<div class=\"e-con-inner\">\n\t\t<div class=\"elementor-element elementor-element-a83697c e-flex e-con-boxed e-con e-child\" data-id=\"a83697c\" data-element_type=\"container\" data-e-type=\"container\">\n\t\t\t\t\t<div class=\"e-con-inner\">\n\t\t\t\t<div class=\"elementor-element elementor-element-0335dfc animated-slow elementor-invisible elementor-widget elementor-widget-image\" data-id=\"0335dfc\" data-element_type=\"widget\" data-e-type=\"widget\" data-settings=\"{&quot;_animation&quot;:&quot;fadeIn&quot;,&quot;_animation_delay&quot;:500}\" data-widget_type=\"image.default\">\n\t\t\t\t<div class=\"elementor-widget-container\">\n\t\t\t\t\t\t\t\t\t\t\t\t\t\t\t\t<a href=\"#\">\n\t\t\t\t\t\t\t<img loading=\"lazy\" decoding=\"async\" width=\"2438\" height=\"1229\" src=\"https:\/\/www.lesdeuxchevres.com\/wp-content\/uploads\/2025\/01\/GettyImages-1466038912.jpg\" class=\"elementor-animation-sink attachment-full size-full wp-image-4287\" alt=\"\" srcset=\"https:\/\/www.lesdeuxchevres.com\/wp-content\/uploads\/2025\/01\/GettyImages-1466038912.jpg 2438w, https:\/\/www.lesdeuxchevres.com\/wp-content\/uploads\/2025\/01\/GettyImages-1466038912-300x151.jpg 300w, https:\/\/www.lesdeuxchevres.com\/wp-content\/uploads\/2025\/01\/GettyImages-1466038912-1024x516.jpg 1024w, https:\/\/www.lesdeuxchevres.com\/wp-content\/uploads\/2025\/01\/GettyImages-1466038912-768x387.jpg 768w, https:\/\/www.lesdeuxchevres.com\/wp-content\/uploads\/2025\/01\/GettyImages-1466038912-1536x774.jpg 1536w, https:\/\/www.lesdeuxchevres.com\/wp-content\/uploads\/2025\/01\/GettyImages-1466038912-2048x1032.jpg 2048w, https:\/\/www.lesdeuxchevres.com\/wp-content\/uploads\/2025\/01\/GettyImages-1466038912-18x9.jpg 18w\" sizes=\"(max-width: 2438px) 100vw, 2438px\" title=\"\">\t\t\t\t\t\t\t\t<\/a>\n\t\t\t\t\t\t\t\t\t\t\t\t\t\t\t<\/div>\n\t\t\t\t<\/div>\n\t\t<div class=\"elementor-element elementor-element-bbd8e82 e-flex e-con-boxed e-con e-child\" data-id=\"bbd8e82\" data-element_type=\"container\" data-e-type=\"container\" data-settings=\"{&quot;background_background&quot;:&quot;classic&quot;}\">\n\t\t\t\t\t<div class=\"e-con-inner\">\n\t\t<div class=\"elementor-element elementor-element-1903b94 e-flex e-con-boxed e-con e-child\" data-id=\"1903b94\" data-element_type=\"container\" data-e-type=\"container\" data-settings=\"{&quot;background_background&quot;:&quot;classic&quot;}\">\n\t\t\t\t\t<div class=\"e-con-inner\">\n\t\t\t\t<div class=\"elementor-element elementor-element-ab6e121 elementor-widget elementor-widget-heading\" data-id=\"ab6e121\" data-element_type=\"widget\" data-e-type=\"widget\" data-widget_type=\"heading.default\">\n\t\t\t\t<div class=\"elementor-widget-container\">\n\t\t\t\t\t<h3 class=\"elementor-heading-title elementor-size-default\">Eine heilige Verbindung zu Gevrey-Chambertin<\/h3>\t\t\t\t<\/div>\n\t\t\t\t<\/div>\n\t\t\t\t<div class=\"elementor-element elementor-element-5548e3c elementor-widget elementor-widget-text-editor\" data-id=\"5548e3c\" data-element_type=\"widget\" data-e-type=\"widget\" data-widget_type=\"text-editor.default\">\n\t\t\t\t<div class=\"elementor-widget-container\">\n\t\t\t\t\t\t\t\t\t<p>Unsere Wurzeln reichen tief in diesen fruchtbaren Boden hinein, wo die Grand Crus mit ihrer unvergleichlichen Eleganz entstehen.<\/p><p><br><\/p><p>Umgeben von den legend\u00e4ren Weinbergen von Gevrey-Chambertin zelebriert unser Haus die Quintessenz des Burgunds.&nbsp;<\/p><p><br><\/p><p>Hier ehrt alles die Erde: Von bet\u00f6renden Verkostungen bis hin zu den von den Jahreszeiten geformten Landschaften ist jeder Augenblick eine Begegnung mit der Ewigkeit.<\/p>\t\t\t\t\t\t\t\t<\/div>\n\t\t\t\t<\/div>\n\t\t\t\t\t<\/div>\n\t\t\t\t<\/div>\n\t\t\t\t\t<\/div>\n\t\t\t\t<\/div>\n\t\t\t\t\t<\/div>\n\t\t\t\t<\/div>\n\t\t<div class=\"elementor-element elementor-element-075b28a e-flex e-con-boxed e-con e-child\" data-id=\"075b28a\" data-element_type=\"container\" data-e-type=\"container\">\n\t\t\t\t\t<div class=\"e-con-inner\">\n\t\t\t\t<div class=\"elementor-element elementor-element-2af1045 animated-slow elementor-invisible elementor-widget elementor-widget-image\" data-id=\"2af1045\" data-element_type=\"widget\" data-e-type=\"widget\" data-settings=\"{&quot;_animation&quot;:&quot;fadeIn&quot;,&quot;_animation_delay&quot;:500}\" data-widget_type=\"image.default\">\n\t\t\t\t<div class=\"elementor-widget-container\">\n\t\t\t\t\t\t\t\t\t\t\t\t\t\t\t\t<a href=\"#\">\n\t\t\t\t\t\t\t<img loading=\"lazy\" decoding=\"async\" width=\"2560\" height=\"1639\" src=\"https:\/\/www.lesdeuxchevres.com\/wp-content\/uploads\/2025\/01\/Deux-Chevre-67-scaled.jpg\" class=\"elementor-animation-sink attachment-full size-full wp-image-3752\" alt=\"\" srcset=\"https:\/\/www.lesdeuxchevres.com\/wp-content\/uploads\/2025\/01\/Deux-Chevre-67-scaled.jpg 2560w, https:\/\/www.lesdeuxchevres.com\/wp-content\/uploads\/2025\/01\/Deux-Chevre-67-300x192.jpg 300w, https:\/\/www.lesdeuxchevres.com\/wp-content\/uploads\/2025\/01\/Deux-Chevre-67-1024x656.jpg 1024w, https:\/\/www.lesdeuxchevres.com\/wp-content\/uploads\/2025\/01\/Deux-Chevre-67-768x492.jpg 768w, https:\/\/www.lesdeuxchevres.com\/wp-content\/uploads\/2025\/01\/Deux-Chevre-67-1536x983.jpg 1536w, https:\/\/www.lesdeuxchevres.com\/wp-content\/uploads\/2025\/01\/Deux-Chevre-67-2048x1311.jpg 2048w, https:\/\/www.lesdeuxchevres.com\/wp-content\/uploads\/2025\/01\/Deux-Chevre-67-18x12.jpg 18w\" sizes=\"(max-width: 2560px) 100vw, 2560px\" title=\"\">\t\t\t\t\t\t\t\t<\/a>\n\t\t\t\t\t\t\t\t\t\t\t\t\t\t\t<\/div>\n\t\t\t\t<\/div>\n\t\t<div class=\"elementor-element elementor-element-294e5c0 e-flex e-con-boxed e-con e-child\" data-id=\"294e5c0\" data-element_type=\"container\" data-e-type=\"container\" data-settings=\"{&quot;background_background&quot;:&quot;classic&quot;}\">\n\t\t\t\t\t<div class=\"e-con-inner\">\n\t\t<div class=\"elementor-element elementor-element-afd99d5 e-flex e-con-boxed e-con e-child\" data-id=\"afd99d5\" data-element_type=\"container\" data-e-type=\"container\" data-settings=\"{&quot;background_background&quot;:&quot;classic&quot;}\">\n\t\t\t\t\t<div class=\"e-con-inner\">\n\t\t\t\t<div class=\"elementor-element elementor-element-13621f2 elementor-widget elementor-widget-heading\" data-id=\"13621f2\" data-element_type=\"widget\" data-e-type=\"widget\" data-widget_type=\"heading.default\">\n\t\t\t\t<div class=\"elementor-widget-container\">\n\t\t\t\t\t<h3 class=\"elementor-heading-title elementor-size-default\">Bewahren, weitergeben, sublimieren<\/h3>\t\t\t\t<\/div>\n\t\t\t\t<\/div>\n\t\t\t\t<div class=\"elementor-element elementor-element-fe4fcc8 elementor-widget elementor-widget-text-editor\" data-id=\"fe4fcc8\" data-element_type=\"widget\" data-e-type=\"widget\" data-widget_type=\"text-editor.default\">\n\t\t\t\t<div class=\"elementor-widget-container\">\n\t\t\t\t\t\t\t\t\t<p>Heute haben wir das Privileg, Ihnen die T\u00fcren zu einem Ort zu \u00f6ffnen, an dem die Vergangenheit mit der Gegenwart in Dialog tritt.\u00a0<\/p><p>\u00a0<\/p><p>Jeder Aufenthalt ist ein Eintauchen in die Seele des Burgunds: Eine Feier der Weine, die Botschafter dieses au\u00dfergew\u00f6hnlichen Landes sind.<\/p><p>\u00a0<\/p><p>Eine Erkundung der Landschaften, die von zeitloser Sch\u00f6nheit zeugen. Eine Begegnung mit der Geschichte, die in jeden Stein und jeden Geschmack eingeschrieben ist.<\/p>\t\t\t\t\t\t\t\t<\/div>\n\t\t\t\t<\/div>\n\t\t\t\t\t<\/div>\n\t\t\t\t<\/div>\n\t\t\t\t\t<\/div>\n\t\t\t\t<\/div>\n\t\t\t\t\t<\/div>\n\t\t\t\t<\/div>\n\t\t<div class=\"elementor-element elementor-element-26362a9 e-con-full e-flex e-con e-child\" data-id=\"26362a9\" data-element_type=\"container\" data-e-type=\"container\">\n\t\t\t\t<div class=\"elementor-element elementor-element-557e8fc animated-slow elementor-invisible elementor-widget elementor-widget-image\" data-id=\"557e8fc\" data-element_type=\"widget\" data-e-type=\"widget\" data-settings=\"{&quot;_animation&quot;:&quot;fadeIn&quot;,&quot;_animation_delay&quot;:500}\" data-widget_type=\"image.default\">\n\t\t\t\t<div class=\"elementor-widget-container\">\n\t\t\t\t\t\t\t\t\t\t\t\t\t\t\t\t<a href=\"#\">\n\t\t\t\t\t\t\t<img loading=\"lazy\" decoding=\"async\" width=\"2560\" height=\"1707\" src=\"https:\/\/www.lesdeuxchevres.com\/wp-content\/uploads\/2025\/01\/karsten-wurth-49aQgxkOrO4-unsplash-scaled.jpg\" class=\"elementor-animation-sink attachment-full size-full wp-image-3767\" alt=\"\" srcset=\"https:\/\/www.lesdeuxchevres.com\/wp-content\/uploads\/2025\/01\/karsten-wurth-49aQgxkOrO4-unsplash-scaled.jpg 2560w, https:\/\/www.lesdeuxchevres.com\/wp-content\/uploads\/2025\/01\/karsten-wurth-49aQgxkOrO4-unsplash-300x200.jpg 300w, https:\/\/www.lesdeuxchevres.com\/wp-content\/uploads\/2025\/01\/karsten-wurth-49aQgxkOrO4-unsplash-1024x683.jpg 1024w, https:\/\/www.lesdeuxchevres.com\/wp-content\/uploads\/2025\/01\/karsten-wurth-49aQgxkOrO4-unsplash-768x512.jpg 768w, https:\/\/www.lesdeuxchevres.com\/wp-content\/uploads\/2025\/01\/karsten-wurth-49aQgxkOrO4-unsplash-1536x1024.jpg 1536w, https:\/\/www.lesdeuxchevres.com\/wp-content\/uploads\/2025\/01\/karsten-wurth-49aQgxkOrO4-unsplash-2048x1365.jpg 2048w, https:\/\/www.lesdeuxchevres.com\/wp-content\/uploads\/2025\/01\/karsten-wurth-49aQgxkOrO4-unsplash-18x12.jpg 18w\" sizes=\"(max-width: 2560px) 100vw, 2560px\" title=\"\">\t\t\t\t\t\t\t\t<\/a>\n\t\t\t\t\t\t\t\t\t\t\t\t\t\t\t<\/div>\n\t\t\t\t<\/div>\n\t\t<div class=\"elementor-element elementor-element-bffedb9 e-flex e-con-boxed e-con e-child\" data-id=\"bffedb9\" data-element_type=\"container\" data-e-type=\"container\" data-settings=\"{&quot;background_background&quot;:&quot;classic&quot;}\">\n\t\t\t\t\t<div class=\"e-con-inner\">\n\t\t<div class=\"elementor-element elementor-element-291d5f8 e-flex e-con-boxed e-con e-child\" data-id=\"291d5f8\" data-element_type=\"container\" data-e-type=\"container\" data-settings=\"{&quot;background_background&quot;:&quot;classic&quot;}\">\n\t\t\t\t\t<div class=\"e-con-inner\">\n\t\t\t\t<div class=\"elementor-element elementor-element-822dc42 elementor-widget elementor-widget-heading\" data-id=\"822dc42\" data-element_type=\"widget\" data-e-type=\"widget\" data-widget_type=\"heading.default\">\n\t\t\t\t<div class=\"elementor-widget-container\">\n\t\t\t\t\t<h3 class=\"elementor-heading-title elementor-size-default\">Ein Erbe, das weiterlebt<\/h3>\t\t\t\t<\/div>\n\t\t\t\t<\/div>\n\t\t\t\t<div class=\"elementor-element elementor-element-d27086f elementor-widget elementor-widget-text-editor\" data-id=\"d27086f\" data-element_type=\"widget\" data-e-type=\"widget\" data-widget_type=\"text-editor.default\">\n\t\t\t\t<div class=\"elementor-widget-container\">\n\t\t\t\t\t\t\t\t\t<p>Unsere Philosophie, \"Unsere Wurzeln\", geht \u00fcber die Mauern des Anwesens hinaus. Es ist eine Mission: die Authentizit\u00e4t zu bewahren und gleichzeitig dieses Erbe in der ganzen Welt zum Leuchten zu bringen.\u00a0<\/p><p>\u00a0<\/p><p>Durch einzigartige und unvergessliche Erlebnisse laden wir Sie dazu ein, H\u00fcter eines lebendigen Erbes zu werden.\u00a0<\/p><p>\u00a0<\/p><p>Wenn Sie unsere Schwelle \u00fcberschreiten, sind Sie nicht einfach nur ein Gast: Sie werden zu einem wesentlichen Teil dieser Geschichte.\u00a0<\/p><p>\u00a0<\/p><p>Lassen Sie uns gemeinsam ein neues Kapitel schreiben, das von Respekt, Raffinesse und der Liebe zu diesem unvergleichlichen Land gepr\u00e4gt ist.<\/p>\t\t\t\t\t\t\t\t<\/div>\n\t\t\t\t<\/div>\n\t\t\t\t\t<\/div>\n\t\t\t\t<\/div>\n\t\t\t\t\t<\/div>\n\t\t\t\t<\/div>\n\t\t\t\t<\/div>\n\t\t\t\t\t<\/div>\n\t\t\t\t<\/div>\n\t\t\t\t\t<\/div>\n\t\t\t\t<\/div>\n\t\t\t\t<\/div>","protected":false},"excerpt":{"rendered":"<p>Nos racines Une histoire tiss\u00e9e par le temps Chaque pierre, chaque cep, chaque arbre enracin\u00e9 autour de notre domaine murmure les secrets d\u2019un pass\u00e9 noble et intemporel. Depuis ses modestes d\u00e9buts jusqu\u2019\u00e0 son incarnation actuelle en un \u00e9crin de luxe et d\u2019authenticit\u00e9, notre propri\u00e9t\u00e9 raconte l\u2019histoire vibrante de Gevrey-Chambertin, berceau de grands crus et joyau [&hellip;]<\/p>\n","protected":false},"author":8,"featured_media":0,"parent":61,"menu_order":0,"comment_status":"closed","ping_status":"closed","template":"","meta":{"_acf_changed":false,"inline_featured_image":false,"footnotes":""},"class_list":["post-3891","page","type-page","status-publish","hentry"],"acf":[],"_links":{"self":[{"href":"https:\/\/www.lesdeuxchevres.com\/de\/wp-json\/wp\/v2\/pages\/3891","targetHints":{"allow":["GET"]}}],"collection":[{"href":"https:\/\/www.lesdeuxchevres.com\/de\/wp-json\/wp\/v2\/pages"}],"about":[{"href":"https:\/\/www.lesdeuxchevres.com\/de\/wp-json\/wp\/v2\/types\/page"}],"author":[{"embeddable":true,"href":"https:\/\/www.lesdeuxchevres.com\/de\/wp-json\/wp\/v2\/users\/8"}],"replies":[{"embeddable":true,"href":"https:\/\/www.lesdeuxchevres.com\/de\/wp-json\/wp\/v2\/comments?post=3891"}],"version-history":[{"count":70,"href":"https:\/\/www.lesdeuxchevres.com\/de\/wp-json\/wp\/v2\/pages\/3891\/revisions"}],"predecessor-version":[{"id":6558,"href":"https:\/\/www.lesdeuxchevres.com\/de\/wp-json\/wp\/v2\/pages\/3891\/revisions\/6558"}],"up":[{"embeddable":true,"href":"https:\/\/www.lesdeuxchevres.com\/de\/wp-json\/wp\/v2\/pages\/61"}],"wp:attachment":[{"href":"https:\/\/www.lesdeuxchevres.com\/de\/wp-json\/wp\/v2\/media?parent=3891"}],"curies":[{"name":"wp","href":"https:\/\/api.w.org\/{rel}","templated":true}]}}